{"id":117,"date":"2017-05-31T14:59:43","date_gmt":"2017-05-31T13:59:43","guid":{"rendered":"https:\/\/grizzlyduhainaut.wordpress.com\/?page_id=117"},"modified":"2024-08-27T15:01:58","modified_gmt":"2024-08-27T14:01:58","slug":"inscription","status":"publish","type":"page","link":"https:\/\/grizzlysduhainaut.fr\/index.php\/inscription\/","title":{"rendered":"INSCRIPTION AU CLUB"},"content":{"rendered":"<div id=\"pl-117\"  class=\"panel-layout\" ><div id=\"pg-117-0\"  class=\"panel-grid panel-no-style\" ><div id=\"pgc-117-0-0\"  class=\"panel-grid-cell\" ><div id=\"panel-117-0-0-0\" class=\"so-panel widget widget_sow-editor panel-first-child panel-last-child\" data-index=\"0\" ><div\n\t\t\t\n\t\t\tclass=\"so-widget-sow-editor so-widget-sow-editor-base\"\n\t\t\t\n\t\t>\n<div class=\"siteorigin-widget-tinymce textwidget\">\n\t<h6>L'inscription est ouverte \u00e0 toute personne de plus de 9 ans, homme ou femme.<\/h6>\n<h6>Avant inscription, le club vous offre la possibilit\u00e9 de venir tester le floorball en participant \u00e0 3 entra\u00eenements gratuitement (le club pr\u00eate la crosse et les balles).<\/h6>\n<\/div>\n<\/div><\/div><\/div><\/div><div id=\"pg-117-1\"  class=\"panel-grid panel-no-style\" ><div id=\"pgc-117-1-0\"  class=\"panel-grid-cell\" ><div id=\"panel-117-1-0-0\" class=\"so-panel widget widget_sow-editor panel-first-child panel-last-child\" data-index=\"1\" ><div class=\"panel-widget-style panel-widget-style-for-117-1-0-0\" ><div\n\t\t\t\n\t\t\tclass=\"so-widget-sow-editor so-widget-sow-editor-base\"\n\t\t\t\n\t\t>\n<div class=\"siteorigin-widget-tinymce textwidget\">\n\t<h4><b><span style=\"color: #333333\">ADULTES <\/span>(+ de 15 <span style=\"color: #333333\">ans)<\/span><\/b><\/h4>\n<p><span class=\"color_9\">Cotisation <em>(inclut la licence de la F\u00e9d\u00e9ration Fran\u00e7aise de Floorball) :<br \/>\n<\/em><\/span><\/p>\n<ul>\n<li><strong>Tarif\u00a0 loisir : 80\u20ac<\/strong> - participation aux entra\u00eenements et matches amicaux<\/li>\n<li><strong>Tarif comp\u00e9tition : 100\u20ac<\/strong> - idem loisir + s\u00e9lectionnable pour le championnat de France (mixte)<\/li>\n<li><strong>Etudiant et demandeurs d'emploi : 50\u20ac<\/strong> - idem comp\u00e9tition<\/li>\n<\/ul>\n<p><span class=\"color_9\">L'inscription au championnat doit \u00eatre faite (par le club) avant fin f\u00e9vrier et u<\/span><span class=\"color_9\">n certificat m\u00e9dical de non contre-indication \u00e0 la pratique du floorball en comp\u00e9tition de moins de 3 mois doit \u00eatre fourni.<\/span><\/p>\n<\/div>\n<\/div><\/div><\/div><\/div><div id=\"pgc-117-1-1\"  class=\"panel-grid-cell\" ><div id=\"panel-117-1-1-0\" class=\"so-panel widget widget_sow-editor panel-first-child panel-last-child\" data-index=\"2\" ><div class=\"panel-widget-style panel-widget-style-for-117-1-1-0\" ><div\n\t\t\t\n\t\t\tclass=\"so-widget-sow-editor so-widget-sow-editor-base\"\n\t\t\t\n\t\t>\n<div class=\"siteorigin-widget-tinymce textwidget\">\n\t<h4><span style=\"font-family: Oswald, sans-serif\"><b>JEUNES (9-15 ANS)<\/b><\/span><\/h4>\n<p><span class=\"color_9\">Cotisation <em>(inclut la licence de la F\u00e9d\u00e9ration Fran\u00e7aise de Floorball) :<br \/>\n<\/em><\/span><\/p>\n<ul>\n<li><strong>40\u20ac<\/strong><\/li>\n<\/ul>\n<p><span class=\"color_9\">Participation aux entra\u00eenements, matches amicaux.<br \/>\n<\/span><span class=\"color_9\">Participation au championnat r\u00e9gional (mixte) pour les plus de 12 ans.\u00a0<\/span><\/p>\n<p><span class=\"color_9\">L'inscription au championnat doit \u00eatre faite (par le club) avant fin f\u00e9vrier et u<\/span><span class=\"color_9\">n certificat m\u00e9dical de non contre-indication \u00e0 la pratique du floorball en comp\u00e9tition de moins de 3 mois doit \u00eatre fourni.<\/span><\/p>\n<\/div>\n<\/div><\/div><\/div><\/div><\/div><div id=\"pg-117-2\"  class=\"panel-grid panel-no-style\" ><div id=\"pgc-117-2-0\"  class=\"panel-grid-cell\" ><div id=\"panel-117-2-0-0\" class=\"so-panel widget widget_sow-editor panel-first-child panel-last-child\" data-index=\"3\" ><div\n\t\t\t\n\t\t\tclass=\"so-widget-sow-editor so-widget-sow-editor-base\"\n\t\t\t\n\t\t>\n<div class=\"siteorigin-widget-tinymce textwidget\">\n\t<h6 style=\"text-align: left\"><span class=\"color_9\"><em><span style=\"color: #800000\">Pour les Mineurs<\/span>, Veuillez :<br \/>\n<\/em><\/span><span class=\"color_9\"><em>- <\/em>T\u00e9l\u00e9charger le formulaire d'inscription papier en cliquant <span style=\"color: #ff0000\"><a style=\"color: #ff0000\" href=\"http:\/\/grizzlysduhainaut.fr\/wp-content\/uploads\/2024\/08\/Dossier-inscription-2024_2025.pdf\"><em>ici<\/em><\/a><\/span> (\u00e0 retourner au club en m\u00eame temps que le paiement de la cotisation)<br \/>\n<\/span><span class=\"color_9\">- ou remplir le formulaire en ligne suivant <span style=\"color: #ff0000\">:<em> <a style=\"color: #ff0000\" href=\"https:\/\/grizzlysduhainaut.fr\/index.php\/formulaire-inscription-mineurs\/\">FORMULAIRE MINEURS 2024-2025<\/a><\/em><\/span><\/span><\/h6>\n<h6><span style=\"color: #800000\">Pour les adultes<\/span>, merci de remplir le formulaire en ligne suivant :<em><span style=\"color: #ff0000\"> <a style=\"color: #ff0000\" href=\"http:\/\/grizzlysduhainaut.fr\/index.php\/formulaire-inscription-adultes\/\">Formulaire MAJEURS 2024-2025<\/a><\/span><\/em><\/h6>\n<\/div>\n<\/div><\/div><\/div><\/div><\/div>","protected":false},"excerpt":{"rendered":"<p>L&rsquo;inscription est ouverte \u00e0 toute personne de plus de 9 ans, homme ou femme. Avant inscription, le club vous offre la possibilit\u00e9 de venir tester le floorball en participant \u00e0 3 entra\u00eenements gratuitement (le club pr\u00eate la crosse et les balles). ADULTES (+ de 15 ans) Cotisation (inclut la licence de la F\u00e9d\u00e9ration Fran\u00e7aise de [&hellip;]<\/p>\n","protected":false},"author":2,"featured_media":0,"parent":0,"menu_order":0,"comment_status":"closed","ping_status":"closed","template":"template-fullwidth.php","meta":{"footnotes":""},"class_list":["post-117","page","type-page","status-publish","hentry"],"yoast_head":"<!-- This site is optimized with the Yoast SEO plugin v23.5 - https:\/\/yoast.com\/wordpress\/plugins\/seo\/ -->\n<title>Inscription au club - Grizzlys du Hainaut<\/title>\n<meta name=\"description\" content=\"Retrouvez toutes les modalit\u00e9s d&#039;inscription au club de floorball des Grizzlys du Hainaut de Qui\u00e9vrechain sur cette page, section jeunes et section adultes.\" \/>\n<meta name=\"robots\" content=\"index, follow, max-snippet:-1, max-image-preview:large, max-video-preview:-1\" \/>\n<link rel=\"canonical\" href=\"https:\/\/grizzlysduhainaut.fr\/index.php\/inscription\/\" \/>\n<meta property=\"og:locale\" content=\"fr_FR\" \/>\n<meta property=\"og:type\" content=\"article\" \/>\n<meta property=\"og:title\" content=\"Inscription au club - Grizzlys du Hainaut\" \/>\n<meta property=\"og:description\" content=\"Retrouvez toutes les modalit\u00e9s d&#039;inscription au club de floorball des Grizzlys du Hainaut de Qui\u00e9vrechain sur cette page, section jeunes et section adultes.\" \/>\n<meta property=\"og:url\" content=\"https:\/\/grizzlysduhainaut.fr\/index.php\/inscription\/\" \/>\n<meta property=\"og:site_name\" content=\"Grizzlys du Hainaut\" \/>\n<meta property=\"article:publisher\" content=\"https:\/\/www.facebook.com\/Grizzlys.du.hainaut\/\" \/>\n<meta property=\"article:modified_time\" content=\"2024-08-27T14:01:58+00:00\" \/>\n<meta name=\"twitter:card\" content=\"summary_large_image\" \/>\n<meta name=\"twitter:label1\" content=\"Dur\u00e9e de lecture estim\u00e9e\" \/>\n\t<meta name=\"twitter:data1\" content=\"2 minutes\" \/>\n<script type=\"application\/ld+json\" class=\"yoast-schema-graph\">{\"@context\":\"https:\/\/schema.org\",\"@graph\":[{\"@type\":\"WebPage\",\"@id\":\"https:\/\/grizzlysduhainaut.fr\/index.php\/inscription\/\",\"url\":\"https:\/\/grizzlysduhainaut.fr\/index.php\/inscription\/\",\"name\":\"Inscription au club - Grizzlys du Hainaut\",\"isPartOf\":{\"@id\":\"https:\/\/grizzlysduhainaut.fr\/#website\"},\"datePublished\":\"2017-05-31T13:59:43+00:00\",\"dateModified\":\"2024-08-27T14:01:58+00:00\",\"description\":\"Retrouvez toutes les modalit\u00e9s d'inscription au club de floorball des Grizzlys du Hainaut de Qui\u00e9vrechain sur cette page, section jeunes et section adultes.\",\"breadcrumb\":{\"@id\":\"https:\/\/grizzlysduhainaut.fr\/index.php\/inscription\/#breadcrumb\"},\"inLanguage\":\"fr-FR\",\"potentialAction\":[{\"@type\":\"ReadAction\",\"target\":[\"https:\/\/grizzlysduhainaut.fr\/index.php\/inscription\/\"]}]},{\"@type\":\"BreadcrumbList\",\"@id\":\"https:\/\/grizzlysduhainaut.fr\/index.php\/inscription\/#breadcrumb\",\"itemListElement\":[{\"@type\":\"ListItem\",\"position\":1,\"name\":\"Accueil\",\"item\":\"https:\/\/grizzlysduhainaut.fr\/\"},{\"@type\":\"ListItem\",\"position\":2,\"name\":\"INSCRIPTION AU CLUB\"}]},{\"@type\":\"WebSite\",\"@id\":\"https:\/\/grizzlysduhainaut.fr\/#website\",\"url\":\"https:\/\/grizzlysduhainaut.fr\/\",\"name\":\"Grizzlys du Hainaut\",\"description\":\"L&#039;\u00e9quipe de Floorball de Qui\u00e9vrechain\",\"potentialAction\":[{\"@type\":\"SearchAction\",\"target\":{\"@type\":\"EntryPoint\",\"urlTemplate\":\"https:\/\/grizzlysduhainaut.fr\/?s={search_term_string}\"},\"query-input\":{\"@type\":\"PropertyValueSpecification\",\"valueRequired\":true,\"valueName\":\"search_term_string\"}}],\"inLanguage\":\"fr-FR\"}]}<\/script>\n<!-- \/ Yoast SEO plugin. -->","yoast_head_json":{"title":"Inscription au club - Grizzlys du Hainaut","description":"Retrouvez toutes les modalit\u00e9s d'inscription au club de floorball des Grizzlys du Hainaut de Qui\u00e9vrechain sur cette page, section jeunes et section adultes.","robots":{"index":"index","follow":"follow","max-snippet":"max-snippet:-1","max-image-preview":"max-image-preview:large","max-video-preview":"max-video-preview:-1"},"canonical":"https:\/\/grizzlysduhainaut.fr\/index.php\/inscription\/","og_locale":"fr_FR","og_type":"article","og_title":"Inscription au club - Grizzlys du Hainaut","og_description":"Retrouvez toutes les modalit\u00e9s d'inscription au club de floorball des Grizzlys du Hainaut de Qui\u00e9vrechain sur cette page, section jeunes et section adultes.","og_url":"https:\/\/grizzlysduhainaut.fr\/index.php\/inscription\/","og_site_name":"Grizzlys du Hainaut","article_publisher":"https:\/\/www.facebook.com\/Grizzlys.du.hainaut\/","article_modified_time":"2024-08-27T14:01:58+00:00","twitter_card":"summary_large_image","twitter_misc":{"Dur\u00e9e de lecture estim\u00e9e":"2 minutes"},"schema":{"@context":"https:\/\/schema.org","@graph":[{"@type":"WebPage","@id":"https:\/\/grizzlysduhainaut.fr\/index.php\/inscription\/","url":"https:\/\/grizzlysduhainaut.fr\/index.php\/inscription\/","name":"Inscription au club - Grizzlys du Hainaut","isPartOf":{"@id":"https:\/\/grizzlysduhainaut.fr\/#website"},"datePublished":"2017-05-31T13:59:43+00:00","dateModified":"2024-08-27T14:01:58+00:00","description":"Retrouvez toutes les modalit\u00e9s d'inscription au club de floorball des Grizzlys du Hainaut de Qui\u00e9vrechain sur cette page, section jeunes et section adultes.","breadcrumb":{"@id":"https:\/\/grizzlysduhainaut.fr\/index.php\/inscription\/#breadcrumb"},"inLanguage":"fr-FR","potentialAction":[{"@type":"ReadAction","target":["https:\/\/grizzlysduhainaut.fr\/index.php\/inscription\/"]}]},{"@type":"BreadcrumbList","@id":"https:\/\/grizzlysduhainaut.fr\/index.php\/inscription\/#breadcrumb","itemListElement":[{"@type":"ListItem","position":1,"name":"Accueil","item":"https:\/\/grizzlysduhainaut.fr\/"},{"@type":"ListItem","position":2,"name":"INSCRIPTION AU CLUB"}]},{"@type":"WebSite","@id":"https:\/\/grizzlysduhainaut.fr\/#website","url":"https:\/\/grizzlysduhainaut.fr\/","name":"Grizzlys du Hainaut","description":"L&#039;\u00e9quipe de Floorball de Qui\u00e9vrechain","potentialAction":[{"@type":"SearchAction","target":{"@type":"EntryPoint","urlTemplate":"https:\/\/grizzlysduhainaut.fr\/?s={search_term_string}"},"query-input":{"@type":"PropertyValueSpecification","valueRequired":true,"valueName":"search_term_string"}}],"inLanguage":"fr-FR"}]}},"_links":{"self":[{"href":"https:\/\/grizzlysduhainaut.fr\/index.php\/wp-json\/wp\/v2\/pages\/117"}],"collection":[{"href":"https:\/\/grizzlysduhainaut.fr\/index.php\/wp-json\/wp\/v2\/pages"}],"about":[{"href":"https:\/\/grizzlysduhainaut.fr\/index.php\/wp-json\/wp\/v2\/types\/page"}],"author":[{"embeddable":true,"href":"https:\/\/grizzlysduhainaut.fr\/index.php\/wp-json\/wp\/v2\/users\/2"}],"replies":[{"embeddable":true,"href":"https:\/\/grizzlysduhainaut.fr\/index.php\/wp-json\/wp\/v2\/comments?post=117"}],"version-history":[{"count":173,"href":"https:\/\/grizzlysduhainaut.fr\/index.php\/wp-json\/wp\/v2\/pages\/117\/revisions"}],"predecessor-version":[{"id":3054,"href":"https:\/\/grizzlysduhainaut.fr\/index.php\/wp-json\/wp\/v2\/pages\/117\/revisions\/3054"}],"wp:attachment":[{"href":"https:\/\/grizzlysduhainaut.fr\/index.php\/wp-json\/wp\/v2\/media?parent=117"}],"curies":[{"name":"wp","href":"https:\/\/api.w.org\/{rel}","templated":true}]}}