{"id":153,"date":"2017-05-31T15:39:49","date_gmt":"2017-05-31T14:39:49","guid":{"rendered":"https:\/\/grizzlyduhainaut.wordpress.com\/?page_id=153"},"modified":"2022-09-06T10:14:08","modified_gmt":"2022-09-06T09:14:08","slug":"championnat-grizzlys","status":"publish","type":"page","link":"https:\/\/grizzlysduhainaut.fr\/index.php\/championnat-grizzlys\/","title":{"rendered":"CHAMPIONNATS"},"content":{"rendered":"<p>Les Grizzlys du Hainaut participent \u00e0 deux championnats cette saison :<\/p>\n<h6>&#8211; le <strong><a href=\"https:\/\/grizzlysduhainaut.fr\/index.php\/juniors\/\">Championnat r\u00e9gional jeune<\/a><\/strong><\/h6>\n<p>Les jeunes Grizzlys y affrontent les Hoplites d&rsquo;Ambiani (Amiens), les Nordiques de Tourcoing, et les Phoenix de Wasquehal.<\/p>\n<p><img loading=\"lazy\" decoding=\"async\" class=\"alignnone wp-image-33\" src=\"https:\/\/grizzlysduhainaut.fr\/wp-content\/uploads\/2017\/05\/logo-grizzly.png\" alt=\"Logo Grizzly\" width=\"117\" height=\"91\" \/><a href=\"http:\/\/amiens-floorball.fr\/\" target=\"_blank\" rel=\"noopener\"><img loading=\"lazy\" decoding=\"async\" class=\"alignnone wp-image-358\" src=\"https:\/\/grizzlysduhainaut.fr\/wp-content\/uploads\/2017\/06\/Hoplites-2-logo.png\" alt=\"Hoplites d'Ambiani\" width=\"91\" height=\"91\" srcset=\"https:\/\/grizzlysduhainaut.fr\/wp-content\/uploads\/2017\/06\/Hoplites-2-logo.png 778w, https:\/\/grizzlysduhainaut.fr\/wp-content\/uploads\/2017\/06\/Hoplites-2-logo-150x150.png 150w, https:\/\/grizzlysduhainaut.fr\/wp-content\/uploads\/2017\/06\/Hoplites-2-logo-300x300.png 300w, https:\/\/grizzlysduhainaut.fr\/wp-content\/uploads\/2017\/06\/Hoplites-2-logo-768x768.png 768w, https:\/\/grizzlysduhainaut.fr\/wp-content\/uploads\/2017\/06\/Hoplites-2-logo-128x128.png 128w, https:\/\/grizzlysduhainaut.fr\/wp-content\/uploads\/2017\/06\/Hoplites-2-logo-32x32.png 32w\" sizes=\"(max-width: 91px) 100vw, 91px\" \/><\/a>\u00a0\u00a0\u00a0<img loading=\"lazy\" decoding=\"async\" class=\"alignnone wp-image-1125\" src=\"https:\/\/grizzlysduhainaut.fr\/wp-content\/uploads\/2017\/07\/Logo-Nordiques.png\" alt=\"logo Nordiques de Tourcoing\" width=\"91\" height=\"89\" srcset=\"https:\/\/grizzlysduhainaut.fr\/wp-content\/uploads\/2017\/07\/Logo-Nordiques.png 500w, https:\/\/grizzlysduhainaut.fr\/wp-content\/uploads\/2017\/07\/Logo-Nordiques-300x294.png 300w, https:\/\/grizzlysduhainaut.fr\/wp-content\/uploads\/2017\/07\/Logo-Nordiques-128x125.png 128w, https:\/\/grizzlysduhainaut.fr\/wp-content\/uploads\/2017\/07\/Logo-Nordiques-32x32.png 32w\" sizes=\"(max-width: 91px) 100vw, 91px\" \/>\u00a0 <img loading=\"lazy\" decoding=\"async\" class=\"alignnone  wp-image-364\" src=\"https:\/\/grizzlysduhainaut.fr\/wp-content\/uploads\/2017\/06\/te\u0301le\u0301chargement.png\" alt=\"logo wasquehal\" width=\"89\" height=\"89\" srcset=\"https:\/\/grizzlysduhainaut.fr\/wp-content\/uploads\/2017\/06\/te\u0301le\u0301chargement.png 224w, https:\/\/grizzlysduhainaut.fr\/wp-content\/uploads\/2017\/06\/te\u0301le\u0301chargement-150x150.png 150w, https:\/\/grizzlysduhainaut.fr\/wp-content\/uploads\/2017\/06\/te\u0301le\u0301chargement-128x128.png 128w, https:\/\/grizzlysduhainaut.fr\/wp-content\/uploads\/2017\/06\/te\u0301le\u0301chargement-32x32.png 32w\" sizes=\"(max-width: 89px) 100vw, 89px\" \/><\/p>\n<h6>&#8211; La <strong><a href=\"https:\/\/grizzlysduhainaut.fr\/index.php\/seniors\/\">Nationale 2 s\u00e9niors<\/a><\/strong><\/h6>\n<p>Les adultes jouent au 2\u00e8me \u00e9chelon national, d\u00e9coup\u00e9 en 3 poules. Les Grizzlys affrontent les autres pensionnaires de la poule Nord : Caen, Strasbourg, Tourcoing. La deuxi\u00e8me partie de saison sera consacr\u00e9e aux play-offs \/ plays-downs avec des adversaires des poules Ouest et Sud.<\/p>\n<p><img loading=\"lazy\" decoding=\"async\" class=\"alignnone wp-image-135\" src=\"https:\/\/grizzlysduhainaut.fr\/wp-content\/uploads\/2017\/05\/cropped-logo-grizzly-e1527075151853.png\" alt=\"Grizzlys du Hainaut\" width=\"90\" height=\"60\" \/>\u00a0 <img loading=\"lazy\" decoding=\"async\" class=\"alignnone  wp-image-355\" src=\"https:\/\/grizzlysduhainaut.fr\/wp-content\/uploads\/2017\/06\/LogoFloorballClubCaen-300x116.png\" alt=\"Logo Floorball Club Caen\" width=\"181\" height=\"70\" srcset=\"https:\/\/grizzlysduhainaut.fr\/wp-content\/uploads\/2017\/06\/LogoFloorballClubCaen-300x116.png 300w, https:\/\/grizzlysduhainaut.fr\/wp-content\/uploads\/2017\/06\/LogoFloorballClubCaen-768x298.png 768w, https:\/\/grizzlysduhainaut.fr\/wp-content\/uploads\/2017\/06\/LogoFloorballClubCaen-128x50.png 128w, https:\/\/grizzlysduhainaut.fr\/wp-content\/uploads\/2017\/06\/LogoFloorballClubCaen-32x12.png 32w, https:\/\/grizzlysduhainaut.fr\/wp-content\/uploads\/2017\/06\/LogoFloorballClubCaen.png 999w\" sizes=\"(max-width: 181px) 100vw, 181px\" \/><img loading=\"lazy\" decoding=\"async\" class=\"alignnone wp-image-2572 \" src=\"https:\/\/grizzlysduhainaut.fr\/wp-content\/uploads\/2020\/09\/Logo-Strasbourg.png\" alt=\"\" width=\"127\" height=\"97\" srcset=\"https:\/\/grizzlysduhainaut.fr\/wp-content\/uploads\/2020\/09\/Logo-Strasbourg.png 200w, https:\/\/grizzlysduhainaut.fr\/wp-content\/uploads\/2020\/09\/Logo-Strasbourg-128x98.png 128w, https:\/\/grizzlysduhainaut.fr\/wp-content\/uploads\/2020\/09\/Logo-Strasbourg-32x24.png 32w\" sizes=\"(max-width: 127px) 100vw, 127px\" \/><img loading=\"lazy\" decoding=\"async\" class=\"alignnone  wp-image-1125\" src=\"https:\/\/grizzlysduhainaut.fr\/wp-content\/uploads\/2017\/07\/Logo-Nordiques-300x294.png\" alt=\"Logo Nordiques de Tourcoing\" width=\"91\" height=\"89\" srcset=\"https:\/\/grizzlysduhainaut.fr\/wp-content\/uploads\/2017\/07\/Logo-Nordiques-300x294.png 300w, https:\/\/grizzlysduhainaut.fr\/wp-content\/uploads\/2017\/07\/Logo-Nordiques-128x125.png 128w, https:\/\/grizzlysduhainaut.fr\/wp-content\/uploads\/2017\/07\/Logo-Nordiques-32x32.png 32w, https:\/\/grizzlysduhainaut.fr\/wp-content\/uploads\/2017\/07\/Logo-Nordiques.png 500w\" sizes=\"(max-width: 91px) 100vw, 91px\" \/><\/p>\n<p style=\"text-align: center\"><span style=\"color: #808080\"><strong>\u00a0<\/strong><\/span><\/p>\n","protected":false},"excerpt":{"rendered":"<p>Les Grizzlys du Hainaut participent \u00e0 deux championnats cette saison : &#8211; le Championnat r\u00e9gional jeune Les jeunes Grizzlys y affrontent les Hoplites d&rsquo;Ambiani (Amiens), les Nordiques de Tourcoing, et les Phoenix de Wasquehal. \u00a0\u00a0\u00a0\u00a0 &#8211; La Nationale 2 s\u00e9niors Les adultes jouent au 2\u00e8me \u00e9chelon national, d\u00e9coup\u00e9 en 3 poules. Les Grizzlys affrontent les [&hellip;]<\/p>\n","protected":false},"author":2,"featured_media":0,"parent":0,"menu_order":0,"comment_status":"closed","ping_status":"closed","template":"","meta":{"footnotes":""},"class_list":["post-153","page","type-page","status-publish","hentry"],"yoast_head":"<!-- This site is optimized with the Yoast SEO plugin v23.5 - https:\/\/yoast.com\/wordpress\/plugins\/seo\/ -->\n<title>CHAMPIONNATS - Grizzlys du Hainaut<\/title>\n<meta name=\"robots\" content=\"index, follow, max-snippet:-1, max-image-preview:large, max-video-preview:-1\" \/>\n<link rel=\"canonical\" href=\"https:\/\/grizzlysduhainaut.fr\/index.php\/championnat-grizzlys\/\" \/>\n<meta property=\"og:locale\" content=\"fr_FR\" \/>\n<meta property=\"og:type\" content=\"article\" \/>\n<meta property=\"og:title\" content=\"CHAMPIONNATS - Grizzlys du Hainaut\" \/>\n<meta property=\"og:description\" content=\"Les Grizzlys du Hainaut participent \u00e0 deux championnats cette saison : &#8211; le Championnat r\u00e9gional jeune Les jeunes Grizzlys y affrontent les Hoplites d&rsquo;Ambiani (Amiens), les Nordiques de Tourcoing, et les Phoenix de Wasquehal. \u00a0\u00a0\u00a0\u00a0 &#8211; La Nationale 2 s\u00e9niors Les adultes jouent au 2\u00e8me \u00e9chelon national, d\u00e9coup\u00e9 en 3 poules. Les Grizzlys affrontent les [&hellip;]\" \/>\n<meta property=\"og:url\" content=\"https:\/\/grizzlysduhainaut.fr\/index.php\/championnat-grizzlys\/\" \/>\n<meta property=\"og:site_name\" content=\"Grizzlys du Hainaut\" \/>\n<meta property=\"article:publisher\" content=\"https:\/\/www.facebook.com\/Grizzlys.du.hainaut\/\" \/>\n<meta property=\"article:modified_time\" content=\"2022-09-06T09:14:08+00:00\" \/>\n<meta property=\"og:image\" content=\"http:\/\/grizzlysduhainaut.fr\/wp-content\/uploads\/2017\/05\/logo-grizzly.png\" \/>\n<meta name=\"twitter:card\" content=\"summary_large_image\" \/>\n<meta name=\"twitter:label1\" content=\"Dur\u00e9e de lecture estim\u00e9e\" \/>\n\t<meta name=\"twitter:data1\" content=\"3 minutes\" \/>\n<script type=\"application\/ld+json\" class=\"yoast-schema-graph\">{\"@context\":\"https:\/\/schema.org\",\"@graph\":[{\"@type\":\"WebPage\",\"@id\":\"https:\/\/grizzlysduhainaut.fr\/index.php\/championnat-grizzlys\/\",\"url\":\"https:\/\/grizzlysduhainaut.fr\/index.php\/championnat-grizzlys\/\",\"name\":\"CHAMPIONNATS - Grizzlys du Hainaut\",\"isPartOf\":{\"@id\":\"https:\/\/grizzlysduhainaut.fr\/#website\"},\"primaryImageOfPage\":{\"@id\":\"https:\/\/grizzlysduhainaut.fr\/index.php\/championnat-grizzlys\/#primaryimage\"},\"image\":{\"@id\":\"https:\/\/grizzlysduhainaut.fr\/index.php\/championnat-grizzlys\/#primaryimage\"},\"thumbnailUrl\":\"http:\/\/grizzlysduhainaut.fr\/wp-content\/uploads\/2017\/05\/logo-grizzly.png\",\"datePublished\":\"2017-05-31T14:39:49+00:00\",\"dateModified\":\"2022-09-06T09:14:08+00:00\",\"breadcrumb\":{\"@id\":\"https:\/\/grizzlysduhainaut.fr\/index.php\/championnat-grizzlys\/#breadcrumb\"},\"inLanguage\":\"fr-FR\",\"potentialAction\":[{\"@type\":\"ReadAction\",\"target\":[\"https:\/\/grizzlysduhainaut.fr\/index.php\/championnat-grizzlys\/\"]}]},{\"@type\":\"ImageObject\",\"inLanguage\":\"fr-FR\",\"@id\":\"https:\/\/grizzlysduhainaut.fr\/index.php\/championnat-grizzlys\/#primaryimage\",\"url\":\"http:\/\/grizzlysduhainaut.fr\/wp-content\/uploads\/2017\/05\/logo-grizzly.png\",\"contentUrl\":\"http:\/\/grizzlysduhainaut.fr\/wp-content\/uploads\/2017\/05\/logo-grizzly.png\"},{\"@type\":\"BreadcrumbList\",\"@id\":\"https:\/\/grizzlysduhainaut.fr\/index.php\/championnat-grizzlys\/#breadcrumb\",\"itemListElement\":[{\"@type\":\"ListItem\",\"position\":1,\"name\":\"Accueil\",\"item\":\"https:\/\/grizzlysduhainaut.fr\/\"},{\"@type\":\"ListItem\",\"position\":2,\"name\":\"CHAMPIONNATS\"}]},{\"@type\":\"WebSite\",\"@id\":\"https:\/\/grizzlysduhainaut.fr\/#website\",\"url\":\"https:\/\/grizzlysduhainaut.fr\/\",\"name\":\"Grizzlys du Hainaut\",\"description\":\"L&#039;\u00e9quipe de Floorball de Qui\u00e9vrechain\",\"potentialAction\":[{\"@type\":\"SearchAction\",\"target\":{\"@type\":\"EntryPoint\",\"urlTemplate\":\"https:\/\/grizzlysduhainaut.fr\/?s={search_term_string}\"},\"query-input\":{\"@type\":\"PropertyValueSpecification\",\"valueRequired\":true,\"valueName\":\"search_term_string\"}}],\"inLanguage\":\"fr-FR\"}]}<\/script>\n<!-- \/ Yoast SEO plugin. -->","yoast_head_json":{"title":"CHAMPIONNATS - Grizzlys du Hainaut","robots":{"index":"index","follow":"follow","max-snippet":"max-snippet:-1","max-image-preview":"max-image-preview:large","max-video-preview":"max-video-preview:-1"},"canonical":"https:\/\/grizzlysduhainaut.fr\/index.php\/championnat-grizzlys\/","og_locale":"fr_FR","og_type":"article","og_title":"CHAMPIONNATS - Grizzlys du Hainaut","og_description":"Les Grizzlys du Hainaut participent \u00e0 deux championnats cette saison : &#8211; le Championnat r\u00e9gional jeune Les jeunes Grizzlys y affrontent les Hoplites d&rsquo;Ambiani (Amiens), les Nordiques de Tourcoing, et les Phoenix de Wasquehal. \u00a0\u00a0\u00a0\u00a0 &#8211; La Nationale 2 s\u00e9niors Les adultes jouent au 2\u00e8me \u00e9chelon national, d\u00e9coup\u00e9 en 3 poules. Les Grizzlys affrontent les [&hellip;]","og_url":"https:\/\/grizzlysduhainaut.fr\/index.php\/championnat-grizzlys\/","og_site_name":"Grizzlys du Hainaut","article_publisher":"https:\/\/www.facebook.com\/Grizzlys.du.hainaut\/","article_modified_time":"2022-09-06T09:14:08+00:00","og_image":[{"url":"http:\/\/grizzlysduhainaut.fr\/wp-content\/uploads\/2017\/05\/logo-grizzly.png"}],"twitter_card":"summary_large_image","twitter_misc":{"Dur\u00e9e de lecture estim\u00e9e":"3 minutes"},"schema":{"@context":"https:\/\/schema.org","@graph":[{"@type":"WebPage","@id":"https:\/\/grizzlysduhainaut.fr\/index.php\/championnat-grizzlys\/","url":"https:\/\/grizzlysduhainaut.fr\/index.php\/championnat-grizzlys\/","name":"CHAMPIONNATS - Grizzlys du Hainaut","isPartOf":{"@id":"https:\/\/grizzlysduhainaut.fr\/#website"},"primaryImageOfPage":{"@id":"https:\/\/grizzlysduhainaut.fr\/index.php\/championnat-grizzlys\/#primaryimage"},"image":{"@id":"https:\/\/grizzlysduhainaut.fr\/index.php\/championnat-grizzlys\/#primaryimage"},"thumbnailUrl":"http:\/\/grizzlysduhainaut.fr\/wp-content\/uploads\/2017\/05\/logo-grizzly.png","datePublished":"2017-05-31T14:39:49+00:00","dateModified":"2022-09-06T09:14:08+00:00","breadcrumb":{"@id":"https:\/\/grizzlysduhainaut.fr\/index.php\/championnat-grizzlys\/#breadcrumb"},"inLanguage":"fr-FR","potentialAction":[{"@type":"ReadAction","target":["https:\/\/grizzlysduhainaut.fr\/index.php\/championnat-grizzlys\/"]}]},{"@type":"ImageObject","inLanguage":"fr-FR","@id":"https:\/\/grizzlysduhainaut.fr\/index.php\/championnat-grizzlys\/#primaryimage","url":"http:\/\/grizzlysduhainaut.fr\/wp-content\/uploads\/2017\/05\/logo-grizzly.png","contentUrl":"http:\/\/grizzlysduhainaut.fr\/wp-content\/uploads\/2017\/05\/logo-grizzly.png"},{"@type":"BreadcrumbList","@id":"https:\/\/grizzlysduhainaut.fr\/index.php\/championnat-grizzlys\/#breadcrumb","itemListElement":[{"@type":"ListItem","position":1,"name":"Accueil","item":"https:\/\/grizzlysduhainaut.fr\/"},{"@type":"ListItem","position":2,"name":"CHAMPIONNATS"}]},{"@type":"WebSite","@id":"https:\/\/grizzlysduhainaut.fr\/#website","url":"https:\/\/grizzlysduhainaut.fr\/","name":"Grizzlys du Hainaut","description":"L&#039;\u00e9quipe de Floorball de Qui\u00e9vrechain","potentialAction":[{"@type":"SearchAction","target":{"@type":"EntryPoint","urlTemplate":"https:\/\/grizzlysduhainaut.fr\/?s={search_term_string}"},"query-input":{"@type":"PropertyValueSpecification","valueRequired":true,"valueName":"search_term_string"}}],"inLanguage":"fr-FR"}]}},"_links":{"self":[{"href":"https:\/\/grizzlysduhainaut.fr\/index.php\/wp-json\/wp\/v2\/pages\/153"}],"collection":[{"href":"https:\/\/grizzlysduhainaut.fr\/index.php\/wp-json\/wp\/v2\/pages"}],"about":[{"href":"https:\/\/grizzlysduhainaut.fr\/index.php\/wp-json\/wp\/v2\/types\/page"}],"author":[{"embeddable":true,"href":"https:\/\/grizzlysduhainaut.fr\/index.php\/wp-json\/wp\/v2\/users\/2"}],"replies":[{"embeddable":true,"href":"https:\/\/grizzlysduhainaut.fr\/index.php\/wp-json\/wp\/v2\/comments?post=153"}],"version-history":[{"count":15,"href":"https:\/\/grizzlysduhainaut.fr\/index.php\/wp-json\/wp\/v2\/pages\/153\/revisions"}],"predecessor-version":[{"id":2792,"href":"https:\/\/grizzlysduhainaut.fr\/index.php\/wp-json\/wp\/v2\/pages\/153\/revisions\/2792"}],"wp:attachment":[{"href":"https:\/\/grizzlysduhainaut.fr\/index.php\/wp-json\/wp\/v2\/media?parent=153"}],"curies":[{"name":"wp","href":"https:\/\/api.w.org\/{rel}","templated":true}]}}