{"id":177,"date":"2017-05-31T16:07:30","date_gmt":"2017-05-31T15:07:30","guid":{"rendered":"https:\/\/grizzlyduhainaut.wordpress.com\/?page_id=177"},"modified":"2024-09-09T09:01:42","modified_gmt":"2024-09-09T08:01:42","slug":"grizzlys-du-hainaut","status":"publish","type":"page","link":"https:\/\/grizzlysduhainaut.fr\/index.php\/grizzlys-du-hainaut\/","title":{"rendered":"L&rsquo;ASSOCIATION"},"content":{"rendered":"<div id=\"pl-177\"  class=\"panel-layout\" ><div id=\"pg-177-0\"  class=\"panel-grid panel-no-style\" ><div id=\"pgc-177-0-0\"  class=\"panel-grid-cell\" ><div id=\"panel-177-0-0-0\" class=\"so-panel widget widget_sow-editor panel-first-child panel-last-child\" data-index=\"0\" ><div\n\t\t\t\n\t\t\tclass=\"so-widget-sow-editor so-widget-sow-editor-base\"\n\t\t\t\n\t\t>\n<div class=\"siteorigin-widget-tinymce textwidget\">\n\t<h6>L'origine des grizzlys du hainaut<\/h6>\n<p>L'association Grizzlys du Hainaut est une association loi 1901, cr\u00e9\u00e9e en 2007 par les fr\u00e8res Munoz. \u00a0Elle comporte 45 licenci\u00e9s dont 25 jeunes.<\/p>\n<p>Les Grizzlys, ce sont d'abord 3 anciens Nordiques de Tourcoing qui ont voulu fonder leur club dans leur ville d'origine : Qui\u00e9vrechain.<\/p>\n<p>C'est lors du retour d'un Championnat de France organis\u00e9\u00a0\u00e0 Lyon que l'id\u00e9e est survenue aux Fr\u00e8res Mu\u00f1oz et Fehri Ben Kahia :<\/p>\n<blockquote>\n<p>\u00ab Pourquoi pas cr\u00e9er notre propre club \u00e0 Qui\u00e9vrechain ? \u00bb.<\/p>\n<\/blockquote>\n<h6>pourquoi ce nom ?<\/h6>\n<p>Qui\u00e9vrechain, personne ne savait localiser cette ville. Situ\u00e9 \u00e0 15 km de Valenciennes, frontali\u00e8re avec la Belgique, \u00e0 20 km de Mons, et face \u00e0 la ville quasi-homonyme de Qui\u00e9vrain, le Hainaut \u00e9tait le bon compromis pour attirer belges et nordistes.<\/p>\n<p class=\"alignnone\"><img loading=\"lazy\" decoding=\"async\" class=\" wp-image-759 alignright\" src=\"http:\/\/grizzlysduhainaut.fr\/wp-content\/uploads\/2017\/05\/grizzlys-150x150.jpeg\" alt=\"\" width=\"177\" height=\"177\" srcset=\"https:\/\/grizzlysduhainaut.fr\/wp-content\/uploads\/2017\/05\/grizzlys-150x150.jpeg 150w, https:\/\/grizzlysduhainaut.fr\/wp-content\/uploads\/2017\/05\/grizzlys-300x300.jpeg 300w\" sizes=\"(max-width: 177px) 100vw, 177px\" \/>Enfin le grizzly pour l'animal canadien en r\u00e9f\u00e9rence au hockey sur glace.<\/p>\n<p>Et c'est avec le soutien de la mairie, que le club des Grizzlys du Hainaut f\u00fbt fond\u00e9 en mars 2007 \u00e0 la Salle de La Corderie \u00e0 Qui\u00e9vrechain.<\/p>\n<p>Apr\u00e8s avoir termin\u00e9 champion de France Division 2 pour la saison 2008\/2009 et apr\u00e8s avoir \u00e9volu\u00e9 en Division 1 pour la saison 2009\/2010, le club est actuellement en Championnat de France Division 3.<\/p>\n<p>Septembre 2014 marque l'ouverture de la section jeune des Grizzlys du Hainaut,<a href=\"http:\/\/grizzlysduhainaut.fr\/index.php\/les-mini-grizzlys\/\"> les \"mini-grizzlys\".<\/a><\/p>\n<h6 class=\"p1\">La section jeunes<\/h6>\n<p class=\"p1\"><span class=\"s1\"><img loading=\"lazy\" decoding=\"async\" class=\"alignleft wp-image-92\" src=\"http:\/\/grizzlysduhainaut.fr\/wp-content\/uploads\/2017\/05\/image-3-150x150.jpg\" alt=\"Section jeunes Grizzlys du Hainaut\" width=\"326\" height=\"326\" srcset=\"https:\/\/grizzlysduhainaut.fr\/wp-content\/uploads\/2017\/05\/image-3-150x150.jpg 150w, https:\/\/grizzlysduhainaut.fr\/wp-content\/uploads\/2017\/05\/image-3-300x300.jpg 300w, https:\/\/grizzlysduhainaut.fr\/wp-content\/uploads\/2017\/05\/image-3-768x768.jpg 768w, https:\/\/grizzlysduhainaut.fr\/wp-content\/uploads\/2017\/05\/image-3-100x100.jpg 100w, https:\/\/grizzlysduhainaut.fr\/wp-content\/uploads\/2017\/05\/image-3.jpg 960w\" sizes=\"(max-width: 326px) 100vw, 326px\" \/>Lanc\u00e9e en 2014 par Corentin De Noyette, la section jeune actuellement compos\u00e9e de 25 membres, accueille des enfants, gar\u00e7ons ou filles, de<\/span> 8 \u00e0 16 ans<span class=\"s1\">. Ils sont encadr\u00e9s par Romain Saige, membre s\u00e9nior de l\u2019\u00e9quipe et pr\u00e9sident des Grizzlys du Hainaut, second\u00e9 par Math\u00e9o Rigaud.<\/span><\/p>\n<p class=\"p1\"><span class=\"s1\">Les entra\u00eenements jeunes (U13 et U17) ont lieu<strong> tous les mercredis soir de 18h \u00e0 19h30 \u00e0 la salle de la Corderie \u00e0 Qui\u00e9vrechain.\u00a0<\/strong><\/span><\/p>\n<p class=\"p1\"><span class=\"s1\">Les jeunes entre 13 et 16 ans participent au championnat r\u00e9gional U17. Les plus petits participent r\u00e9guli\u00e8rement \u00e0 des matchs amicaux organis\u00e9s avec les clubs voisins. Pass\u00e9s 16 ans, ils ont la possibilit\u00e9, s\u2019ils le souhaitent, de rejoindre l\u2019\u00e9quipe s\u00e9nior, comme c\u2019est le cas pour la plupart chaque ann\u00e9e.<\/span><\/p>\n<h6 class=\"p1\">La section Adultes<\/h6>\n<p><span class=\"s1\">La section adulte compte une vingtaine de joueurs et joueuses.<\/span> Elle \u00e9volue dans le championnat de France de la F\u00e9d\u00e9ration Fran\u00e7aise de Floorball.<\/p>\n<p><strong>Les entra\u00eenements adultes (16 ans et plus) ont lieu les lundis de 19h \u00e0 21h et les mercredis de 19h30 \u00e0 22h00 \u00e0 la salle de la Corderie de Qui\u00e9vrechain<\/strong><\/p>\n<\/div>\n<\/div><\/div><\/div><div id=\"pgc-177-0-1\"  class=\"panel-grid-cell\" ><div id=\"panel-177-0-1-0\" class=\"so-panel widget widget_sow-image panel-first-child panel-last-child\" data-index=\"1\" ><div\n\t\t\t\n\t\t\tclass=\"so-widget-sow-image so-widget-sow-image-default-8b5b6f678277-177\"\n\t\t\t\n\t\t>\n\n<div class=\"sow-image-container\">\n\t\t<img loading=\"lazy\" decoding=\"async\" src=\"https:\/\/grizzlysduhainaut.fr\/wp-content\/uploads\/2017\/05\/Dossier-sponsoring-v3-Frise.png\" width=\"611\" height=\"1765\" srcset=\"https:\/\/grizzlysduhainaut.fr\/wp-content\/uploads\/2017\/05\/Dossier-sponsoring-v3-Frise.png 611w, https:\/\/grizzlysduhainaut.fr\/wp-content\/uploads\/2017\/05\/Dossier-sponsoring-v3-Frise-104x300.png 104w, https:\/\/grizzlysduhainaut.fr\/wp-content\/uploads\/2017\/05\/Dossier-sponsoring-v3-Frise-354x1024.png 354w, https:\/\/grizzlysduhainaut.fr\/wp-content\/uploads\/2017\/05\/Dossier-sponsoring-v3-Frise-44x128.png 44w, https:\/\/grizzlysduhainaut.fr\/wp-content\/uploads\/2017\/05\/Dossier-sponsoring-v3-Frise-11x32.png 11w\" sizes=\"(max-width: 611px) 100vw, 611px\" title=\"Dossier sponsoring v3 &#8211; Frise\" alt=\"Chronologie Grizzly du Hainaut\" \t\tclass=\"so-widget-image\"\/>\n\t<\/div>\n\n<\/div><\/div><\/div><\/div><div id=\"pg-177-1\"  class=\"panel-grid panel-has-style\" ><div class=\"panel-row-style panel-row-style-for-177-1\" ><div id=\"pgc-177-1-0\"  class=\"panel-grid-cell panel-grid-cell-empty\" ><\/div><div id=\"pgc-177-1-1\"  class=\"panel-grid-cell\" ><div id=\"panel-177-1-1-0\" class=\"so-panel widget widget_text panel-first-child panel-last-child\" data-index=\"2\" ><div class=\"panel-widget-style panel-widget-style-for-177-1-1-0\" >\t\t\t<div class=\"textwidget\"><h3><\/h3>\n<h3>Le bureau de l&rsquo;association<\/h3>\n<\/div>\n\t\t<\/div><\/div><\/div><\/div><\/div><div id=\"pg-177-2\"  class=\"panel-grid panel-no-style\" ><div id=\"pgc-177-2-0\"  class=\"panel-grid-cell\" ><div id=\"panel-177-2-0-0\" class=\"so-panel widget widget_text panel-first-child\" data-index=\"3\" >\t\t\t<div class=\"textwidget\"><h5>Pr\u00e9sident<\/h5>\n<header class=\"entry-header\">Romain SAIGE<\/header>\n<div class=\"entry-content\"><\/div>\n<\/div>\n\t\t<\/div><div id=\"panel-177-2-0-1\" class=\"so-panel widget widget_text panel-last-child\" data-index=\"4\" >\t\t\t<div class=\"textwidget\"><h5>Vice-pr\u00e9sident<\/h5>\n<header class=\"entry-header\">\n<div id=\"pgc-1059-0-0\" class=\"panel-grid-cell\">\n<div id=\"panel-1059-0-0-1\" class=\"so-panel widget widget_text\">\n<header class=\"entry-header\">\n<div id=\"pgc-1059-0-0\" class=\"panel-grid-cell\">\n<div id=\"panel-1059-0-0-2\" class=\"so-panel widget widget_text panel-last-child\">\n<header class=\"entry-header\">\n<div id=\"pgc-1059-0-1\" class=\"panel-grid-cell\">\n<div id=\"panel-1059-0-1-0\" class=\"so-panel widget widget_text panel-first-child\">\n<div class=\"textwidget\">\n<p>Lubin DE NOYETTE<\/p>\n<\/div>\n<\/div>\n<\/div>\n<\/header>\n<\/div>\n<\/div>\n<\/header>\n<\/div>\n<\/div>\n<\/header>\n<\/div>\n\t\t<\/div><\/div><div id=\"pgc-177-2-1\"  class=\"panel-grid-cell\" ><div id=\"panel-177-2-1-0\" class=\"so-panel widget widget_text panel-first-child\" data-index=\"5\" >\t\t\t<div class=\"textwidget\"><h5>Tr\u00e9sorier<\/h5>\n<header class=\"entry-header\">\n<div id=\"pgc-1059-0-0\" class=\"panel-grid-cell\">\n<div id=\"panel-1059-0-0-1\" class=\"so-panel widget widget_text\">\n<header class=\"entry-header\">\n<div id=\"pgc-1059-0-0\" class=\"panel-grid-cell\">\n<div id=\"panel-1059-0-0-2\" class=\"so-panel widget widget_text panel-last-child\">Nicolas RAINGO<\/div>\n<\/div>\n<\/header>\n<\/div>\n<\/div>\n<\/header>\n<\/div>\n\t\t<\/div><div id=\"panel-177-2-1-1\" class=\"so-panel widget widget_text panel-last-child\" data-index=\"6\" >\t\t\t<div class=\"textwidget\"><h5>Secr\u00e9taire<\/h5>\n<header class=\"entry-header\">\n<div id=\"pgc-1059-0-0\" class=\"panel-grid-cell\">\n<div id=\"panel-1059-0-0-1\" class=\"so-panel widget widget_text\">\n<div class=\"textwidget\">\n<p>Maxime MAINGUET<\/p>\n<\/div>\n<\/div>\n<\/div>\n<\/header>\n<\/div>\n\t\t<\/div><\/div><div id=\"pgc-177-2-2\"  class=\"panel-grid-cell\" ><div id=\"panel-177-2-2-0\" class=\"so-panel widget widget_text panel-first-child\" data-index=\"7\" >\t\t\t<div class=\"textwidget\"><h5>Coach section adulte<\/h5>\n<header class=\"entry-header\">\n<div id=\"pgc-1059-0-0\" class=\"panel-grid-cell\">\n<div id=\"panel-1059-0-0-1\" class=\"so-panel widget widget_text\">\n<header class=\"entry-header\">\n<div id=\"pgc-1059-0-0\" class=\"panel-grid-cell\">\n<div id=\"panel-1059-0-0-2\" class=\"so-panel widget widget_text panel-last-child\">\n<header class=\"entry-header\">\n<div id=\"pgc-1059-0-1\" class=\"panel-grid-cell\">\n<div id=\"panel-1059-0-1-1\" class=\"so-panel widget widget_text panel-last-child\">\n<div class=\"textwidget\">\n<p>Lubin DE NOYETTE<\/p>\n<\/div>\n<\/div>\n<\/div>\n<\/header>\n<\/div>\n<\/div>\n<\/header>\n<\/div>\n<\/div>\n<\/header>\n<\/div>\n\t\t<\/div><div id=\"panel-177-2-2-1\" class=\"so-panel widget widget_text panel-last-child\" data-index=\"8\" >\t\t\t<div class=\"textwidget\"><h5>Coach section jeune<\/h5>\n<header class=\"entry-header\">\n<div id=\"pgc-1059-0-0\" class=\"panel-grid-cell\">\n<div id=\"panel-1059-0-0-1\" class=\"so-panel widget widget_text\">\n<header class=\"entry-header\">\n<div id=\"pgc-1059-0-0\" class=\"panel-grid-cell\">\n<div id=\"panel-1059-0-0-2\" class=\"so-panel widget widget_text panel-last-child\">\n<header class=\"entry-header\">\n<div id=\"pgc-1059-0-1\" class=\"panel-grid-cell\">\n<div id=\"panel-1059-0-1-1\" class=\"so-panel widget widget_text panel-last-child\">\n<div class=\"textwidget\">\n<p>Romain SAIGE<\/p>\n<\/div>\n<\/div>\n<\/div>\n<\/header>\n<\/div>\n<\/div>\n<\/header>\n<\/div>\n<\/div>\n<\/header>\n<\/div>\n\t\t<\/div><\/div><\/div><\/div>","protected":false},"excerpt":{"rendered":"<p>L&rsquo;origine des grizzlys du hainaut L&rsquo;association Grizzlys du Hainaut est une association loi 1901, cr\u00e9\u00e9e en 2007 par les fr\u00e8res Munoz. \u00a0Elle comporte 45 licenci\u00e9s dont 25 jeunes. Les Grizzlys, ce sont d&rsquo;abord 3 anciens Nordiques de Tourcoing qui ont voulu fonder leur club dans leur ville d&rsquo;origine : Qui\u00e9vrechain. C&rsquo;est lors du retour d&rsquo;un [&hellip;]<\/p>\n","protected":false},"author":2,"featured_media":0,"parent":0,"menu_order":0,"comment_status":"closed","ping_status":"closed","template":"","meta":{"footnotes":""},"class_list":["post-177","page","type-page","status-publish","hentry"],"yoast_head":"<!-- This site is optimized with the Yoast SEO plugin v23.5 - https:\/\/yoast.com\/wordpress\/plugins\/seo\/ -->\n<title>Histoire de l&#039;association de floorball : les Grizzlys du Hainaut<\/title>\n<meta name=\"description\" content=\"L&#039;association Grizzlys du Hainaut est une association loi 1901, cr\u00e9\u00e9e en 2007 par les fr\u00e8res Munoz. Elle comporte 40 licenci\u00e9s dont 22 jeunes.\" \/>\n<meta name=\"robots\" content=\"index, follow, max-snippet:-1, max-image-preview:large, max-video-preview:-1\" \/>\n<link rel=\"canonical\" href=\"https:\/\/grizzlysduhainaut.fr\/index.php\/grizzlys-du-hainaut\/\" \/>\n<meta property=\"og:locale\" content=\"fr_FR\" \/>\n<meta property=\"og:type\" content=\"article\" \/>\n<meta property=\"og:title\" content=\"Histoire de l&#039;association de floorball : les Grizzlys du Hainaut\" \/>\n<meta property=\"og:description\" content=\"L&#039;association Grizzlys du Hainaut est une association loi 1901, cr\u00e9\u00e9e en 2007 par les fr\u00e8res Munoz. Elle comporte 40 licenci\u00e9s dont 22 jeunes.\" \/>\n<meta property=\"og:url\" content=\"https:\/\/grizzlysduhainaut.fr\/index.php\/grizzlys-du-hainaut\/\" \/>\n<meta property=\"og:site_name\" content=\"Grizzlys du Hainaut\" \/>\n<meta property=\"article:publisher\" content=\"https:\/\/www.facebook.com\/Grizzlys.du.hainaut\/\" \/>\n<meta property=\"article:modified_time\" content=\"2024-09-09T08:01:42+00:00\" \/>\n<meta property=\"og:image\" content=\"http:\/\/grizzlysduhainaut.fr\/wp-content\/uploads\/2017\/05\/grizzlys-150x150.jpeg\" \/>\n<meta name=\"twitter:card\" content=\"summary_large_image\" \/>\n<meta name=\"twitter:label1\" content=\"Dur\u00e9e de lecture estim\u00e9e\" \/>\n\t<meta name=\"twitter:data1\" content=\"3 minutes\" \/>\n<script type=\"application\/ld+json\" class=\"yoast-schema-graph\">{\"@context\":\"https:\/\/schema.org\",\"@graph\":[{\"@type\":\"WebPage\",\"@id\":\"https:\/\/grizzlysduhainaut.fr\/index.php\/grizzlys-du-hainaut\/\",\"url\":\"https:\/\/grizzlysduhainaut.fr\/index.php\/grizzlys-du-hainaut\/\",\"name\":\"Histoire de l'association de floorball : les Grizzlys du Hainaut\",\"isPartOf\":{\"@id\":\"https:\/\/grizzlysduhainaut.fr\/#website\"},\"primaryImageOfPage\":{\"@id\":\"https:\/\/grizzlysduhainaut.fr\/index.php\/grizzlys-du-hainaut\/#primaryimage\"},\"image\":{\"@id\":\"https:\/\/grizzlysduhainaut.fr\/index.php\/grizzlys-du-hainaut\/#primaryimage\"},\"thumbnailUrl\":\"http:\/\/grizzlysduhainaut.fr\/wp-content\/uploads\/2017\/05\/grizzlys-150x150.jpeg\",\"datePublished\":\"2017-05-31T15:07:30+00:00\",\"dateModified\":\"2024-09-09T08:01:42+00:00\",\"description\":\"L'association Grizzlys du Hainaut est une association loi 1901, cr\u00e9\u00e9e en 2007 par les fr\u00e8res Munoz. Elle comporte 40 licenci\u00e9s dont 22 jeunes.\",\"breadcrumb\":{\"@id\":\"https:\/\/grizzlysduhainaut.fr\/index.php\/grizzlys-du-hainaut\/#breadcrumb\"},\"inLanguage\":\"fr-FR\",\"potentialAction\":[{\"@type\":\"ReadAction\",\"target\":[\"https:\/\/grizzlysduhainaut.fr\/index.php\/grizzlys-du-hainaut\/\"]}]},{\"@type\":\"ImageObject\",\"inLanguage\":\"fr-FR\",\"@id\":\"https:\/\/grizzlysduhainaut.fr\/index.php\/grizzlys-du-hainaut\/#primaryimage\",\"url\":\"http:\/\/grizzlysduhainaut.fr\/wp-content\/uploads\/2017\/05\/grizzlys-150x150.jpeg\",\"contentUrl\":\"http:\/\/grizzlysduhainaut.fr\/wp-content\/uploads\/2017\/05\/grizzlys-150x150.jpeg\"},{\"@type\":\"BreadcrumbList\",\"@id\":\"https:\/\/grizzlysduhainaut.fr\/index.php\/grizzlys-du-hainaut\/#breadcrumb\",\"itemListElement\":[{\"@type\":\"ListItem\",\"position\":1,\"name\":\"Accueil\",\"item\":\"https:\/\/grizzlysduhainaut.fr\/\"},{\"@type\":\"ListItem\",\"position\":2,\"name\":\"L&rsquo;ASSOCIATION\"}]},{\"@type\":\"WebSite\",\"@id\":\"https:\/\/grizzlysduhainaut.fr\/#website\",\"url\":\"https:\/\/grizzlysduhainaut.fr\/\",\"name\":\"Grizzlys du Hainaut\",\"description\":\"L&#039;\u00e9quipe de Floorball de Qui\u00e9vrechain\",\"potentialAction\":[{\"@type\":\"SearchAction\",\"target\":{\"@type\":\"EntryPoint\",\"urlTemplate\":\"https:\/\/grizzlysduhainaut.fr\/?s={search_term_string}\"},\"query-input\":{\"@type\":\"PropertyValueSpecification\",\"valueRequired\":true,\"valueName\":\"search_term_string\"}}],\"inLanguage\":\"fr-FR\"}]}<\/script>\n<!-- \/ Yoast SEO plugin. -->","yoast_head_json":{"title":"Histoire de l'association de floorball : les Grizzlys du Hainaut","description":"L'association Grizzlys du Hainaut est une association loi 1901, cr\u00e9\u00e9e en 2007 par les fr\u00e8res Munoz. Elle comporte 40 licenci\u00e9s dont 22 jeunes.","robots":{"index":"index","follow":"follow","max-snippet":"max-snippet:-1","max-image-preview":"max-image-preview:large","max-video-preview":"max-video-preview:-1"},"canonical":"https:\/\/grizzlysduhainaut.fr\/index.php\/grizzlys-du-hainaut\/","og_locale":"fr_FR","og_type":"article","og_title":"Histoire de l'association de floorball : les Grizzlys du Hainaut","og_description":"L'association Grizzlys du Hainaut est une association loi 1901, cr\u00e9\u00e9e en 2007 par les fr\u00e8res Munoz. Elle comporte 40 licenci\u00e9s dont 22 jeunes.","og_url":"https:\/\/grizzlysduhainaut.fr\/index.php\/grizzlys-du-hainaut\/","og_site_name":"Grizzlys du Hainaut","article_publisher":"https:\/\/www.facebook.com\/Grizzlys.du.hainaut\/","article_modified_time":"2024-09-09T08:01:42+00:00","og_image":[{"url":"http:\/\/grizzlysduhainaut.fr\/wp-content\/uploads\/2017\/05\/grizzlys-150x150.jpeg"}],"twitter_card":"summary_large_image","twitter_misc":{"Dur\u00e9e de lecture estim\u00e9e":"3 minutes"},"schema":{"@context":"https:\/\/schema.org","@graph":[{"@type":"WebPage","@id":"https:\/\/grizzlysduhainaut.fr\/index.php\/grizzlys-du-hainaut\/","url":"https:\/\/grizzlysduhainaut.fr\/index.php\/grizzlys-du-hainaut\/","name":"Histoire de l'association de floorball : les Grizzlys du Hainaut","isPartOf":{"@id":"https:\/\/grizzlysduhainaut.fr\/#website"},"primaryImageOfPage":{"@id":"https:\/\/grizzlysduhainaut.fr\/index.php\/grizzlys-du-hainaut\/#primaryimage"},"image":{"@id":"https:\/\/grizzlysduhainaut.fr\/index.php\/grizzlys-du-hainaut\/#primaryimage"},"thumbnailUrl":"http:\/\/grizzlysduhainaut.fr\/wp-content\/uploads\/2017\/05\/grizzlys-150x150.jpeg","datePublished":"2017-05-31T15:07:30+00:00","dateModified":"2024-09-09T08:01:42+00:00","description":"L'association Grizzlys du Hainaut est une association loi 1901, cr\u00e9\u00e9e en 2007 par les fr\u00e8res Munoz. Elle comporte 40 licenci\u00e9s dont 22 jeunes.","breadcrumb":{"@id":"https:\/\/grizzlysduhainaut.fr\/index.php\/grizzlys-du-hainaut\/#breadcrumb"},"inLanguage":"fr-FR","potentialAction":[{"@type":"ReadAction","target":["https:\/\/grizzlysduhainaut.fr\/index.php\/grizzlys-du-hainaut\/"]}]},{"@type":"ImageObject","inLanguage":"fr-FR","@id":"https:\/\/grizzlysduhainaut.fr\/index.php\/grizzlys-du-hainaut\/#primaryimage","url":"http:\/\/grizzlysduhainaut.fr\/wp-content\/uploads\/2017\/05\/grizzlys-150x150.jpeg","contentUrl":"http:\/\/grizzlysduhainaut.fr\/wp-content\/uploads\/2017\/05\/grizzlys-150x150.jpeg"},{"@type":"BreadcrumbList","@id":"https:\/\/grizzlysduhainaut.fr\/index.php\/grizzlys-du-hainaut\/#breadcrumb","itemListElement":[{"@type":"ListItem","position":1,"name":"Accueil","item":"https:\/\/grizzlysduhainaut.fr\/"},{"@type":"ListItem","position":2,"name":"L&rsquo;ASSOCIATION"}]},{"@type":"WebSite","@id":"https:\/\/grizzlysduhainaut.fr\/#website","url":"https:\/\/grizzlysduhainaut.fr\/","name":"Grizzlys du Hainaut","description":"L&#039;\u00e9quipe de Floorball de Qui\u00e9vrechain","potentialAction":[{"@type":"SearchAction","target":{"@type":"EntryPoint","urlTemplate":"https:\/\/grizzlysduhainaut.fr\/?s={search_term_string}"},"query-input":{"@type":"PropertyValueSpecification","valueRequired":true,"valueName":"search_term_string"}}],"inLanguage":"fr-FR"}]}},"_links":{"self":[{"href":"https:\/\/grizzlysduhainaut.fr\/index.php\/wp-json\/wp\/v2\/pages\/177"}],"collection":[{"href":"https:\/\/grizzlysduhainaut.fr\/index.php\/wp-json\/wp\/v2\/pages"}],"about":[{"href":"https:\/\/grizzlysduhainaut.fr\/index.php\/wp-json\/wp\/v2\/types\/page"}],"author":[{"embeddable":true,"href":"https:\/\/grizzlysduhainaut.fr\/index.php\/wp-json\/wp\/v2\/users\/2"}],"replies":[{"embeddable":true,"href":"https:\/\/grizzlysduhainaut.fr\/index.php\/wp-json\/wp\/v2\/comments?post=177"}],"version-history":[{"count":79,"href":"https:\/\/grizzlysduhainaut.fr\/index.php\/wp-json\/wp\/v2\/pages\/177\/revisions"}],"predecessor-version":[{"id":3169,"href":"https:\/\/grizzlysduhainaut.fr\/index.php\/wp-json\/wp\/v2\/pages\/177\/revisions\/3169"}],"wp:attachment":[{"href":"https:\/\/grizzlysduhainaut.fr\/index.php\/wp-json\/wp\/v2\/media?parent=177"}],"curies":[{"name":"wp","href":"https:\/\/api.w.org\/{rel}","templated":true}]}}