{"id":1968,"date":"2019-08-02T15:17:43","date_gmt":"2019-08-02T14:17:43","guid":{"rendered":"http:\/\/grizzlysduhainaut.fr\/?page_id=1968"},"modified":"2019-10-09T14:59:08","modified_gmt":"2019-10-09T13:59:08","slug":"open-2019","status":"publish","type":"page","link":"https:\/\/grizzlysduhainaut.fr\/index.php\/open-2019\/","title":{"rendered":"Pr\u00e9sentation Open 2019"},"content":{"rendered":"<hr \/>\n<h1>Pr\u00e9sentation OPEN de Qui\u00e9vrechain 2019<\/h1>\n<p>Les Grizzlys du Hainaut remettent le couvert et organisent la 4\u00e8me \u00e9dition de l&rsquo;open de Qui\u00e9vrechain. Cette ann\u00e9e, il se d\u00e9roulera sur le weekend des 21 et 22 septembre, dans le m\u00eame format que les ann\u00e9es pr\u00e9c\u00e9dentes.<\/p>\n<h2>OPEN FEMININ : 21 septembre 2019<\/h2>\n<h3>R\u00e8glement<\/h3>\n<ul>\n<li>6 \u00e9quipes maximum<\/li>\n<li>Les clubs seront r\u00e9partis dans 2 poules de 3 \u00e9quipes avant une phase finale (ou une poule unique si moins de 6 \u00e9quipes participantes).<\/li>\n<li>Une victoire rapportera 3 points, un match nul 1 points, une d\u00e9faite 0 point.<\/li>\n<li>Le classement sera alors \u00e9tabli suivant le nombre de points, la diff\u00e9rence de buts, en cas d&rsquo;\u00e9galit\u00e9, puis la diff\u00e9rence de buts particuli\u00e8re afin de d\u00e9partager les \u00e9quipes restant \u00e0 \u00e9galit\u00e9 parfaite.<\/li>\n<li>Le troph\u00e9e doit \u00eatre gagn\u00e9 3 fois d\u2019affil\u00e9 pour \u00eatre d\u00e9finitivement conserv\u00e9<\/li>\n<li>Frais de participation : 20\u20ac<\/li>\n<li>R\u00e8gles du jeu\n<ul>\n<li>Les r\u00e8gles du jeu internationales d\u00e9finies par l&rsquo;IFF s\u2019appliquent pour notre tournoi<\/li>\n<li>Les matchs se d\u00e9roulent sur un terrain de dimension 40 m x 20 m<\/li>\n<li>Les matchs se d\u00e9roulent en 6 contre 6 (1 gardien de but et 5 joueurs de champs)<\/li>\n<\/ul>\n<\/li>\n<li>Temps de jeu :\n<ul>\n<li>Le temps de jeu des matchs est de 2x15min avec 2 minutes de pause<\/li>\n<li>Le chronom\u00e8tre s\u2019arr\u00eate seulement lors des buts, p\u00e9nalit\u00e9, blessures ou \u00e0 la demande des arbitres.<\/li>\n<li>Hormis ces points, le temps est continu.<\/li>\n<\/ul>\n<\/li>\n<li>Arbitrage :\n<ul>\n<li>Chaque \u00e9quipe aura la responsabilit\u00e9 d\u2019arbitrer 1 match lors du tournoi (voir planning) et devra donc pr\u00e9senter 2 arbitres s\u00e9niors (&gt;16 ans). Les Grizzlys du Hainaut arbitreront les autres matches.<\/li>\n<\/ul>\n<\/li>\n<li>\u00c2ges des joueurs et joueuses : Les joueuses doivent \u00eatre \u00e2g\u00e9s d\u2019au moins 16 ans.<\/li>\n<\/ul>\n<p>Responsable tournoi f\u00e9minin : Aur\u00e9lien TALFER\u00a0 Tel 0033 (0)645503423 ou grizzlyshainaut@gmail.com<\/p>\n<h3>EQUIPES INSCRITES<\/h3>\n<ul>\n<li><strong>Tornado Bruxelles (BELGIQUE)<\/strong><\/li>\n<li><strong>Floorball Strijtem (BELGIQUE)<\/strong><\/li>\n<li><strong>Rouen Floorball (FRANCE)<\/strong><\/li>\n<li><strong>Fireballs Tielt (BELGIQUE)<\/strong><\/li>\n<li>?<\/li>\n<li>?<\/li>\n<\/ul>\n<p style=\"text-align: center\"><img loading=\"lazy\" decoding=\"async\" class=\"alignnone wp-image-1980\" src=\"https:\/\/grizzlysduhainaut.fr\/wp-content\/uploads\/2019\/08\/Logo-Tornado.jpg\" alt=\"\" width=\"132\" height=\"150\" srcset=\"https:\/\/grizzlysduhainaut.fr\/wp-content\/uploads\/2019\/08\/Logo-Tornado.jpg 211w, https:\/\/grizzlysduhainaut.fr\/wp-content\/uploads\/2019\/08\/Logo-Tornado-113x128.jpg 113w, https:\/\/grizzlysduhainaut.fr\/wp-content\/uploads\/2019\/08\/Logo-Tornado-28x32.jpg 28w\" sizes=\"(max-width: 132px) 100vw, 132px\" \/><img loading=\"lazy\" decoding=\"async\" class=\"alignnone wp-image-1978\" src=\"https:\/\/grizzlysduhainaut.fr\/wp-content\/uploads\/2019\/08\/logo-floorballteam-strijtem.png\" alt=\"Logo Strijtem\" width=\"186\" height=\"136\" srcset=\"https:\/\/grizzlysduhainaut.fr\/wp-content\/uploads\/2019\/08\/logo-floorballteam-strijtem.png 198w, https:\/\/grizzlysduhainaut.fr\/wp-content\/uploads\/2019\/08\/logo-floorballteam-strijtem-128x94.png 128w, https:\/\/grizzlysduhainaut.fr\/wp-content\/uploads\/2019\/08\/logo-floorballteam-strijtem-32x23.png 32w\" sizes=\"(max-width: 186px) 100vw, 186px\" \/> \u00a0 <img loading=\"lazy\" decoding=\"async\" class=\"alignnone wp-image-365\" src=\"https:\/\/grizzlysduhainaut.fr\/wp-content\/uploads\/2017\/06\/logo-rouen.png\" alt=\"Logo rouen\" width=\"203\" height=\"150\" \/><img loading=\"lazy\" decoding=\"async\" class=\"alignnone wp-image-1979\" src=\"https:\/\/grizzlysduhainaut.fr\/wp-content\/uploads\/2019\/08\/Logo-Fireballs-Tielt-e1564753779394.png\" alt=\"\" width=\"210\" height=\"125\" srcset=\"https:\/\/grizzlysduhainaut.fr\/wp-content\/uploads\/2019\/08\/Logo-Fireballs-Tielt-e1564753779394.png 215w, https:\/\/grizzlysduhainaut.fr\/wp-content\/uploads\/2019\/08\/Logo-Fireballs-Tielt-e1564753779394-128x76.png 128w, https:\/\/grizzlysduhainaut.fr\/wp-content\/uploads\/2019\/08\/Logo-Fireballs-Tielt-e1564753779394-32x19.png 32w\" sizes=\"(max-width: 210px) 100vw, 210px\" \/><\/p>\n<h3>Planning<\/h3>\n<p style=\"text-align: center\">A venir<\/p>\n<hr \/>\n<h2>OPEN JEUNES : 22 septembre 2019<\/h2>\n<h3>R\u00e9glement<\/h3>\n<ul>\n<li>6 \u00e9quipes maximum<\/li>\n<li>Les clubs seront dans une poule unique.<\/li>\n<li>Une victoire rapportera 3 points, un match nul 1 points, une d\u00e9faite 0 point.<\/li>\n<li>Le classement sera alors \u00e9tabli suivant le nombre de points, la diff\u00e9rence de buts, en cas d&rsquo;\u00e9galit\u00e9, puis la diff\u00e9rence de buts particuli\u00e8re afin de d\u00e9partager les \u00e9quipes restant \u00e0 \u00e9galit\u00e9 parfaite.<\/li>\n<li>Le troph\u00e9e doit \u00eatre gagn\u00e9 3 fois d\u2019affil\u00e9 pour \u00eatre d\u00e9finitivement conserv\u00e9<\/li>\n<li>R\u00e8gles du jeu:\n<ul>\n<li>Les r\u00e8gles du jeu internationales d\u00e9finies par l&rsquo;IFF s\u2019appliquent pour notre tournoi<\/li>\n<li>Les matchs se d\u00e9roulent sur un terrain de dimension 40 m x 20 m<\/li>\n<li>Les matchs se d\u00e9roulent en 6 contre 6 (1 gardien de but et 5 joueurs de champs).<\/li>\n<\/ul>\n<\/li>\n<li>Temps de jeu:\n<ul>\n<li>Le temps de jeu des matchs est de 2x10min avec 2 minutes de pause<\/li>\n<li>Le chronom\u00e8tre s\u2019arr\u00eate seulement lors des buts, p\u00e9nalit\u00e9, blessures ou \u00e0 la demande des arbitres.<\/li>\n<li>Hormis ces points, le temps est continu.<\/li>\n<\/ul>\n<\/li>\n<li>Arbitrage:\n<ul>\n<li>Chaque \u00e9quipe aura la responsabilit\u00e9 d\u2019arbitrer lors du tournoi (voir planning) et devra donc pr\u00e9senter 2 arbitres.<\/li>\n<\/ul>\n<\/li>\n<li>\u00c2ges des joueurs et joueuses:\n<ul>\n<li>Tous les joueurs doivent avoir au minimum 8 ans et au maximum 16 ans au 22\/09\/2019.<\/li>\n<\/ul>\n<\/li>\n<\/ul>\n<p>Responsable tournoi Jeunes\u00a0: Corentin DE NOYETTE\u00a0: 0033 782432166 ou grizzlyshainaut@gmail.com<\/p>\n<h3>Equipes inscrites<\/h3>\n<ul>\n<li><strong>Phoenix de Wasquehal (FRANCE)<\/strong><\/li>\n<li><strong>Blackhawks de Mons (BELGIQUE)<\/strong><\/li>\n<li><strong>Renards de la Hulpe U13 (BELGIQUE)<\/strong><\/li>\n<li><strong>Renards de la Hulpe U16 (BELGIQUE)<\/strong><\/li>\n<li><strong>Nordiques de Tourcoing (FRANCE)\u00a0<\/strong><\/li>\n<li><strong>Grizzlys du Hainaut (FRANCE)<\/strong><\/li>\n<\/ul>\n<p style=\"text-align: center\"><img loading=\"lazy\" decoding=\"async\" class=\"alignnone wp-image-364 size-thumbnail\" src=\"https:\/\/grizzlysduhainaut.fr\/wp-content\/uploads\/2017\/06\/te\u0301le\u0301chargement-150x150.png\" alt=\"Logo Wasquehal\" width=\"150\" height=\"150\" srcset=\"https:\/\/grizzlysduhainaut.fr\/wp-content\/uploads\/2017\/06\/te\u0301le\u0301chargement-150x150.png 150w, https:\/\/grizzlysduhainaut.fr\/wp-content\/uploads\/2017\/06\/te\u0301le\u0301chargement-128x128.png 128w, https:\/\/grizzlysduhainaut.fr\/wp-content\/uploads\/2017\/06\/te\u0301le\u0301chargement-32x32.png 32w, https:\/\/grizzlysduhainaut.fr\/wp-content\/uploads\/2017\/06\/te\u0301le\u0301chargement.png 224w\" sizes=\"(max-width: 150px) 100vw, 150px\" \/>\u00a0 \u00a0<img loading=\"lazy\" decoding=\"async\" class=\"alignnone wp-image-1970 size-thumbnail\" src=\"https:\/\/grizzlysduhainaut.fr\/wp-content\/uploads\/2019\/08\/Logo-Mons-150x150.png\" alt=\"Logo Mons\" width=\"150\" height=\"150\" srcset=\"https:\/\/grizzlysduhainaut.fr\/wp-content\/uploads\/2019\/08\/Logo-Mons-150x150.png 150w, https:\/\/grizzlysduhainaut.fr\/wp-content\/uploads\/2019\/08\/Logo-Mons-32x32.png 32w\" sizes=\"(max-width: 150px) 100vw, 150px\" \/>\u00a0 \u00a0<img loading=\"lazy\" decoding=\"async\" class=\"alignnone wp-image-1969 size-full\" src=\"https:\/\/grizzlysduhainaut.fr\/wp-content\/uploads\/2019\/08\/Logo-La-Hulpe.png\" alt=\"Logo La Hulpe\" width=\"150\" height=\"150\" srcset=\"https:\/\/grizzlysduhainaut.fr\/wp-content\/uploads\/2019\/08\/Logo-La-Hulpe.png 150w, https:\/\/grizzlysduhainaut.fr\/wp-content\/uploads\/2019\/08\/Logo-La-Hulpe-128x128.png 128w, https:\/\/grizzlysduhainaut.fr\/wp-content\/uploads\/2019\/08\/Logo-La-Hulpe-32x32.png 32w\" sizes=\"(max-width: 150px) 100vw, 150px\" \/>\u00a0 \u00a0 \u00a0<img loading=\"lazy\" decoding=\"async\" class=\"alignnone wp-image-1125 size-thumbnail\" src=\"https:\/\/grizzlysduhainaut.fr\/wp-content\/uploads\/2017\/07\/Logo-Nordiques-150x150.png\" alt=\"Logo Nordiques de Tourcoing\" width=\"150\" height=\"150\" srcset=\"https:\/\/grizzlysduhainaut.fr\/wp-content\/uploads\/2017\/07\/Logo-Nordiques-150x150.png 150w, https:\/\/grizzlysduhainaut.fr\/wp-content\/uploads\/2017\/07\/Logo-Nordiques-300x300.png 300w, https:\/\/grizzlysduhainaut.fr\/wp-content\/uploads\/2017\/07\/Logo-Nordiques-32x32.png 32w\" sizes=\"(max-width: 150px) 100vw, 150px\" \/> \u00a0<img loading=\"lazy\" decoding=\"async\" class=\"alignnone wp-image-33 \" src=\"https:\/\/grizzlysduhainaut.fr\/wp-content\/uploads\/2017\/05\/logo-grizzly-150x140.png\" alt=\"Logo Grizzly\" width=\"156\" height=\"146\" \/><\/p>\n<h3><span style=\"font-weight: 400\">\u00a0<\/span> <span style=\"font-weight: 400\">\u00a0 Planning des matches<\/span><\/h3>\n<p><img loading=\"lazy\" decoding=\"async\" class=\"alignnone size-full wp-image-1986 aligncenter\" src=\"https:\/\/grizzlysduhainaut.fr\/wp-content\/uploads\/2019\/08\/planning-jeunes.png\" alt=\"\" width=\"480\" height=\"328\" srcset=\"https:\/\/grizzlysduhainaut.fr\/wp-content\/uploads\/2019\/08\/planning-jeunes.png 480w, https:\/\/grizzlysduhainaut.fr\/wp-content\/uploads\/2019\/08\/planning-jeunes-300x205.png 300w, https:\/\/grizzlysduhainaut.fr\/wp-content\/uploads\/2019\/08\/planning-jeunes-128x87.png 128w, https:\/\/grizzlysduhainaut.fr\/wp-content\/uploads\/2019\/08\/planning-jeunes-32x22.png 32w\" sizes=\"(max-width: 480px) 100vw, 480px\" \/><\/p>\n","protected":false},"excerpt":{"rendered":"<p>Pr\u00e9sentation OPEN de Qui\u00e9vrechain 2019 Les Grizzlys du Hainaut remettent le couvert et organisent la 4\u00e8me \u00e9dition de l&rsquo;open de Qui\u00e9vrechain. Cette ann\u00e9e, il se d\u00e9roulera sur le weekend des 21 et 22 septembre, dans le m\u00eame format que les ann\u00e9es pr\u00e9c\u00e9dentes. OPEN FEMININ : 21 septembre 2019 R\u00e8glement 6 \u00e9quipes maximum Les clubs seront [&hellip;]<\/p>\n","protected":false},"author":3,"featured_media":0,"parent":0,"menu_order":0,"comment_status":"closed","ping_status":"closed","template":"","meta":{"footnotes":""},"class_list":["post-1968","page","type-page","status-publish","hentry"],"yoast_head":"<!-- This site is optimized with the Yoast SEO plugin v23.5 - https:\/\/yoast.com\/wordpress\/plugins\/seo\/ -->\n<title>Pr\u00e9sentation Open 2019 - Grizzlys du Hainaut<\/title>\n<meta name=\"robots\" content=\"index, follow, max-snippet:-1, max-image-preview:large, max-video-preview:-1\" \/>\n<link rel=\"canonical\" href=\"https:\/\/grizzlysduhainaut.fr\/index.php\/open-2019\/\" \/>\n<meta property=\"og:locale\" content=\"fr_FR\" \/>\n<meta property=\"og:type\" content=\"article\" \/>\n<meta property=\"og:title\" content=\"Pr\u00e9sentation Open 2019 - Grizzlys du Hainaut\" \/>\n<meta property=\"og:description\" content=\"Pr\u00e9sentation OPEN de Qui\u00e9vrechain 2019 Les Grizzlys du Hainaut remettent le couvert et organisent la 4\u00e8me \u00e9dition de l&rsquo;open de Qui\u00e9vrechain. Cette ann\u00e9e, il se d\u00e9roulera sur le weekend des 21 et 22 septembre, dans le m\u00eame format que les ann\u00e9es pr\u00e9c\u00e9dentes. OPEN FEMININ : 21 septembre 2019 R\u00e8glement 6 \u00e9quipes maximum Les clubs seront [&hellip;]\" \/>\n<meta property=\"og:url\" content=\"https:\/\/grizzlysduhainaut.fr\/index.php\/open-2019\/\" \/>\n<meta property=\"og:site_name\" content=\"Grizzlys du Hainaut\" \/>\n<meta property=\"article:publisher\" content=\"https:\/\/www.facebook.com\/Grizzlys.du.hainaut\/\" \/>\n<meta property=\"article:modified_time\" content=\"2019-10-09T13:59:08+00:00\" \/>\n<meta property=\"og:image\" content=\"http:\/\/grizzlysduhainaut.fr\/wp-content\/uploads\/2019\/08\/Logo-Tornado.jpg\" \/>\n<meta name=\"twitter:card\" content=\"summary_large_image\" \/>\n<meta name=\"twitter:label1\" content=\"Dur\u00e9e de lecture estim\u00e9e\" \/>\n\t<meta name=\"twitter:data1\" content=\"3 minutes\" \/>\n<script type=\"application\/ld+json\" class=\"yoast-schema-graph\">{\"@context\":\"https:\/\/schema.org\",\"@graph\":[{\"@type\":\"WebPage\",\"@id\":\"https:\/\/grizzlysduhainaut.fr\/index.php\/open-2019\/\",\"url\":\"https:\/\/grizzlysduhainaut.fr\/index.php\/open-2019\/\",\"name\":\"Pr\u00e9sentation Open 2019 - Grizzlys du Hainaut\",\"isPartOf\":{\"@id\":\"https:\/\/grizzlysduhainaut.fr\/#website\"},\"primaryImageOfPage\":{\"@id\":\"https:\/\/grizzlysduhainaut.fr\/index.php\/open-2019\/#primaryimage\"},\"image\":{\"@id\":\"https:\/\/grizzlysduhainaut.fr\/index.php\/open-2019\/#primaryimage\"},\"thumbnailUrl\":\"http:\/\/grizzlysduhainaut.fr\/wp-content\/uploads\/2019\/08\/Logo-Tornado.jpg\",\"datePublished\":\"2019-08-02T14:17:43+00:00\",\"dateModified\":\"2019-10-09T13:59:08+00:00\",\"breadcrumb\":{\"@id\":\"https:\/\/grizzlysduhainaut.fr\/index.php\/open-2019\/#breadcrumb\"},\"inLanguage\":\"fr-FR\",\"potentialAction\":[{\"@type\":\"ReadAction\",\"target\":[\"https:\/\/grizzlysduhainaut.fr\/index.php\/open-2019\/\"]}]},{\"@type\":\"ImageObject\",\"inLanguage\":\"fr-FR\",\"@id\":\"https:\/\/grizzlysduhainaut.fr\/index.php\/open-2019\/#primaryimage\",\"url\":\"http:\/\/grizzlysduhainaut.fr\/wp-content\/uploads\/2019\/08\/Logo-Tornado.jpg\",\"contentUrl\":\"http:\/\/grizzlysduhainaut.fr\/wp-content\/uploads\/2019\/08\/Logo-Tornado.jpg\"},{\"@type\":\"BreadcrumbList\",\"@id\":\"https:\/\/grizzlysduhainaut.fr\/index.php\/open-2019\/#breadcrumb\",\"itemListElement\":[{\"@type\":\"ListItem\",\"position\":1,\"name\":\"Accueil\",\"item\":\"https:\/\/grizzlysduhainaut.fr\/\"},{\"@type\":\"ListItem\",\"position\":2,\"name\":\"Pr\u00e9sentation Open 2019\"}]},{\"@type\":\"WebSite\",\"@id\":\"https:\/\/grizzlysduhainaut.fr\/#website\",\"url\":\"https:\/\/grizzlysduhainaut.fr\/\",\"name\":\"Grizzlys du Hainaut\",\"description\":\"L&#039;\u00e9quipe de Floorball de Qui\u00e9vrechain\",\"potentialAction\":[{\"@type\":\"SearchAction\",\"target\":{\"@type\":\"EntryPoint\",\"urlTemplate\":\"https:\/\/grizzlysduhainaut.fr\/?s={search_term_string}\"},\"query-input\":{\"@type\":\"PropertyValueSpecification\",\"valueRequired\":true,\"valueName\":\"search_term_string\"}}],\"inLanguage\":\"fr-FR\"}]}<\/script>\n<!-- \/ Yoast SEO plugin. -->","yoast_head_json":{"title":"Pr\u00e9sentation Open 2019 - Grizzlys du Hainaut","robots":{"index":"index","follow":"follow","max-snippet":"max-snippet:-1","max-image-preview":"max-image-preview:large","max-video-preview":"max-video-preview:-1"},"canonical":"https:\/\/grizzlysduhainaut.fr\/index.php\/open-2019\/","og_locale":"fr_FR","og_type":"article","og_title":"Pr\u00e9sentation Open 2019 - Grizzlys du Hainaut","og_description":"Pr\u00e9sentation OPEN de Qui\u00e9vrechain 2019 Les Grizzlys du Hainaut remettent le couvert et organisent la 4\u00e8me \u00e9dition de l&rsquo;open de Qui\u00e9vrechain. Cette ann\u00e9e, il se d\u00e9roulera sur le weekend des 21 et 22 septembre, dans le m\u00eame format que les ann\u00e9es pr\u00e9c\u00e9dentes. OPEN FEMININ : 21 septembre 2019 R\u00e8glement 6 \u00e9quipes maximum Les clubs seront [&hellip;]","og_url":"https:\/\/grizzlysduhainaut.fr\/index.php\/open-2019\/","og_site_name":"Grizzlys du Hainaut","article_publisher":"https:\/\/www.facebook.com\/Grizzlys.du.hainaut\/","article_modified_time":"2019-10-09T13:59:08+00:00","og_image":[{"url":"http:\/\/grizzlysduhainaut.fr\/wp-content\/uploads\/2019\/08\/Logo-Tornado.jpg"}],"twitter_card":"summary_large_image","twitter_misc":{"Dur\u00e9e de lecture estim\u00e9e":"3 minutes"},"schema":{"@context":"https:\/\/schema.org","@graph":[{"@type":"WebPage","@id":"https:\/\/grizzlysduhainaut.fr\/index.php\/open-2019\/","url":"https:\/\/grizzlysduhainaut.fr\/index.php\/open-2019\/","name":"Pr\u00e9sentation Open 2019 - Grizzlys du Hainaut","isPartOf":{"@id":"https:\/\/grizzlysduhainaut.fr\/#website"},"primaryImageOfPage":{"@id":"https:\/\/grizzlysduhainaut.fr\/index.php\/open-2019\/#primaryimage"},"image":{"@id":"https:\/\/grizzlysduhainaut.fr\/index.php\/open-2019\/#primaryimage"},"thumbnailUrl":"http:\/\/grizzlysduhainaut.fr\/wp-content\/uploads\/2019\/08\/Logo-Tornado.jpg","datePublished":"2019-08-02T14:17:43+00:00","dateModified":"2019-10-09T13:59:08+00:00","breadcrumb":{"@id":"https:\/\/grizzlysduhainaut.fr\/index.php\/open-2019\/#breadcrumb"},"inLanguage":"fr-FR","potentialAction":[{"@type":"ReadAction","target":["https:\/\/grizzlysduhainaut.fr\/index.php\/open-2019\/"]}]},{"@type":"ImageObject","inLanguage":"fr-FR","@id":"https:\/\/grizzlysduhainaut.fr\/index.php\/open-2019\/#primaryimage","url":"http:\/\/grizzlysduhainaut.fr\/wp-content\/uploads\/2019\/08\/Logo-Tornado.jpg","contentUrl":"http:\/\/grizzlysduhainaut.fr\/wp-content\/uploads\/2019\/08\/Logo-Tornado.jpg"},{"@type":"BreadcrumbList","@id":"https:\/\/grizzlysduhainaut.fr\/index.php\/open-2019\/#breadcrumb","itemListElement":[{"@type":"ListItem","position":1,"name":"Accueil","item":"https:\/\/grizzlysduhainaut.fr\/"},{"@type":"ListItem","position":2,"name":"Pr\u00e9sentation Open 2019"}]},{"@type":"WebSite","@id":"https:\/\/grizzlysduhainaut.fr\/#website","url":"https:\/\/grizzlysduhainaut.fr\/","name":"Grizzlys du Hainaut","description":"L&#039;\u00e9quipe de Floorball de Qui\u00e9vrechain","potentialAction":[{"@type":"SearchAction","target":{"@type":"EntryPoint","urlTemplate":"https:\/\/grizzlysduhainaut.fr\/?s={search_term_string}"},"query-input":{"@type":"PropertyValueSpecification","valueRequired":true,"valueName":"search_term_string"}}],"inLanguage":"fr-FR"}]}},"_links":{"self":[{"href":"https:\/\/grizzlysduhainaut.fr\/index.php\/wp-json\/wp\/v2\/pages\/1968"}],"collection":[{"href":"https:\/\/grizzlysduhainaut.fr\/index.php\/wp-json\/wp\/v2\/pages"}],"about":[{"href":"https:\/\/grizzlysduhainaut.fr\/index.php\/wp-json\/wp\/v2\/types\/page"}],"author":[{"embeddable":true,"href":"https:\/\/grizzlysduhainaut.fr\/index.php\/wp-json\/wp\/v2\/users\/3"}],"replies":[{"embeddable":true,"href":"https:\/\/grizzlysduhainaut.fr\/index.php\/wp-json\/wp\/v2\/comments?post=1968"}],"version-history":[{"count":17,"href":"https:\/\/grizzlysduhainaut.fr\/index.php\/wp-json\/wp\/v2\/pages\/1968\/revisions"}],"predecessor-version":[{"id":2126,"href":"https:\/\/grizzlysduhainaut.fr\/index.php\/wp-json\/wp\/v2\/pages\/1968\/revisions\/2126"}],"wp:attachment":[{"href":"https:\/\/grizzlysduhainaut.fr\/index.php\/wp-json\/wp\/v2\/media?parent=1968"}],"curies":[{"name":"wp","href":"https:\/\/api.w.org\/{rel}","templated":true}]}}