{"id":271,"date":"2017-06-01T14:04:22","date_gmt":"2017-06-01T13:04:22","guid":{"rendered":"http:\/\/grizzlysduhainaut.fr\/?page_id=271"},"modified":"2022-11-22T13:55:11","modified_gmt":"2022-11-22T12:55:11","slug":"regles-equipements-floorball","status":"publish","type":"page","link":"https:\/\/grizzlysduhainaut.fr\/index.php\/regles-equipements-floorball\/","title":{"rendered":"R\u00e8gles, \u00e9quipements &amp; valeurs"},"content":{"rendered":"<div id=\"pl-271\"  class=\"panel-layout\" ><div id=\"pg-271-0\"  class=\"panel-grid panel-no-style\" ><div id=\"pgc-271-0-0\"  class=\"panel-grid-cell\" ><div id=\"panel-271-0-0-0\" class=\"so-panel widget widget_sow-editor panel-first-child panel-last-child\" data-index=\"0\" ><div\n\t\t\t\n\t\t\tclass=\"so-widget-sow-editor so-widget-sow-editor-base\"\n\t\t\t\n\t\t><h3 class=\"widget-title\">Tout ce qu'il faut savoir pour pratiquer le floorball<\/h3>\n<div class=\"siteorigin-widget-tinymce textwidget\">\n\t<h4>Les \u00e9quipements<\/h4>\n<\/div>\n<\/div><\/div><\/div><\/div><div id=\"pg-271-1\"  class=\"panel-grid panel-no-style\" ><div id=\"pgc-271-1-0\"  class=\"panel-grid-cell\" ><div id=\"panel-271-1-0-0\" class=\"so-panel widget widget_sow-image panel-first-child\" data-index=\"1\" ><div\n\t\t\t\n\t\t\tclass=\"so-widget-sow-image so-widget-sow-image-default-c67d20f9f743-271\"\n\t\t\t\n\t\t>\n\n<div class=\"sow-image-container\">\n\t\t<img loading=\"lazy\" decoding=\"async\" src=\"https:\/\/grizzlysduhainaut.fr\/wp-content\/uploads\/2017\/06\/Equipements3-1-300x300.png\" width=\"300\" height=\"300\" srcset=\"https:\/\/grizzlysduhainaut.fr\/wp-content\/uploads\/2017\/06\/Equipements3-1-300x300.png 300w, https:\/\/grizzlysduhainaut.fr\/wp-content\/uploads\/2017\/06\/Equipements3-1-150x150.png 150w, https:\/\/grizzlysduhainaut.fr\/wp-content\/uploads\/2017\/06\/Equipements3-1-128x128.png 128w, https:\/\/grizzlysduhainaut.fr\/wp-content\/uploads\/2017\/06\/Equipements3-1-32x32.png 32w, https:\/\/grizzlysduhainaut.fr\/wp-content\/uploads\/2017\/06\/Equipements3-1.png 625w\" sizes=\"(max-width: 300px) 100vw, 300px\" title=\"Equipements3\" alt=\"Tenue de sport de base floobrall\" \t\tclass=\"so-widget-image\"\/>\n\t<\/div>\n\n<\/div><\/div><div id=\"panel-271-1-0-1\" class=\"so-panel widget widget_sow-editor panel-last-child\" data-index=\"2\" ><div\n\t\t\t\n\t\t\tclass=\"so-widget-sow-editor so-widget-sow-editor-base\"\n\t\t\t\n\t\t>\n<div class=\"siteorigin-widget-tinymce textwidget\">\n\t<h6 style=\"text-align: center\">Une tenue de sport de base<\/h6>\n<\/div>\n<\/div><\/div><\/div><div id=\"pgc-271-1-1\"  class=\"panel-grid-cell\" ><div id=\"panel-271-1-1-0\" class=\"so-panel widget widget_sow-image panel-first-child\" data-index=\"3\" ><div\n\t\t\t\n\t\t\tclass=\"so-widget-sow-image so-widget-sow-image-default-c67d20f9f743-271\"\n\t\t\t\n\t\t>\n\n<div class=\"sow-image-container\">\n\t\t<img loading=\"lazy\" decoding=\"async\" src=\"https:\/\/grizzlysduhainaut.fr\/wp-content\/uploads\/2017\/06\/Equipements-1-300x300.png\" width=\"300\" height=\"300\" srcset=\"https:\/\/grizzlysduhainaut.fr\/wp-content\/uploads\/2017\/06\/Equipements-1-300x300.png 300w, https:\/\/grizzlysduhainaut.fr\/wp-content\/uploads\/2017\/06\/Equipements-1-150x150.png 150w, https:\/\/grizzlysduhainaut.fr\/wp-content\/uploads\/2017\/06\/Equipements-1-128x128.png 128w, https:\/\/grizzlysduhainaut.fr\/wp-content\/uploads\/2017\/06\/Equipements-1-32x32.png 32w, https:\/\/grizzlysduhainaut.fr\/wp-content\/uploads\/2017\/06\/Equipements-1.png 625w\" sizes=\"(max-width: 300px) 100vw, 300px\" title=\"Equipements\" alt=\"Une cross l\u00e9g\u00e8re en tenue composite\" \t\tclass=\"so-widget-image\"\/>\n\t<\/div>\n\n<\/div><\/div><div id=\"panel-271-1-1-1\" class=\"so-panel widget widget_sow-editor panel-last-child\" data-index=\"4\" ><div\n\t\t\t\n\t\t\tclass=\"so-widget-sow-editor so-widget-sow-editor-base\"\n\t\t\t\n\t\t>\n<div class=\"siteorigin-widget-tinymce textwidget\">\n\t<h6 style=\"text-align: center\">Une crosse l\u00e9g\u00e8re en tenue composite<\/h6>\n<\/div>\n<\/div><\/div><\/div><div id=\"pgc-271-1-2\"  class=\"panel-grid-cell\" ><div id=\"panel-271-1-2-0\" class=\"so-panel widget widget_sow-image panel-first-child\" data-index=\"5\" ><div\n\t\t\t\n\t\t\tclass=\"so-widget-sow-image so-widget-sow-image-default-c67d20f9f743-271\"\n\t\t\t\n\t\t>\n\n<div class=\"sow-image-container\">\n\t\t<img loading=\"lazy\" decoding=\"async\" src=\"https:\/\/grizzlysduhainaut.fr\/wp-content\/uploads\/2017\/06\/Equipements2-300x300.png\" width=\"300\" height=\"300\" srcset=\"https:\/\/grizzlysduhainaut.fr\/wp-content\/uploads\/2017\/06\/Equipements2-300x300.png 300w, https:\/\/grizzlysduhainaut.fr\/wp-content\/uploads\/2017\/06\/Equipements2-150x150.png 150w, https:\/\/grizzlysduhainaut.fr\/wp-content\/uploads\/2017\/06\/Equipements2-128x128.png 128w, https:\/\/grizzlysduhainaut.fr\/wp-content\/uploads\/2017\/06\/Equipements2-32x32.png 32w, https:\/\/grizzlysduhainaut.fr\/wp-content\/uploads\/2017\/06\/Equipements2.png 625w\" sizes=\"(max-width: 300px) 100vw, 300px\" alt=\"Une balle creuse en plastique\" \t\tclass=\"so-widget-image\"\/>\n\t<\/div>\n\n<\/div><\/div><div id=\"panel-271-1-2-1\" class=\"so-panel widget widget_sow-editor panel-last-child\" data-index=\"6\" ><div\n\t\t\t\n\t\t\tclass=\"so-widget-sow-editor so-widget-sow-editor-base\"\n\t\t\t\n\t\t>\n<div class=\"siteorigin-widget-tinymce textwidget\">\n\t<h6 style=\"text-align: center\">Une balle creuse en plastique<\/h6>\n<\/div>\n<\/div><\/div><\/div><div id=\"pgc-271-1-3\"  class=\"panel-grid-cell\" ><div id=\"panel-271-1-3-0\" class=\"so-panel widget widget_sow-image panel-first-child\" data-index=\"7\" ><div\n\t\t\t\n\t\t\tclass=\"so-widget-sow-image so-widget-sow-image-default-c67d20f9f743-271\"\n\t\t\t\n\t\t>\n\n<div class=\"sow-image-container\">\n\t\t<img loading=\"lazy\" decoding=\"async\" src=\"https:\/\/grizzlysduhainaut.fr\/wp-content\/uploads\/2017\/06\/Equipements4.png\" width=\"625\" height=\"625\" srcset=\"https:\/\/grizzlysduhainaut.fr\/wp-content\/uploads\/2017\/06\/Equipements4.png 625w, https:\/\/grizzlysduhainaut.fr\/wp-content\/uploads\/2017\/06\/Equipements4-150x150.png 150w, https:\/\/grizzlysduhainaut.fr\/wp-content\/uploads\/2017\/06\/Equipements4-300x300.png 300w, https:\/\/grizzlysduhainaut.fr\/wp-content\/uploads\/2017\/06\/Equipements4-128x128.png 128w, https:\/\/grizzlysduhainaut.fr\/wp-content\/uploads\/2017\/06\/Equipements4-32x32.png 32w\" sizes=\"(max-width: 625px) 100vw, 625px\" alt=\"Des protections pour le gardien\" \t\tclass=\"so-widget-image\"\/>\n\t<\/div>\n\n<\/div><\/div><div id=\"panel-271-1-3-1\" class=\"so-panel widget widget_sow-editor panel-last-child\" data-index=\"8\" ><div\n\t\t\t\n\t\t\tclass=\"so-widget-sow-editor so-widget-sow-editor-base\"\n\t\t\t\n\t\t>\n<div class=\"siteorigin-widget-tinymce textwidget\">\n\t<h6 style=\"text-align: center\">Des protections pour le gardien<\/h6>\n<\/div>\n<\/div><\/div><\/div><\/div><div id=\"pg-271-2\"  class=\"panel-grid panel-no-style\" ><div id=\"pgc-271-2-0\"  class=\"panel-grid-cell\" ><div id=\"panel-271-2-0-0\" class=\"so-panel widget widget_sow-editor panel-first-child panel-last-child\" data-index=\"9\" ><div\n\t\t\t\n\t\t\tclass=\"so-widget-sow-editor so-widget-sow-editor-base\"\n\t\t\t\n\t\t>\n<div class=\"siteorigin-widget-tinymce textwidget\">\n\t<h3>L\u2019\u00e9quipe<\/h3>\n<ul>\n<li>5 joueurs de champs : 2 arri\u00e8res \u2013 1 centre \u2013 2 attaquants<\/li>\n<li>1 gardien de buts<\/li>\n<li>Des lignes de rempla\u00e7ants effectuant des rotations tr\u00e8s fr\u00e9quentes<\/li>\n<\/ul>\n<h3 class=\"spip\">Les r\u00e8gles de l'esprit<\/h3>\n<ul>\n<li>Des matches officiels disput\u00e9s en trois tiers-temps de 20 minutes<\/li>\n<li>Des rencontres dirig\u00e9es par deux arbitres<\/li>\n<li>Une discipline \u00e0 part enti\u00e8re qui dispose d\u2019un r\u00e8glement officiel international pr\u00e9cis, inspir\u00e9 de nombreuses disciplines et notamment du hockey sur glace, comme dans le cas de p\u00e9nalit\u00e9s de prison (2, 5 ou 10mn) inflig\u00e9es lors de fautes graves<\/li>\n<li>Un sport \u00e9minemment collectif qui fait appel \u00e0 des techniques et des tactiques sp\u00e9cifiques<\/li>\n<\/ul>\n<h3 class=\"spip\">Atouts et valeurs fondamentales<\/h3>\n<p><strong>1. Collectif<\/strong><\/p>\n<ul>\n<li>Jeu en \u00e9quipe<\/li>\n<li>Solidarit\u00e9<\/li>\n<li>Respect<\/li>\n<li>Int\u00e9gration<\/li>\n<\/ul>\n<p><strong>2. Discipline accessible<\/strong><\/p>\n<ul>\n<li>Investissement financier tr\u00e8s bas<\/li>\n<li>Rapide \u00e0 appr\u00e9hender et \u00e0 appr\u00e9cier<\/li>\n<li>Pas de contact violent<\/li>\n<li>Pas de gabarit hors norme<\/li>\n<\/ul>\n<p><strong>3. Complet<\/strong><\/p>\n<ul>\n<li>Physique : endurance, explosivit\u00e9<\/li>\n<li>Technique : agilit\u00e9, coordination<\/li>\n<li>Intelligent : cr\u00e9ativit\u00e9, prise de d\u00e9cision<\/li>\n<li>Spectaculaire : actions incessantes<\/li>\n<\/ul>\n<p><strong>4. Fair-play<\/strong><\/p>\n<ul>\n<li>Au c\u0153ur des r\u00e8gles : le respect de l\u2019adversaire et des arbitres<\/li>\n<li>Inscrit dans le protocole : l\u2019expression d\u2019un esprit sportif exemplaire<\/li>\n<\/ul>\n<h6>Retrouvez les r\u00e8gles du jeu <a href=\"http:\/\/www.floorball.fr\/Regles-du-Jeu\">ici<\/a> =)<\/h6>\n<\/div>\n<\/div><\/div><\/div><\/div><\/div>","protected":false},"excerpt":{"rendered":"<p>Les \u00e9quipements Une tenue de sport de base Une crosse l\u00e9g\u00e8re en tenue composite Une balle creuse en plastique Des protections pour le gardien<\/p>\n","protected":false},"author":1,"featured_media":0,"parent":0,"menu_order":0,"comment_status":"closed","ping_status":"closed","template":"template-fullwidth.php","meta":{"footnotes":""},"class_list":["post-271","page","type-page","status-publish","hentry"],"yoast_head":"<!-- This site is optimized with the Yoast SEO plugin v23.5 - https:\/\/yoast.com\/wordpress\/plugins\/seo\/ -->\n<title>Les r\u00e8gles et \u00e9quipements pour pratiquer le flooball - Grizzlys du Hainaut<\/title>\n<meta name=\"description\" content=\"Les r\u00e8gles, les \u00e9quipements, les valeurs, tout ce dont vous avez besoin pour devenir un Grizzlys du Hainaut pour d\u00e9fendre les couleurs de Qui\u00e9vrechain !\" \/>\n<meta name=\"robots\" content=\"index, follow, max-snippet:-1, max-image-preview:large, max-video-preview:-1\" \/>\n<link rel=\"canonical\" href=\"https:\/\/grizzlysduhainaut.fr\/index.php\/regles-equipements-floorball\/\" \/>\n<meta property=\"og:locale\" content=\"fr_FR\" \/>\n<meta property=\"og:type\" content=\"article\" \/>\n<meta property=\"og:title\" content=\"Les r\u00e8gles et \u00e9quipements pour pratiquer le flooball - Grizzlys du Hainaut\" \/>\n<meta property=\"og:description\" content=\"Les r\u00e8gles, les \u00e9quipements, les valeurs, tout ce dont vous avez besoin pour devenir un Grizzlys du Hainaut pour d\u00e9fendre les couleurs de Qui\u00e9vrechain !\" \/>\n<meta property=\"og:url\" content=\"https:\/\/grizzlysduhainaut.fr\/index.php\/regles-equipements-floorball\/\" \/>\n<meta property=\"og:site_name\" content=\"Grizzlys du Hainaut\" \/>\n<meta property=\"article:publisher\" content=\"https:\/\/www.facebook.com\/Grizzlys.du.hainaut\/\" \/>\n<meta property=\"article:modified_time\" content=\"2022-11-22T12:55:11+00:00\" \/>\n<meta name=\"twitter:card\" content=\"summary_large_image\" \/>\n<meta name=\"twitter:label1\" content=\"Dur\u00e9e de lecture estim\u00e9e\" \/>\n\t<meta name=\"twitter:data1\" content=\"2 minutes\" \/>\n<script type=\"application\/ld+json\" class=\"yoast-schema-graph\">{\"@context\":\"https:\/\/schema.org\",\"@graph\":[{\"@type\":\"WebPage\",\"@id\":\"https:\/\/grizzlysduhainaut.fr\/index.php\/regles-equipements-floorball\/\",\"url\":\"https:\/\/grizzlysduhainaut.fr\/index.php\/regles-equipements-floorball\/\",\"name\":\"Les r\u00e8gles et \u00e9quipements pour pratiquer le flooball - Grizzlys du Hainaut\",\"isPartOf\":{\"@id\":\"https:\/\/grizzlysduhainaut.fr\/#website\"},\"datePublished\":\"2017-06-01T13:04:22+00:00\",\"dateModified\":\"2022-11-22T12:55:11+00:00\",\"description\":\"Les r\u00e8gles, les \u00e9quipements, les valeurs, tout ce dont vous avez besoin pour devenir un Grizzlys du Hainaut pour d\u00e9fendre les couleurs de Qui\u00e9vrechain !\",\"breadcrumb\":{\"@id\":\"https:\/\/grizzlysduhainaut.fr\/index.php\/regles-equipements-floorball\/#breadcrumb\"},\"inLanguage\":\"fr-FR\",\"potentialAction\":[{\"@type\":\"ReadAction\",\"target\":[\"https:\/\/grizzlysduhainaut.fr\/index.php\/regles-equipements-floorball\/\"]}]},{\"@type\":\"BreadcrumbList\",\"@id\":\"https:\/\/grizzlysduhainaut.fr\/index.php\/regles-equipements-floorball\/#breadcrumb\",\"itemListElement\":[{\"@type\":\"ListItem\",\"position\":1,\"name\":\"Accueil\",\"item\":\"https:\/\/grizzlysduhainaut.fr\/\"},{\"@type\":\"ListItem\",\"position\":2,\"name\":\"R\u00e8gles, \u00e9quipements &amp; valeurs\"}]},{\"@type\":\"WebSite\",\"@id\":\"https:\/\/grizzlysduhainaut.fr\/#website\",\"url\":\"https:\/\/grizzlysduhainaut.fr\/\",\"name\":\"Grizzlys du Hainaut\",\"description\":\"L&#039;\u00e9quipe de Floorball de Qui\u00e9vrechain\",\"potentialAction\":[{\"@type\":\"SearchAction\",\"target\":{\"@type\":\"EntryPoint\",\"urlTemplate\":\"https:\/\/grizzlysduhainaut.fr\/?s={search_term_string}\"},\"query-input\":{\"@type\":\"PropertyValueSpecification\",\"valueRequired\":true,\"valueName\":\"search_term_string\"}}],\"inLanguage\":\"fr-FR\"}]}<\/script>\n<!-- \/ Yoast SEO plugin. -->","yoast_head_json":{"title":"Les r\u00e8gles et \u00e9quipements pour pratiquer le flooball - Grizzlys du Hainaut","description":"Les r\u00e8gles, les \u00e9quipements, les valeurs, tout ce dont vous avez besoin pour devenir un Grizzlys du Hainaut pour d\u00e9fendre les couleurs de Qui\u00e9vrechain !","robots":{"index":"index","follow":"follow","max-snippet":"max-snippet:-1","max-image-preview":"max-image-preview:large","max-video-preview":"max-video-preview:-1"},"canonical":"https:\/\/grizzlysduhainaut.fr\/index.php\/regles-equipements-floorball\/","og_locale":"fr_FR","og_type":"article","og_title":"Les r\u00e8gles et \u00e9quipements pour pratiquer le flooball - Grizzlys du Hainaut","og_description":"Les r\u00e8gles, les \u00e9quipements, les valeurs, tout ce dont vous avez besoin pour devenir un Grizzlys du Hainaut pour d\u00e9fendre les couleurs de Qui\u00e9vrechain !","og_url":"https:\/\/grizzlysduhainaut.fr\/index.php\/regles-equipements-floorball\/","og_site_name":"Grizzlys du Hainaut","article_publisher":"https:\/\/www.facebook.com\/Grizzlys.du.hainaut\/","article_modified_time":"2022-11-22T12:55:11+00:00","twitter_card":"summary_large_image","twitter_misc":{"Dur\u00e9e de lecture estim\u00e9e":"2 minutes"},"schema":{"@context":"https:\/\/schema.org","@graph":[{"@type":"WebPage","@id":"https:\/\/grizzlysduhainaut.fr\/index.php\/regles-equipements-floorball\/","url":"https:\/\/grizzlysduhainaut.fr\/index.php\/regles-equipements-floorball\/","name":"Les r\u00e8gles et \u00e9quipements pour pratiquer le flooball - Grizzlys du Hainaut","isPartOf":{"@id":"https:\/\/grizzlysduhainaut.fr\/#website"},"datePublished":"2017-06-01T13:04:22+00:00","dateModified":"2022-11-22T12:55:11+00:00","description":"Les r\u00e8gles, les \u00e9quipements, les valeurs, tout ce dont vous avez besoin pour devenir un Grizzlys du Hainaut pour d\u00e9fendre les couleurs de Qui\u00e9vrechain !","breadcrumb":{"@id":"https:\/\/grizzlysduhainaut.fr\/index.php\/regles-equipements-floorball\/#breadcrumb"},"inLanguage":"fr-FR","potentialAction":[{"@type":"ReadAction","target":["https:\/\/grizzlysduhainaut.fr\/index.php\/regles-equipements-floorball\/"]}]},{"@type":"BreadcrumbList","@id":"https:\/\/grizzlysduhainaut.fr\/index.php\/regles-equipements-floorball\/#breadcrumb","itemListElement":[{"@type":"ListItem","position":1,"name":"Accueil","item":"https:\/\/grizzlysduhainaut.fr\/"},{"@type":"ListItem","position":2,"name":"R\u00e8gles, \u00e9quipements &amp; valeurs"}]},{"@type":"WebSite","@id":"https:\/\/grizzlysduhainaut.fr\/#website","url":"https:\/\/grizzlysduhainaut.fr\/","name":"Grizzlys du Hainaut","description":"L&#039;\u00e9quipe de Floorball de Qui\u00e9vrechain","potentialAction":[{"@type":"SearchAction","target":{"@type":"EntryPoint","urlTemplate":"https:\/\/grizzlysduhainaut.fr\/?s={search_term_string}"},"query-input":{"@type":"PropertyValueSpecification","valueRequired":true,"valueName":"search_term_string"}}],"inLanguage":"fr-FR"}]}},"_links":{"self":[{"href":"https:\/\/grizzlysduhainaut.fr\/index.php\/wp-json\/wp\/v2\/pages\/271"}],"collection":[{"href":"https:\/\/grizzlysduhainaut.fr\/index.php\/wp-json\/wp\/v2\/pages"}],"about":[{"href":"https:\/\/grizzlysduhainaut.fr\/index.php\/wp-json\/wp\/v2\/types\/page"}],"author":[{"embeddable":true,"href":"https:\/\/grizzlysduhainaut.fr\/index.php\/wp-json\/wp\/v2\/users\/1"}],"replies":[{"embeddable":true,"href":"https:\/\/grizzlysduhainaut.fr\/index.php\/wp-json\/wp\/v2\/comments?post=271"}],"version-history":[{"count":31,"href":"https:\/\/grizzlysduhainaut.fr\/index.php\/wp-json\/wp\/v2\/pages\/271\/revisions"}],"predecessor-version":[{"id":2912,"href":"https:\/\/grizzlysduhainaut.fr\/index.php\/wp-json\/wp\/v2\/pages\/271\/revisions\/2912"}],"wp:attachment":[{"href":"https:\/\/grizzlysduhainaut.fr\/index.php\/wp-json\/wp\/v2\/media?parent=271"}],"curies":[{"name":"wp","href":"https:\/\/api.w.org\/{rel}","templated":true}]}}