{"id":2881,"date":"2022-11-22T10:17:10","date_gmt":"2022-11-22T09:17:10","guid":{"rendered":"https:\/\/grizzlysduhainaut.fr\/?page_id=2881"},"modified":"2022-11-22T10:17:33","modified_gmt":"2022-11-22T09:17:33","slug":"2022-2023-nationale-2","status":"publish","type":"page","link":"https:\/\/grizzlysduhainaut.fr\/index.php\/2022-2023-nationale-2\/","title":{"rendered":"2022\/2023 &#8211; Nationale 2"},"content":{"rendered":"<div id=\"pl-2881\"  class=\"panel-layout\" ><div id=\"pg-2881-0\"  class=\"panel-grid panel-no-style\" ><div id=\"pgc-2881-0-0\"  class=\"panel-grid-cell\" ><div class=\"sp-widget-align-none\"><div id=\"panel-2881-0-0-0\" class=\"so-panel widget widget_sportspress-league-table widget_sportspress widget_league_table widget_sp_league_table panel-first-child panel-last-child\" data-index=\"0\"><h3 class=\"widget-title\">Poule Nord &#8211; Saison r\u00e9guli\u00e8re<\/h3><div class=\"sp-template sp-template-league-table\">\n\t<div class=\"sp-table-wrapper\"><table class=\"sp-league-table sp-data-table sp-sortable-table sp-scrollable-table sp-paginated-table\" data-sp-rows=\"12\"><thead><tr><th class=\"data-rank\">Pos<\/th><th class=\"data-name\">\u00c9quipe<\/th><th class=\"data-pts\">PTS<\/th><th class=\"data-mj\">Jou\u00e9s<\/th><th class=\"data-v\">V<\/th><th class=\"data-n\">N<\/th><th class=\"data-dtwo\">D<\/th><th class=\"data-bptwo\">BP<\/th><th class=\"data-bc\">BC<\/th><th class=\"data-diff\">Diff<\/th><\/tr><\/thead><tbody><tr class=\"odd sp-row-no-0\"><td class=\"data-rank\" data-label=\"Pos\">1<\/td><td class=\"data-name has-logo\" data-label=\"\u00c9quipe\"><a href=\"https:\/\/grizzlysduhainaut.fr\/index.php\/team\/caen-1\/\"><span class=\"team-logo\"><img loading=\"lazy\" decoding=\"async\" width=\"128\" height=\"50\" src=\"https:\/\/grizzlysduhainaut.fr\/wp-content\/uploads\/2017\/06\/LogoFloorballClubCaen-128x50.png\" class=\"attachment-sportspress-fit-icon size-sportspress-fit-icon wp-post-image\" alt=\"Logo Floorball Club Caen\" \/><\/span>CAEN 1<\/a><\/td><td class=\"data-pts\" data-label=\"PTS\">8<\/td><td class=\"data-mj\" data-label=\"Jou\u00e9s\">6<\/td><td class=\"data-v\" data-label=\"V\">5<\/td><td class=\"data-n\" data-label=\"N\">1<\/td><td class=\"data-dtwo\" data-label=\"D\">0<\/td><td class=\"data-bptwo\" data-label=\"BP\">50<\/td><td class=\"data-bc\" data-label=\"BC\">12<\/td><td class=\"data-diff\" data-label=\"Diff\">38<\/td><\/tr><tr class=\"even sp-row-no-1\"><td class=\"data-rank\" data-label=\"Pos\">2<\/td><td class=\"data-name has-logo\" data-label=\"\u00c9quipe\"><a href=\"https:\/\/grizzlysduhainaut.fr\/index.php\/team\/strasbourg\/\"><span class=\"team-logo\"><img loading=\"lazy\" decoding=\"async\" width=\"128\" height=\"98\" src=\"https:\/\/grizzlysduhainaut.fr\/wp-content\/uploads\/2017\/06\/Sentinelles-New-Logo_2002-128x98.png\" class=\"attachment-sportspress-fit-icon size-sportspress-fit-icon wp-post-image\" alt=\"Logo strasbourg\" \/><\/span>STRASBOURG<\/a><\/td><td class=\"data-pts\" data-label=\"PTS\">6<\/td><td class=\"data-mj\" data-label=\"Jou\u00e9s\">6<\/td><td class=\"data-v\" data-label=\"V\">3<\/td><td class=\"data-n\" data-label=\"N\">0<\/td><td class=\"data-dtwo\" data-label=\"D\">3<\/td><td class=\"data-bptwo\" data-label=\"BP\">28<\/td><td class=\"data-bc\" data-label=\"BC\">21<\/td><td class=\"data-diff\" data-label=\"Diff\">7<\/td><\/tr><tr class=\"odd sp-row-no-2\"><td class=\"data-rank\" data-label=\"Pos\">3<\/td><td class=\"data-name has-logo\" data-label=\"\u00c9quipe\"><a href=\"http:\/\/www.nordiques.net\/\"><span class=\"team-logo\"><img loading=\"lazy\" decoding=\"async\" width=\"128\" height=\"125\" src=\"https:\/\/grizzlysduhainaut.fr\/wp-content\/uploads\/2017\/07\/Logo-Nordiques-128x125.png\" class=\"attachment-sportspress-fit-icon size-sportspress-fit-icon wp-post-image\" alt=\"Logo Nordiques de Tourcoing\" \/><\/span>Nordiques Tourcoing<\/a><\/td><td class=\"data-pts\" data-label=\"PTS\">1<\/td><td class=\"data-mj\" data-label=\"Jou\u00e9s\">6<\/td><td class=\"data-v\" data-label=\"V\">2<\/td><td class=\"data-n\" data-label=\"N\">1<\/td><td class=\"data-dtwo\" data-label=\"D\">3<\/td><td class=\"data-bptwo\" data-label=\"BP\">22<\/td><td class=\"data-bc\" data-label=\"BC\">32<\/td><td class=\"data-diff\" data-label=\"Diff\">-10<\/td><\/tr><tr class=\"even highlighted sp-row-no-3\"><td class=\"data-rank sp-highlight\" data-label=\"Pos\">4<\/td><td class=\"data-name has-logo sp-highlight\" data-label=\"\u00c9quipe\"><a href=\"https:\/\/grizzlysduhainaut.fr\/index.php\/team\/grizzly-du-hainaut\/\"><span class=\"team-logo\"><img loading=\"lazy\" decoding=\"async\" width=\"128\" height=\"128\" src=\"https:\/\/grizzlysduhainaut.fr\/wp-content\/uploads\/2017\/05\/cropped-cropped-logo-grizzly.png\" class=\"attachment-sportspress-fit-icon size-sportspress-fit-icon wp-post-image\" alt=\"\" \/><\/span>Grizzlys du Hainaut<\/a><\/td><td class=\"data-pts sp-highlight\" data-label=\"PTS\">0<\/td><td class=\"data-mj sp-highlight\" data-label=\"Jou\u00e9s\">6<\/td><td class=\"data-v sp-highlight\" data-label=\"V\">1<\/td><td class=\"data-n sp-highlight\" data-label=\"N\">0<\/td><td class=\"data-dtwo sp-highlight\" data-label=\"D\">5<\/td><td class=\"data-bptwo sp-highlight\" data-label=\"BP\">18<\/td><td class=\"data-bc sp-highlight\" data-label=\"BC\">53<\/td><td class=\"data-diff sp-highlight\" data-label=\"Diff\">-35<\/td><\/tr><\/tbody><\/table><\/div><\/div>\n<\/div><\/div><\/div><\/div><\/div>","protected":false},"excerpt":{"rendered":"<p>Poule Nord &#8211; Saison r\u00e9guli\u00e8re Pos\u00c9quipePTSJou\u00e9sVNDBPBCDiff1CAEN 1865105012382STRASBOURG66303282173Nordiques Tourcoing162132232-104Grizzlys du Hainaut061051853-35<\/p>\n","protected":false},"author":3,"featured_media":0,"parent":0,"menu_order":0,"comment_status":"closed","ping_status":"closed","template":"","meta":{"footnotes":""},"class_list":["post-2881","page","type-page","status-publish","hentry"],"yoast_head":"<!-- This site is optimized with the Yoast SEO plugin v23.5 - https:\/\/yoast.com\/wordpress\/plugins\/seo\/ -->\n<title>2022\/2023 - Nationale 2 - Grizzlys du Hainaut<\/title>\n<meta name=\"robots\" content=\"index, follow, max-snippet:-1, max-image-preview:large, max-video-preview:-1\" \/>\n<link rel=\"canonical\" href=\"https:\/\/grizzlysduhainaut.fr\/index.php\/2022-2023-nationale-2\/\" \/>\n<meta property=\"og:locale\" content=\"fr_FR\" \/>\n<meta property=\"og:type\" content=\"article\" \/>\n<meta property=\"og:title\" content=\"2022\/2023 - Nationale 2 - Grizzlys du Hainaut\" \/>\n<meta property=\"og:description\" content=\"Poule Nord &#8211; Saison r\u00e9guli\u00e8re Pos\u00c9quipePTSJou\u00e9sVNDBPBCDiff1CAEN 1865105012382STRASBOURG66303282173Nordiques Tourcoing162132232-104Grizzlys du Hainaut061051853-35\" \/>\n<meta property=\"og:url\" content=\"https:\/\/grizzlysduhainaut.fr\/index.php\/2022-2023-nationale-2\/\" \/>\n<meta property=\"og:site_name\" content=\"Grizzlys du Hainaut\" \/>\n<meta property=\"article:publisher\" content=\"https:\/\/www.facebook.com\/Grizzlys.du.hainaut\/\" \/>\n<meta property=\"article:modified_time\" content=\"2022-11-22T09:17:33+00:00\" \/>\n<meta name=\"twitter:card\" content=\"summary_large_image\" \/>\n<meta name=\"twitter:label1\" content=\"Dur\u00e9e de lecture estim\u00e9e\" \/>\n\t<meta name=\"twitter:data1\" content=\"1 minute\" \/>\n<script type=\"application\/ld+json\" class=\"yoast-schema-graph\">{\"@context\":\"https:\/\/schema.org\",\"@graph\":[{\"@type\":\"WebPage\",\"@id\":\"https:\/\/grizzlysduhainaut.fr\/index.php\/2022-2023-nationale-2\/\",\"url\":\"https:\/\/grizzlysduhainaut.fr\/index.php\/2022-2023-nationale-2\/\",\"name\":\"2022\/2023 - Nationale 2 - Grizzlys du Hainaut\",\"isPartOf\":{\"@id\":\"https:\/\/grizzlysduhainaut.fr\/#website\"},\"datePublished\":\"2022-11-22T09:17:10+00:00\",\"dateModified\":\"2022-11-22T09:17:33+00:00\",\"breadcrumb\":{\"@id\":\"https:\/\/grizzlysduhainaut.fr\/index.php\/2022-2023-nationale-2\/#breadcrumb\"},\"inLanguage\":\"fr-FR\",\"potentialAction\":[{\"@type\":\"ReadAction\",\"target\":[\"https:\/\/grizzlysduhainaut.fr\/index.php\/2022-2023-nationale-2\/\"]}]},{\"@type\":\"BreadcrumbList\",\"@id\":\"https:\/\/grizzlysduhainaut.fr\/index.php\/2022-2023-nationale-2\/#breadcrumb\",\"itemListElement\":[{\"@type\":\"ListItem\",\"position\":1,\"name\":\"Accueil\",\"item\":\"https:\/\/grizzlysduhainaut.fr\/\"},{\"@type\":\"ListItem\",\"position\":2,\"name\":\"2022\/2023 &#8211; Nationale 2\"}]},{\"@type\":\"WebSite\",\"@id\":\"https:\/\/grizzlysduhainaut.fr\/#website\",\"url\":\"https:\/\/grizzlysduhainaut.fr\/\",\"name\":\"Grizzlys du Hainaut\",\"description\":\"L&#039;\u00e9quipe de Floorball de Qui\u00e9vrechain\",\"potentialAction\":[{\"@type\":\"SearchAction\",\"target\":{\"@type\":\"EntryPoint\",\"urlTemplate\":\"https:\/\/grizzlysduhainaut.fr\/?s={search_term_string}\"},\"query-input\":{\"@type\":\"PropertyValueSpecification\",\"valueRequired\":true,\"valueName\":\"search_term_string\"}}],\"inLanguage\":\"fr-FR\"}]}<\/script>\n<!-- \/ Yoast SEO plugin. -->","yoast_head_json":{"title":"2022\/2023 - Nationale 2 - Grizzlys du Hainaut","robots":{"index":"index","follow":"follow","max-snippet":"max-snippet:-1","max-image-preview":"max-image-preview:large","max-video-preview":"max-video-preview:-1"},"canonical":"https:\/\/grizzlysduhainaut.fr\/index.php\/2022-2023-nationale-2\/","og_locale":"fr_FR","og_type":"article","og_title":"2022\/2023 - Nationale 2 - Grizzlys du Hainaut","og_description":"Poule Nord &#8211; Saison r\u00e9guli\u00e8re Pos\u00c9quipePTSJou\u00e9sVNDBPBCDiff1CAEN 1865105012382STRASBOURG66303282173Nordiques Tourcoing162132232-104Grizzlys du Hainaut061051853-35","og_url":"https:\/\/grizzlysduhainaut.fr\/index.php\/2022-2023-nationale-2\/","og_site_name":"Grizzlys du Hainaut","article_publisher":"https:\/\/www.facebook.com\/Grizzlys.du.hainaut\/","article_modified_time":"2022-11-22T09:17:33+00:00","twitter_card":"summary_large_image","twitter_misc":{"Dur\u00e9e de lecture estim\u00e9e":"1 minute"},"schema":{"@context":"https:\/\/schema.org","@graph":[{"@type":"WebPage","@id":"https:\/\/grizzlysduhainaut.fr\/index.php\/2022-2023-nationale-2\/","url":"https:\/\/grizzlysduhainaut.fr\/index.php\/2022-2023-nationale-2\/","name":"2022\/2023 - Nationale 2 - Grizzlys du Hainaut","isPartOf":{"@id":"https:\/\/grizzlysduhainaut.fr\/#website"},"datePublished":"2022-11-22T09:17:10+00:00","dateModified":"2022-11-22T09:17:33+00:00","breadcrumb":{"@id":"https:\/\/grizzlysduhainaut.fr\/index.php\/2022-2023-nationale-2\/#breadcrumb"},"inLanguage":"fr-FR","potentialAction":[{"@type":"ReadAction","target":["https:\/\/grizzlysduhainaut.fr\/index.php\/2022-2023-nationale-2\/"]}]},{"@type":"BreadcrumbList","@id":"https:\/\/grizzlysduhainaut.fr\/index.php\/2022-2023-nationale-2\/#breadcrumb","itemListElement":[{"@type":"ListItem","position":1,"name":"Accueil","item":"https:\/\/grizzlysduhainaut.fr\/"},{"@type":"ListItem","position":2,"name":"2022\/2023 &#8211; Nationale 2"}]},{"@type":"WebSite","@id":"https:\/\/grizzlysduhainaut.fr\/#website","url":"https:\/\/grizzlysduhainaut.fr\/","name":"Grizzlys du Hainaut","description":"L&#039;\u00e9quipe de Floorball de Qui\u00e9vrechain","potentialAction":[{"@type":"SearchAction","target":{"@type":"EntryPoint","urlTemplate":"https:\/\/grizzlysduhainaut.fr\/?s={search_term_string}"},"query-input":{"@type":"PropertyValueSpecification","valueRequired":true,"valueName":"search_term_string"}}],"inLanguage":"fr-FR"}]}},"_links":{"self":[{"href":"https:\/\/grizzlysduhainaut.fr\/index.php\/wp-json\/wp\/v2\/pages\/2881"}],"collection":[{"href":"https:\/\/grizzlysduhainaut.fr\/index.php\/wp-json\/wp\/v2\/pages"}],"about":[{"href":"https:\/\/grizzlysduhainaut.fr\/index.php\/wp-json\/wp\/v2\/types\/page"}],"author":[{"embeddable":true,"href":"https:\/\/grizzlysduhainaut.fr\/index.php\/wp-json\/wp\/v2\/users\/3"}],"replies":[{"embeddable":true,"href":"https:\/\/grizzlysduhainaut.fr\/index.php\/wp-json\/wp\/v2\/comments?post=2881"}],"version-history":[{"count":6,"href":"https:\/\/grizzlysduhainaut.fr\/index.php\/wp-json\/wp\/v2\/pages\/2881\/revisions"}],"predecessor-version":[{"id":2887,"href":"https:\/\/grizzlysduhainaut.fr\/index.php\/wp-json\/wp\/v2\/pages\/2881\/revisions\/2887"}],"wp:attachment":[{"href":"https:\/\/grizzlysduhainaut.fr\/index.php\/wp-json\/wp\/v2\/media?parent=2881"}],"curies":[{"name":"wp","href":"https:\/\/api.w.org\/{rel}","templated":true}]}}