{"id":3030,"date":"2024-03-26T15:52:41","date_gmt":"2024-03-26T14:52:41","guid":{"rendered":"http:\/\/grizzlysduhainaut.fr\/?page_id=3030"},"modified":"2024-09-02T10:51:22","modified_gmt":"2024-09-02T09:51:22","slug":"2023-2024-division-3","status":"publish","type":"page","link":"https:\/\/grizzlysduhainaut.fr\/index.php\/2023-2024-division-3\/","title":{"rendered":"2023\/2024 &#8211; Division 3"},"content":{"rendered":"<div id=\"pl-3030\"  class=\"panel-layout\" ><div id=\"pg-3030-0\"  class=\"panel-grid panel-no-style\" ><div id=\"pgc-3030-0-0\"  class=\"panel-grid-cell\" ><div class=\"sp-widget-align-none\"><div id=\"panel-3030-0-0-0\" class=\"so-panel widget widget_sportspress-league-table widget_sportspress widget_league_table widget_sp_league_table panel-first-child\" data-index=\"0\"><h3 class=\"widget-title\">Poule Nord &#8211; Saison r\u00e9guli\u00e8re<\/h3><div class=\"sp-template sp-template-league-table\">\n\t<div class=\"sp-table-wrapper\"><table class=\"sp-league-table sp-data-table sp-sortable-table sp-scrollable-table sp-paginated-table\" data-sp-rows=\"12\"><thead><tr><th class=\"data-rank\">Pos<\/th><th class=\"data-name\">\u00c9quipe<\/th><th class=\"data-pts\">PTS<\/th><th class=\"data-mj\">Jou\u00e9s<\/th><th class=\"data-v\">V<\/th><th class=\"data-n\">N<\/th><th class=\"data-dtwo\">D<\/th><th class=\"data-bptwo\">BP<\/th><th class=\"data-bc\">BC<\/th><th class=\"data-diff\">Diff<\/th><\/tr><\/thead><tbody><tr class=\"odd sp-row-no-0\"><td class=\"data-rank\" data-label=\"Pos\">1<\/td><td class=\"data-name has-logo\" data-label=\"\u00c9quipe\"><a href=\"https:\/\/grizzlysduhainaut.fr\/index.php\/team\/grizzly-du-hainaut\/\"><span class=\"team-logo\"><img loading=\"lazy\" decoding=\"async\" width=\"128\" height=\"128\" src=\"https:\/\/grizzlysduhainaut.fr\/wp-content\/uploads\/2017\/05\/cropped-cropped-logo-grizzly.png\" class=\"attachment-sportspress-fit-icon size-sportspress-fit-icon wp-post-image\" alt=\"\" \/><\/span>Grizzlys du Hainaut<\/a><\/td><td class=\"data-pts\" data-label=\"PTS\">30<\/td><td class=\"data-mj\" data-label=\"Jou\u00e9s\">10<\/td><td class=\"data-v\" data-label=\"V\">10<\/td><td class=\"data-n\" data-label=\"N\">0<\/td><td class=\"data-dtwo\" data-label=\"D\">0<\/td><td class=\"data-bptwo\" data-label=\"BP\">92<\/td><td class=\"data-bc\" data-label=\"BC\">16<\/td><td class=\"data-diff\" data-label=\"Diff\">76<\/td><\/tr><tr class=\"even sp-row-no-1\"><td class=\"data-rank\" data-label=\"Pos\">2<\/td><td class=\"data-name has-logo\" data-label=\"\u00c9quipe\"><a href=\"https:\/\/grizzlysduhainaut.fr\/index.php\/team\/lions-flamands\/\"><span class=\"team-logo\"><img loading=\"lazy\" decoding=\"async\" width=\"128\" height=\"128\" src=\"https:\/\/grizzlysduhainaut.fr\/wp-content\/uploads\/2023\/09\/Lions-Flamands-128x128.jpg\" class=\"attachment-sportspress-fit-icon size-sportspress-fit-icon wp-post-image\" alt=\"\" \/><\/span>Lions Flamands<\/a><\/td><td class=\"data-pts\" data-label=\"PTS\">24<\/td><td class=\"data-mj\" data-label=\"Jou\u00e9s\">10<\/td><td class=\"data-v\" data-label=\"V\">8<\/td><td class=\"data-n\" data-label=\"N\">0<\/td><td class=\"data-dtwo\" data-label=\"D\">2<\/td><td class=\"data-bptwo\" data-label=\"BP\">70<\/td><td class=\"data-bc\" data-label=\"BC\">25<\/td><td class=\"data-diff\" data-label=\"Diff\">45<\/td><\/tr><tr class=\"odd sp-row-no-2\"><td class=\"data-rank\" data-label=\"Pos\">3<\/td><td class=\"data-name has-logo\" data-label=\"\u00c9quipe\"><a href=\"https:\/\/grizzlysduhainaut.fr\/index.php\/team\/nordiques-de-tourcoing-2\/\"><span class=\"team-logo\"><img loading=\"lazy\" decoding=\"async\" width=\"128\" height=\"125\" src=\"https:\/\/grizzlysduhainaut.fr\/wp-content\/uploads\/2017\/07\/Logo-Nordiques-128x125.png\" class=\"attachment-sportspress-fit-icon size-sportspress-fit-icon wp-post-image\" alt=\"Logo Nordiques de Tourcoing\" \/><\/span>Nordiques de Tourcoing 2<\/a><\/td><td class=\"data-pts\" data-label=\"PTS\">15<\/td><td class=\"data-mj\" data-label=\"Jou\u00e9s\">10<\/td><td class=\"data-v\" data-label=\"V\">5<\/td><td class=\"data-n\" data-label=\"N\">0<\/td><td class=\"data-dtwo\" data-label=\"D\">5<\/td><td class=\"data-bptwo\" data-label=\"BP\">56<\/td><td class=\"data-bc\" data-label=\"BC\">30<\/td><td class=\"data-diff\" data-label=\"Diff\">26<\/td><\/tr><tr class=\"even sp-row-no-3\"><td class=\"data-rank\" data-label=\"Pos\">4<\/td><td class=\"data-name has-logo\" data-label=\"\u00c9quipe\"><a href=\"https:\/\/grizzlysduhainaut.fr\/index.php\/team\/hoplites2\/\"><span class=\"team-logo\"><img loading=\"lazy\" decoding=\"async\" width=\"128\" height=\"128\" src=\"https:\/\/grizzlysduhainaut.fr\/wp-content\/uploads\/2019\/10\/Logo-Amiens-128x128.png\" class=\"attachment-sportspress-fit-icon size-sportspress-fit-icon wp-post-image\" alt=\"\" \/><\/span>Amiens 2<\/a><\/td><td class=\"data-pts\" data-label=\"PTS\">12<\/td><td class=\"data-mj\" data-label=\"Jou\u00e9s\">10<\/td><td class=\"data-v\" data-label=\"V\">4<\/td><td class=\"data-n\" data-label=\"N\">0<\/td><td class=\"data-dtwo\" data-label=\"D\">6<\/td><td class=\"data-bptwo\" data-label=\"BP\">44<\/td><td class=\"data-bc\" data-label=\"BC\">72<\/td><td class=\"data-diff\" data-label=\"Diff\">-28<\/td><\/tr><tr class=\"odd sp-row-no-4\"><td class=\"data-rank\" data-label=\"Pos\">5<\/td><td class=\"data-name has-logo\" data-label=\"\u00c9quipe\"><a href=\"https:\/\/grizzlysduhainaut.fr\/index.php\/team\/titans-dartois\/\"><span class=\"team-logo\"><img loading=\"lazy\" decoding=\"async\" width=\"128\" height=\"128\" src=\"https:\/\/grizzlysduhainaut.fr\/wp-content\/uploads\/2023\/09\/Titans-dArtois-128x128.jpg\" class=\"attachment-sportspress-fit-icon size-sportspress-fit-icon wp-post-image\" alt=\"\" \/><\/span>Titans d&rsquo;Artois<\/a><\/td><td class=\"data-pts\" data-label=\"PTS\">6<\/td><td class=\"data-mj\" data-label=\"Jou\u00e9s\">10<\/td><td class=\"data-v\" data-label=\"V\">2<\/td><td class=\"data-n\" data-label=\"N\">0<\/td><td class=\"data-dtwo\" data-label=\"D\">8<\/td><td class=\"data-bptwo\" data-label=\"BP\">18<\/td><td class=\"data-bc\" data-label=\"BC\">63<\/td><td class=\"data-diff\" data-label=\"Diff\">-45<\/td><\/tr><tr class=\"even sp-row-no-5\"><td class=\"data-rank\" data-label=\"Pos\">6<\/td><td class=\"data-name has-logo\" data-label=\"\u00c9quipe\"><a href=\"https:\/\/grizzlysduhainaut.fr\/index.php\/team\/brunoy\/\"><span class=\"team-logo\"><img loading=\"lazy\" decoding=\"async\" width=\"128\" height=\"128\" src=\"https:\/\/grizzlysduhainaut.fr\/wp-content\/uploads\/2020\/06\/logo-Brunoy-128x128.jpg\" class=\"attachment-sportspress-fit-icon size-sportspress-fit-icon wp-post-image\" alt=\"\" \/><\/span>Brunoy<\/a><\/td><td class=\"data-pts\" data-label=\"PTS\">3<\/td><td class=\"data-mj\" data-label=\"Jou\u00e9s\">10<\/td><td class=\"data-v\" data-label=\"V\">1<\/td><td class=\"data-n\" data-label=\"N\">0<\/td><td class=\"data-dtwo\" data-label=\"D\">9<\/td><td class=\"data-bptwo\" data-label=\"BP\">14<\/td><td class=\"data-bc\" data-label=\"BC\">88<\/td><td class=\"data-diff\" data-label=\"Diff\">-74<\/td><\/tr><\/tbody><\/table><\/div><\/div>\n<\/div><\/div><div class=\"sp-widget-align-none\"><div id=\"panel-3030-0-0-1\" class=\"so-panel widget widget_sportspress-event-blocks widget_sportspress widget_sp_event_blocks\" data-index=\"1\"><h3 class=\"widget-title\">PLAYOFFS<\/h3><h4 class=\"sp-table-caption\">1\/8 DE FINALE<\/h4><div class=\"sp-template sp-template-event-blocks\">\n\t<div class=\"sp-table-wrapper\">\n\t\t<table class=\"sp-event-blocks sp-data-table\n\t\t\t\t\t sp-paginated-table\" data-sp-rows=\"20\">\n\t\t\t<thead><tr><th><\/th><\/tr><\/thead> \t\t\t<tbody>\n\t\t\t\t\t\t\t\t\t<tr class=\"sp-row sp-post alternate\" itemscope itemtype=\"http:\/\/schema.org\/SportsEvent\">\n\t\t\t\t\t\t<td>\n\t\t\t\t\t\t\t\t\t\t\t\t\t\t<span class=\"team-logo logo-odd\" title=\"Montbazon \/ Tours\"><a href=\"https:\/\/grizzlysduhainaut.fr\/index.php\/team\/montbazon-tours\/\"><img loading=\"lazy\" decoding=\"async\" width=\"128\" height=\"110\" src=\"https:\/\/grizzlysduhainaut.fr\/wp-content\/uploads\/2024\/09\/Montbazon-128x110.jpg\" class=\"attachment-sportspress-fit-icon size-sportspress-fit-icon wp-post-image\" alt=\"\" \/><\/a><\/span> <span class=\"team-logo logo-even\" title=\"Grizzlys du Hainaut\"><a href=\"https:\/\/grizzlysduhainaut.fr\/index.php\/team\/grizzly-du-hainaut\/\"><img loading=\"lazy\" decoding=\"async\" width=\"128\" height=\"128\" src=\"https:\/\/grizzlysduhainaut.fr\/wp-content\/uploads\/2017\/05\/cropped-cropped-logo-grizzly.png\" class=\"attachment-sportspress-fit-icon size-sportspress-fit-icon wp-post-image\" alt=\"\" \/><\/a><\/span>\t\t\t\t\t\t\t<time class=\"sp-event-date\" datetime=\"2024-05-11 12:30:55\" itemprop=\"startDate\" content=\"2024-05-11T12:30+01:00\">\n\t\t\t\t\t\t\t\t<a href=\"https:\/\/grizzlysduhainaut.fr\/index.php\/event\/montbazon-tours-grizzlys-du-hainaut\/\">mai 11, 2024<\/a>\t\t\t\t\t\t\t<\/time>\n\t\t\t\t\t\t\t\t\t\t\t\t\t\t<h5 class=\"sp-event-results\">\n\t\t\t\t\t\t\t\t<a href=\"https:\/\/grizzlysduhainaut.fr\/index.php\/event\/montbazon-tours-grizzlys-du-hainaut\/\"><span class=\"sp-result ok\">2<\/span> - <span class=\"sp-result\">5<\/span><\/a>\t\t\t\t\t\t\t<\/h5>\n\t\t\t\t\t\t\t\t\t\t\t\t\t\t\t<div class=\"sp-event-league\">1\/8\u00e8me de finale D3<\/div>\n\t\t\t\t\t\t\t\t\t\t\t\t\t\t\t\t\t\t\t\t\t\t\t\t\t\t\t\t\t\t<div class=\"sp-event-season\">2023-2024<\/div>\n\t\t\t\t\t\t\t\t\t\t\t\t\t\t\t\t\t\t\t\t\t\t\t\t\t\t\t\t\t\t\t\t\t\t\t\t\t<div style=\"display:none;\" class=\"sp-event-venue\" itemprop=\"location\" itemscope itemtype=\"http:\/\/schema.org\/Place\"><div itemprop=\"address\" itemscope itemtype=\"http:\/\/schema.org\/PostalAddress\">N\/C<\/div><\/div>\n\t\t\t\t\t\t\t\t\t\t\t\t\t\t<h4 class=\"sp-event-title\" itemprop=\"name\">\n\t\t\t\t\t\t\t\t<a href=\"https:\/\/grizzlysduhainaut.fr\/index.php\/event\/montbazon-tours-grizzlys-du-hainaut\/\">Montbazon \/ Tours \u2014 Grizzlys du Hainaut<\/a>\t\t\t\t\t\t\t<\/h4>\n\t\t\t\t\t\t\t\n\t\t\t\t\t\t<\/td>\n\t\t\t\t\t<\/tr>\n\t\t\t\t\t\t\t\t<\/tbody>\n\t\t<\/table>\n\t<\/div>\n\t<div class=\"sp-calendar-link sp-view-all-link\"><a href=\"https:\/\/grizzlysduhainaut.fr\/index.php\/calendar\/playoffs-1-8-de-finale\/\">Voir tous les \u00e9v\u00e8nements<\/a><\/div><\/div>\n<\/div><\/div><div class=\"sp-widget-align-none\"><div id=\"panel-3030-0-0-2\" class=\"so-panel widget widget_sportspress-event-blocks widget_sportspress widget_sp_event_blocks panel-last-child\" data-index=\"2\"><h4 class=\"sp-table-caption\">1\/4 DE FINALE<\/h4><div class=\"sp-template sp-template-event-blocks\">\n\t<div class=\"sp-table-wrapper\">\n\t\t<table class=\"sp-event-blocks sp-data-table\n\t\t\t\t\t sp-paginated-table\" data-sp-rows=\"20\">\n\t\t\t<thead><tr><th><\/th><\/tr><\/thead> \t\t\t<tbody>\n\t\t\t\t\t\t\t\t\t<tr class=\"sp-row sp-post alternate\" itemscope itemtype=\"http:\/\/schema.org\/SportsEvent\">\n\t\t\t\t\t\t<td>\n\t\t\t\t\t\t\t\t\t\t\t\t\t\t<span class=\"team-logo logo-odd\" title=\"Brest\"><a href=\"https:\/\/grizzlysduhainaut.fr\/index.php\/team\/brest\/\"><img loading=\"lazy\" decoding=\"async\" width=\"128\" height=\"107\" src=\"https:\/\/grizzlysduhainaut.fr\/wp-content\/uploads\/2017\/06\/Capture-d\u2019e\u0301cran-2017-06-01-a\u0300-16.14.17-1-128x107.png\" class=\"attachment-sportspress-fit-icon size-sportspress-fit-icon wp-post-image\" alt=\"Logo Celtics\" \/><\/a><\/span> <span class=\"team-logo logo-even\" title=\"Grizzlys du Hainaut\"><a href=\"https:\/\/grizzlysduhainaut.fr\/index.php\/team\/grizzly-du-hainaut\/\"><img loading=\"lazy\" decoding=\"async\" width=\"128\" height=\"128\" src=\"https:\/\/grizzlysduhainaut.fr\/wp-content\/uploads\/2017\/05\/cropped-cropped-logo-grizzly.png\" class=\"attachment-sportspress-fit-icon size-sportspress-fit-icon wp-post-image\" alt=\"\" \/><\/a><\/span>\t\t\t\t\t\t\t<time class=\"sp-event-date\" datetime=\"2024-05-12 15:00:00\" itemprop=\"startDate\" content=\"2024-05-12T15:00+01:00\">\n\t\t\t\t\t\t\t\t<a href=\"https:\/\/grizzlysduhainaut.fr\/index.php\/event\/brest-grizzlys-du-hainaut\/\">mai 12, 2024<\/a>\t\t\t\t\t\t\t<\/time>\n\t\t\t\t\t\t\t\t\t\t\t\t\t\t<h5 class=\"sp-event-results\">\n\t\t\t\t\t\t\t\t<a href=\"https:\/\/grizzlysduhainaut.fr\/index.php\/event\/brest-grizzlys-du-hainaut\/\"><span class=\"sp-result ok\">5 (TAB : 3)<\/span> - <span class=\"sp-result\">5 (TAB : 2)<\/span><\/a>\t\t\t\t\t\t\t<\/h5>\n\t\t\t\t\t\t\t\t\t\t\t\t\t\t\t<div class=\"sp-event-league\">1\/4 de finale D3<\/div>\n\t\t\t\t\t\t\t\t\t\t\t\t\t\t\t\t\t\t\t\t\t\t\t\t\t\t\t\t\t\t<div class=\"sp-event-season\">2023-2024<\/div>\n\t\t\t\t\t\t\t\t\t\t\t\t\t\t\t\t\t\t\t\t\t\t\t\t\t\t\t\t\t\t\t\t\t\t\t\t\t<div style=\"display:none;\" class=\"sp-event-venue\" itemprop=\"location\" itemscope itemtype=\"http:\/\/schema.org\/Place\"><div itemprop=\"address\" itemscope itemtype=\"http:\/\/schema.org\/PostalAddress\">N\/C<\/div><\/div>\n\t\t\t\t\t\t\t\t\t\t\t\t\t\t<h4 class=\"sp-event-title\" itemprop=\"name\">\n\t\t\t\t\t\t\t\t<a href=\"https:\/\/grizzlysduhainaut.fr\/index.php\/event\/brest-grizzlys-du-hainaut\/\">Brest \u2014 Grizzlys du Hainaut<\/a>\t\t\t\t\t\t\t<\/h4>\n\t\t\t\t\t\t\t\n\t\t\t\t\t\t<\/td>\n\t\t\t\t\t<\/tr>\n\t\t\t\t\t\t\t\t<\/tbody>\n\t\t<\/table>\n\t<\/div>\n\t<div class=\"sp-calendar-link sp-view-all-link\"><a href=\"https:\/\/grizzlysduhainaut.fr\/index.php\/calendar\/playoffs-1-4-de-finale\/\">Voir tous les \u00e9v\u00e8nements<\/a><\/div><\/div>\n<\/div><\/div><\/div><\/div><\/div>","protected":false},"excerpt":{"rendered":"<p>Poule Nord &#8211; Saison r\u00e9guli\u00e8re Pos\u00c9quipePTSJou\u00e9sVNDBPBCDiff1Grizzlys du Hainaut301010009216762Lions Flamands24108027025453Nordiques de Tourcoing 215105055630264Amiens 212104064472-285Titans d&rsquo;Artois6102081863-456Brunoy3101091488-74 PLAYOFFS1\/8 DE FINALE mai 11, 2024 2 &#8211; 5 1\/8\u00e8me de finale D3 2023-2024 N\/C Montbazon \/ Tours \u2014 Grizzlys du Hainaut Voir tous les \u00e9v\u00e8nements 1\/4 DE FINALE mai 12, 2024 5 (TAB : 3) &#8211; 5 (TAB : 2) [&hellip;]<\/p>\n","protected":false},"author":3,"featured_media":0,"parent":0,"menu_order":0,"comment_status":"closed","ping_status":"closed","template":"","meta":{"footnotes":""},"class_list":["post-3030","page","type-page","status-publish","hentry"],"yoast_head":"<!-- This site is optimized with the Yoast SEO plugin v23.5 - https:\/\/yoast.com\/wordpress\/plugins\/seo\/ -->\n<title>2023\/2024 - Division 3 - Grizzlys du Hainaut<\/title>\n<meta name=\"robots\" content=\"index, follow, max-snippet:-1, max-image-preview:large, max-video-preview:-1\" \/>\n<link rel=\"canonical\" href=\"https:\/\/grizzlysduhainaut.fr\/index.php\/2023-2024-division-3\/\" \/>\n<meta property=\"og:locale\" content=\"fr_FR\" \/>\n<meta property=\"og:type\" content=\"article\" \/>\n<meta property=\"og:title\" content=\"2023\/2024 - Division 3 - Grizzlys du Hainaut\" \/>\n<meta property=\"og:description\" content=\"Poule Nord &#8211; Saison r\u00e9guli\u00e8re Pos\u00c9quipePTSJou\u00e9sVNDBPBCDiff1Grizzlys du Hainaut301010009216762Lions Flamands24108027025453Nordiques de Tourcoing 215105055630264Amiens 212104064472-285Titans d&rsquo;Artois6102081863-456Brunoy3101091488-74 PLAYOFFS1\/8 DE FINALE mai 11, 2024 2 - 5 1\/8\u00e8me de finale D3 2023-2024 N\/C Montbazon \/ Tours \u2014 Grizzlys du Hainaut Voir tous les \u00e9v\u00e8nements 1\/4 DE FINALE mai 12, 2024 5 (TAB : 3) - 5 (TAB : 2) [&hellip;]\" \/>\n<meta property=\"og:url\" content=\"https:\/\/grizzlysduhainaut.fr\/index.php\/2023-2024-division-3\/\" \/>\n<meta property=\"og:site_name\" content=\"Grizzlys du Hainaut\" \/>\n<meta property=\"article:publisher\" content=\"https:\/\/www.facebook.com\/Grizzlys.du.hainaut\/\" \/>\n<meta property=\"article:modified_time\" content=\"2024-09-02T09:51:22+00:00\" \/>\n<meta name=\"twitter:card\" content=\"summary_large_image\" \/>\n<meta name=\"twitter:label1\" content=\"Dur\u00e9e de lecture estim\u00e9e\" \/>\n\t<meta name=\"twitter:data1\" content=\"3 minutes\" \/>\n<script type=\"application\/ld+json\" class=\"yoast-schema-graph\">{\"@context\":\"https:\/\/schema.org\",\"@graph\":[{\"@type\":\"WebPage\",\"@id\":\"https:\/\/grizzlysduhainaut.fr\/index.php\/2023-2024-division-3\/\",\"url\":\"https:\/\/grizzlysduhainaut.fr\/index.php\/2023-2024-division-3\/\",\"name\":\"2023\/2024 - Division 3 - Grizzlys du Hainaut\",\"isPartOf\":{\"@id\":\"https:\/\/grizzlysduhainaut.fr\/#website\"},\"datePublished\":\"2024-03-26T14:52:41+00:00\",\"dateModified\":\"2024-09-02T09:51:22+00:00\",\"breadcrumb\":{\"@id\":\"https:\/\/grizzlysduhainaut.fr\/index.php\/2023-2024-division-3\/#breadcrumb\"},\"inLanguage\":\"fr-FR\",\"potentialAction\":[{\"@type\":\"ReadAction\",\"target\":[\"https:\/\/grizzlysduhainaut.fr\/index.php\/2023-2024-division-3\/\"]}]},{\"@type\":\"BreadcrumbList\",\"@id\":\"https:\/\/grizzlysduhainaut.fr\/index.php\/2023-2024-division-3\/#breadcrumb\",\"itemListElement\":[{\"@type\":\"ListItem\",\"position\":1,\"name\":\"Accueil\",\"item\":\"https:\/\/grizzlysduhainaut.fr\/\"},{\"@type\":\"ListItem\",\"position\":2,\"name\":\"2023\/2024 &#8211; Division 3\"}]},{\"@type\":\"WebSite\",\"@id\":\"https:\/\/grizzlysduhainaut.fr\/#website\",\"url\":\"https:\/\/grizzlysduhainaut.fr\/\",\"name\":\"Grizzlys du Hainaut\",\"description\":\"L&#039;\u00e9quipe de Floorball de Qui\u00e9vrechain\",\"potentialAction\":[{\"@type\":\"SearchAction\",\"target\":{\"@type\":\"EntryPoint\",\"urlTemplate\":\"https:\/\/grizzlysduhainaut.fr\/?s={search_term_string}\"},\"query-input\":{\"@type\":\"PropertyValueSpecification\",\"valueRequired\":true,\"valueName\":\"search_term_string\"}}],\"inLanguage\":\"fr-FR\"}]}<\/script>\n<!-- \/ Yoast SEO plugin. -->","yoast_head_json":{"title":"2023\/2024 - Division 3 - Grizzlys du Hainaut","robots":{"index":"index","follow":"follow","max-snippet":"max-snippet:-1","max-image-preview":"max-image-preview:large","max-video-preview":"max-video-preview:-1"},"canonical":"https:\/\/grizzlysduhainaut.fr\/index.php\/2023-2024-division-3\/","og_locale":"fr_FR","og_type":"article","og_title":"2023\/2024 - Division 3 - Grizzlys du Hainaut","og_description":"Poule Nord &#8211; Saison r\u00e9guli\u00e8re Pos\u00c9quipePTSJou\u00e9sVNDBPBCDiff1Grizzlys du Hainaut301010009216762Lions Flamands24108027025453Nordiques de Tourcoing 215105055630264Amiens 212104064472-285Titans d&rsquo;Artois6102081863-456Brunoy3101091488-74 PLAYOFFS1\/8 DE FINALE mai 11, 2024 2 - 5 1\/8\u00e8me de finale D3 2023-2024 N\/C Montbazon \/ Tours \u2014 Grizzlys du Hainaut Voir tous les \u00e9v\u00e8nements 1\/4 DE FINALE mai 12, 2024 5 (TAB : 3) - 5 (TAB : 2) [&hellip;]","og_url":"https:\/\/grizzlysduhainaut.fr\/index.php\/2023-2024-division-3\/","og_site_name":"Grizzlys du Hainaut","article_publisher":"https:\/\/www.facebook.com\/Grizzlys.du.hainaut\/","article_modified_time":"2024-09-02T09:51:22+00:00","twitter_card":"summary_large_image","twitter_misc":{"Dur\u00e9e de lecture estim\u00e9e":"3 minutes"},"schema":{"@context":"https:\/\/schema.org","@graph":[{"@type":"WebPage","@id":"https:\/\/grizzlysduhainaut.fr\/index.php\/2023-2024-division-3\/","url":"https:\/\/grizzlysduhainaut.fr\/index.php\/2023-2024-division-3\/","name":"2023\/2024 - Division 3 - Grizzlys du Hainaut","isPartOf":{"@id":"https:\/\/grizzlysduhainaut.fr\/#website"},"datePublished":"2024-03-26T14:52:41+00:00","dateModified":"2024-09-02T09:51:22+00:00","breadcrumb":{"@id":"https:\/\/grizzlysduhainaut.fr\/index.php\/2023-2024-division-3\/#breadcrumb"},"inLanguage":"fr-FR","potentialAction":[{"@type":"ReadAction","target":["https:\/\/grizzlysduhainaut.fr\/index.php\/2023-2024-division-3\/"]}]},{"@type":"BreadcrumbList","@id":"https:\/\/grizzlysduhainaut.fr\/index.php\/2023-2024-division-3\/#breadcrumb","itemListElement":[{"@type":"ListItem","position":1,"name":"Accueil","item":"https:\/\/grizzlysduhainaut.fr\/"},{"@type":"ListItem","position":2,"name":"2023\/2024 &#8211; Division 3"}]},{"@type":"WebSite","@id":"https:\/\/grizzlysduhainaut.fr\/#website","url":"https:\/\/grizzlysduhainaut.fr\/","name":"Grizzlys du Hainaut","description":"L&#039;\u00e9quipe de Floorball de Qui\u00e9vrechain","potentialAction":[{"@type":"SearchAction","target":{"@type":"EntryPoint","urlTemplate":"https:\/\/grizzlysduhainaut.fr\/?s={search_term_string}"},"query-input":{"@type":"PropertyValueSpecification","valueRequired":true,"valueName":"search_term_string"}}],"inLanguage":"fr-FR"}]}},"_links":{"self":[{"href":"https:\/\/grizzlysduhainaut.fr\/index.php\/wp-json\/wp\/v2\/pages\/3030"}],"collection":[{"href":"https:\/\/grizzlysduhainaut.fr\/index.php\/wp-json\/wp\/v2\/pages"}],"about":[{"href":"https:\/\/grizzlysduhainaut.fr\/index.php\/wp-json\/wp\/v2\/types\/page"}],"author":[{"embeddable":true,"href":"https:\/\/grizzlysduhainaut.fr\/index.php\/wp-json\/wp\/v2\/users\/3"}],"replies":[{"embeddable":true,"href":"https:\/\/grizzlysduhainaut.fr\/index.php\/wp-json\/wp\/v2\/comments?post=3030"}],"version-history":[{"count":3,"href":"https:\/\/grizzlysduhainaut.fr\/index.php\/wp-json\/wp\/v2\/pages\/3030\/revisions"}],"predecessor-version":[{"id":3129,"href":"https:\/\/grizzlysduhainaut.fr\/index.php\/wp-json\/wp\/v2\/pages\/3030\/revisions\/3129"}],"wp:attachment":[{"href":"https:\/\/grizzlysduhainaut.fr\/index.php\/wp-json\/wp\/v2\/media?parent=3030"}],"curies":[{"name":"wp","href":"https:\/\/api.w.org\/{rel}","templated":true}]}}