{"id":32,"date":"2017-05-31T10:57:04","date_gmt":"2017-05-31T09:57:04","guid":{"rendered":"https:\/\/grizzlyduhainaut.wordpress.com\/?page_id=32"},"modified":"2024-09-09T09:42:08","modified_gmt":"2024-09-09T08:42:08","slug":"grizzlys-seniors","status":"publish","type":"page","link":"https:\/\/grizzlysduhainaut.fr\/index.php\/grizzlys-seniors\/","title":{"rendered":"LES GRIZZLYS S\u00c9NIORS"},"content":{"rendered":"<div id=\"pl-32\"  class=\"panel-layout\" ><div id=\"pg-32-0\"  class=\"panel-grid panel-no-style\" ><div id=\"pgc-32-0-0\"  class=\"panel-grid-cell\" ><div id=\"panel-32-0-0-0\" class=\"so-panel widget widget_sow-editor panel-first-child\" data-index=\"0\" ><div\n\t\t\t\n\t\t\tclass=\"so-widget-sow-editor so-widget-sow-editor-base\"\n\t\t\t\n\t\t>\n<div class=\"siteorigin-widget-tinymce textwidget\">\n\t<h6 style=\"text-align: center\"><em>L'\u00e9quipe ADULTE (2023\/2024)<\/em><\/h6>\n<\/div>\n<\/div><\/div><div class=\"sp-widget-align-none\"><div id=\"panel-32-0-0-1\" class=\"so-panel widget widget_sportspress-player-gallery widget_sportspress widget_player_gallery widget_sp_player_gallery panel-last-child\" data-index=\"1\">\n\t\t<div id='sp-player-gallery-3170' class='gallery galleryid-3170 gallery-columns-4 gallery-size-sportspress-crop-medium'>\t<div class=\"sp-template sp-template-player-gallery sp-template-gallery\"><div class=\"sp-player-gallery-wrapper sp-gallery-wrapper\"><dl class='gallery-item'>\n\t<dt class='gallery-icon portrait'><a href=\"https:\/\/grizzlysduhainaut.fr\/index.php\/player\/arthur-carrez\/\"><img loading=\"lazy\" decoding=\"async\" width=\"300\" height=\"300\" src=\"https:\/\/grizzlysduhainaut.fr\/wp-content\/uploads\/2020\/05\/Arthur_Carrez-300x300.jpg\" class=\"attachment-sportspress-crop-medium size-sportspress-crop-medium wp-post-image\" alt=\"\" \/><\/a><\/dt><a href=\"https:\/\/grizzlysduhainaut.fr\/index.php\/player\/arthur-carrez\/\"><dd class=\"wp-caption-text gallery-caption small-3 columns\">Arthur Carrez<\/dd><\/a><\/dl><dl class='gallery-item'>\n\t<dt class='gallery-icon portrait'><a href=\"https:\/\/grizzlysduhainaut.fr\/index.php\/player\/aurelien-talfer\/\"><img loading=\"lazy\" decoding=\"async\" width=\"300\" height=\"300\" src=\"https:\/\/grizzlysduhainaut.fr\/wp-content\/uploads\/erf_uploads\/2022\/09\/16635926572374136545225420102259-300x300.jpg\" class=\"attachment-sportspress-crop-medium size-sportspress-crop-medium wp-post-image\" alt=\"\" \/><\/a><\/dt><a href=\"https:\/\/grizzlysduhainaut.fr\/index.php\/player\/aurelien-talfer\/\"><dd class=\"wp-caption-text gallery-caption small-3 columns has-number\"><strong>25<\/strong> Aur\u00e9lien Talfer<\/dd><\/a><\/dl><dl class='gallery-item'>\n\t<dt class='gallery-icon portrait'><a href=\"https:\/\/grizzlysduhainaut.fr\/index.php\/player\/axelle-delaby\/\"><img loading=\"lazy\" decoding=\"async\" width=\"300\" height=\"300\" src=\"https:\/\/grizzlysduhainaut.fr\/wp-content\/uploads\/2017\/06\/Grizzly-2.jpg\" class=\"attachment-sportspress-crop-medium size-sportspress-crop-medium wp-post-image\" alt=\"\" \/><\/a><\/dt><a href=\"https:\/\/grizzlysduhainaut.fr\/index.php\/player\/axelle-delaby\/\"><dd class=\"wp-caption-text gallery-caption small-3 columns\">Axelle Delaby<\/dd><\/a><\/dl><dl class='gallery-item'>\n\t<dt class='gallery-icon portrait'><a href=\"https:\/\/grizzlysduhainaut.fr\/index.php\/player\/benjamin-philippart\/\"><img loading=\"lazy\" decoding=\"async\" width=\"300\" height=\"300\" src=\"https:\/\/grizzlysduhainaut.fr\/wp-content\/uploads\/2017\/06\/Grizzly-2.jpg\" class=\"attachment-sportspress-crop-medium size-sportspress-crop-medium wp-post-image\" alt=\"\" \/><\/a><\/dt><a href=\"https:\/\/grizzlysduhainaut.fr\/index.php\/player\/benjamin-philippart\/\"><dd class=\"wp-caption-text gallery-caption small-3 columns\">Benjamin Philippart<\/dd><\/a><\/dl><dl class='gallery-item'>\n\t<dt class='gallery-icon portrait'><a href=\"https:\/\/grizzlysduhainaut.fr\/index.php\/player\/corentin-denoyette\/\"><img loading=\"lazy\" decoding=\"async\" width=\"300\" height=\"300\" src=\"https:\/\/grizzlysduhainaut.fr\/wp-content\/uploads\/2020\/05\/Corentin-De-Noyette-300x300.jpg\" class=\"attachment-sportspress-crop-medium size-sportspress-crop-medium wp-post-image\" alt=\"\" \/><\/a><\/dt><a href=\"https:\/\/grizzlysduhainaut.fr\/index.php\/player\/corentin-denoyette\/\"><dd class=\"wp-caption-text gallery-caption small-3 columns has-number\"><strong>12<\/strong> Corentin De Noyette<\/dd><\/a><\/dl><dl class='gallery-item'>\n\t<dt class='gallery-icon portrait'><a href=\"https:\/\/grizzlysduhainaut.fr\/index.php\/player\/erwan-schoch\/\"><img loading=\"lazy\" decoding=\"async\" width=\"300\" height=\"300\" src=\"https:\/\/grizzlysduhainaut.fr\/wp-content\/uploads\/2017\/06\/Grizzly-2.jpg\" class=\"attachment-sportspress-crop-medium size-sportspress-crop-medium wp-post-image\" alt=\"\" \/><\/a><\/dt><a href=\"https:\/\/grizzlysduhainaut.fr\/index.php\/player\/erwan-schoch\/\"><dd class=\"wp-caption-text gallery-caption small-3 columns\">Erwan Schoch<\/dd><\/a><\/dl><dl class='gallery-item'>\n\t<dt class='gallery-icon portrait'><a href=\"https:\/\/grizzlysduhainaut.fr\/index.php\/player\/florian\/\"><img loading=\"lazy\" decoding=\"async\" width=\"300\" height=\"300\" src=\"https:\/\/grizzlysduhainaut.fr\/wp-content\/uploads\/2020\/05\/Florian_Glineur-300x300.jpg\" class=\"attachment-sportspress-crop-medium size-sportspress-crop-medium wp-post-image\" alt=\"\" \/><\/a><\/dt><a href=\"https:\/\/grizzlysduhainaut.fr\/index.php\/player\/florian\/\"><dd class=\"wp-caption-text gallery-caption small-3 columns has-number\"><strong>26<\/strong> Florian Glineur<\/dd><\/a><\/dl><dl class='gallery-item'>\n\t<dt class='gallery-icon portrait'><a href=\"https:\/\/grizzlysduhainaut.fr\/index.php\/player\/wietrzynski-florian\/\"><img loading=\"lazy\" decoding=\"async\" width=\"300\" height=\"300\" src=\"https:\/\/grizzlysduhainaut.fr\/wp-content\/uploads\/2017\/06\/Grizzly-2.jpg\" class=\"attachment-sportspress-crop-medium size-sportspress-crop-medium wp-post-image\" alt=\"\" \/><\/a><\/dt><a href=\"https:\/\/grizzlysduhainaut.fr\/index.php\/player\/wietrzynski-florian\/\"><dd class=\"wp-caption-text gallery-caption small-3 columns\">Florian Wietrzynski<\/dd><\/a><\/dl><dl class='gallery-item'>\n\t<dt class='gallery-icon portrait'><a href=\"https:\/\/grizzlysduhainaut.fr\/index.php\/player\/geoffrey-reboute\/\"><img loading=\"lazy\" decoding=\"async\" width=\"300\" height=\"300\" src=\"https:\/\/grizzlysduhainaut.fr\/wp-content\/uploads\/2020\/06\/GeoffreyBW-300x300.png\" class=\"attachment-sportspress-crop-medium size-sportspress-crop-medium wp-post-image\" alt=\"\" \/><\/a><\/dt><a href=\"https:\/\/grizzlysduhainaut.fr\/index.php\/player\/geoffrey-reboute\/\"><dd class=\"wp-caption-text gallery-caption small-3 columns has-number\"><strong>21<\/strong> Geoffrey Rebout\u00e9<\/dd><\/a><\/dl><dl class='gallery-item'>\n\t<dt class='gallery-icon portrait'><a href=\"https:\/\/grizzlysduhainaut.fr\/index.php\/player\/jean-baptiste-raviart\/\"><img loading=\"lazy\" decoding=\"async\" width=\"300\" height=\"300\" src=\"https:\/\/grizzlysduhainaut.fr\/wp-content\/uploads\/2017\/06\/Grizzly-2.jpg\" class=\"attachment-sportspress-crop-medium size-sportspress-crop-medium wp-post-image\" alt=\"\" \/><\/a><\/dt><a href=\"https:\/\/grizzlysduhainaut.fr\/index.php\/player\/jean-baptiste-raviart\/\"><dd class=\"wp-caption-text gallery-caption small-3 columns\">Jean-Baptiste Raviart<\/dd><\/a><\/dl><dl class='gallery-item'>\n\t<dt class='gallery-icon portrait'><a href=\"https:\/\/grizzlysduhainaut.fr\/index.php\/player\/lubin-denoyette\/\"><img loading=\"lazy\" decoding=\"async\" width=\"300\" height=\"300\" src=\"https:\/\/grizzlysduhainaut.fr\/wp-content\/uploads\/2020\/05\/Lubin-De-Noytte-300x300.jpg\" class=\"attachment-sportspress-crop-medium size-sportspress-crop-medium wp-post-image\" alt=\"\" \/><\/a><\/dt><a href=\"https:\/\/grizzlysduhainaut.fr\/index.php\/player\/lubin-denoyette\/\"><dd class=\"wp-caption-text gallery-caption small-3 columns has-number\"><strong>27<\/strong> Lubin De Noyette<\/dd><\/a><\/dl><dl class='gallery-item'>\n\t<dt class='gallery-icon portrait'><a href=\"https:\/\/grizzlysduhainaut.fr\/index.php\/player\/mathieu\/\"><img loading=\"lazy\" decoding=\"async\" width=\"300\" height=\"300\" src=\"https:\/\/grizzlysduhainaut.fr\/wp-content\/uploads\/2017\/06\/Grizzly-2.jpg\" class=\"attachment-sportspress-crop-medium size-sportspress-crop-medium wp-post-image\" alt=\"\" \/><\/a><\/dt><a href=\"https:\/\/grizzlysduhainaut.fr\/index.php\/player\/mathieu\/\"><dd class=\"wp-caption-text gallery-caption small-3 columns has-number\"><strong>20<\/strong> Mathieu Lienard<\/dd><\/a><\/dl><dl class='gallery-item'>\n\t<dt class='gallery-icon portrait'><a href=\"https:\/\/grizzlysduhainaut.fr\/index.php\/player\/matheo-rigaud\/\"><img loading=\"lazy\" decoding=\"async\" width=\"300\" height=\"300\" src=\"https:\/\/grizzlysduhainaut.fr\/wp-content\/uploads\/2017\/06\/Grizzly-2.jpg\" class=\"attachment-sportspress-crop-medium size-sportspress-crop-medium wp-post-image\" alt=\"\" \/><\/a><\/dt><a href=\"https:\/\/grizzlysduhainaut.fr\/index.php\/player\/matheo-rigaud\/\"><dd class=\"wp-caption-text gallery-caption small-3 columns\">Math\u00e9o Rigaud<\/dd><\/a><\/dl><dl class='gallery-item'>\n\t<dt class='gallery-icon portrait'><a href=\"https:\/\/grizzlysduhainaut.fr\/index.php\/player\/maxime-mainguet\/\"><img loading=\"lazy\" decoding=\"async\" width=\"300\" height=\"300\" src=\"https:\/\/grizzlysduhainaut.fr\/wp-content\/uploads\/erf_uploads\/2020\/08\/IMG_20200831_174707-300x300.jpg\" class=\"attachment-sportspress-crop-medium size-sportspress-crop-medium wp-post-image\" alt=\"\" \/><\/a><\/dt><a href=\"https:\/\/grizzlysduhainaut.fr\/index.php\/player\/maxime-mainguet\/\"><dd class=\"wp-caption-text gallery-caption small-3 columns has-number\"><strong>78<\/strong> Maxime Mainguet<\/dd><\/a><\/dl><dl class='gallery-item'>\n\t<dt class='gallery-icon portrait'><a href=\"https:\/\/grizzlysduhainaut.fr\/index.php\/player\/mickael-ladureau\/\"><img loading=\"lazy\" decoding=\"async\" width=\"300\" height=\"300\" src=\"https:\/\/grizzlysduhainaut.fr\/wp-content\/uploads\/2017\/06\/Grizzly-2.jpg\" class=\"attachment-sportspress-crop-medium size-sportspress-crop-medium wp-post-image\" alt=\"\" \/><\/a><\/dt><a href=\"https:\/\/grizzlysduhainaut.fr\/index.php\/player\/mickael-ladureau\/\"><dd class=\"wp-caption-text gallery-caption small-3 columns\">Mickael Ladureau<\/dd><\/a><\/dl><dl class='gallery-item'>\n\t<dt class='gallery-icon portrait'><a href=\"https:\/\/grizzlysduhainaut.fr\/index.php\/player\/milos-labik\/\"><img loading=\"lazy\" decoding=\"async\" width=\"300\" height=\"300\" src=\"https:\/\/grizzlysduhainaut.fr\/wp-content\/uploads\/2017\/06\/Grizzly-2.jpg\" class=\"attachment-sportspress-crop-medium size-sportspress-crop-medium wp-post-image\" alt=\"\" \/><\/a><\/dt><a href=\"https:\/\/grizzlysduhainaut.fr\/index.php\/player\/milos-labik\/\"><dd class=\"wp-caption-text gallery-caption small-3 columns\">Milos Labik<\/dd><\/a><\/dl><dl class='gallery-item'>\n\t<dt class='gallery-icon portrait'><a href=\"https:\/\/grizzlysduhainaut.fr\/index.php\/player\/nicolas-hubert\/\"><img loading=\"lazy\" decoding=\"async\" width=\"300\" height=\"300\" src=\"https:\/\/grizzlysduhainaut.fr\/wp-content\/uploads\/2017\/06\/Grizzly-2.jpg\" class=\"attachment-sportspress-crop-medium size-sportspress-crop-medium wp-post-image\" alt=\"\" \/><\/a><\/dt><a href=\"https:\/\/grizzlysduhainaut.fr\/index.php\/player\/nicolas-hubert\/\"><dd class=\"wp-caption-text gallery-caption small-3 columns has-number\"><strong>13<\/strong> Nicolas Hubert<\/dd><\/a><\/dl><dl class='gallery-item'>\n\t<dt class='gallery-icon portrait'><a href=\"https:\/\/grizzlysduhainaut.fr\/index.php\/player\/romain-saige\/\"><img loading=\"lazy\" decoding=\"async\" width=\"300\" height=\"300\" src=\"https:\/\/grizzlysduhainaut.fr\/wp-content\/uploads\/2020\/05\/Romain-Saige-300x300.jpg\" class=\"attachment-sportspress-crop-medium size-sportspress-crop-medium wp-post-image\" alt=\"\" \/><\/a><\/dt><a href=\"https:\/\/grizzlysduhainaut.fr\/index.php\/player\/romain-saige\/\"><dd class=\"wp-caption-text gallery-caption small-3 columns\">Romain Saige<\/dd><\/a><\/dl><dl class='gallery-item'>\n\t<dt class='gallery-icon portrait'><a href=\"https:\/\/grizzlysduhainaut.fr\/index.php\/player\/steve-weiler\/\"><img loading=\"lazy\" decoding=\"async\" width=\"300\" height=\"300\" src=\"https:\/\/grizzlysduhainaut.fr\/wp-content\/uploads\/erf_uploads\/2022\/10\/04519A45-761C-470A-87EE-A7200AAFE50D-300x300.jpeg\" class=\"attachment-sportspress-crop-medium size-sportspress-crop-medium wp-post-image\" alt=\"\" \/><\/a><\/dt><a href=\"https:\/\/grizzlysduhainaut.fr\/index.php\/player\/steve-weiler\/\"><dd class=\"wp-caption-text gallery-caption small-3 columns\">Steve Weiler<\/dd><\/a><\/dl><dl class='gallery-item'>\n\t<dt class='gallery-icon portrait'><a href=\"https:\/\/grizzlysduhainaut.fr\/index.php\/player\/segolene-petit-delcleve\/\"><img loading=\"lazy\" decoding=\"async\" width=\"300\" height=\"300\" src=\"https:\/\/grizzlysduhainaut.fr\/wp-content\/uploads\/erf_uploads\/2022\/09\/Photo-300x300.png\" class=\"attachment-sportspress-crop-medium size-sportspress-crop-medium wp-post-image\" alt=\"\" \/><\/a><\/dt><a href=\"https:\/\/grizzlysduhainaut.fr\/index.php\/player\/segolene-petit-delcleve\/\"><dd class=\"wp-caption-text gallery-caption small-3 columns\">S\u00e9gol\u00e8ne Petit-Delcl\u00e8ve<\/dd><\/a><\/dl><\/div><div class=\"sp-player-gallery-link sp-gallery-link sp-view-all-link\"><a href=\"https:\/\/grizzlysduhainaut.fr\/index.php\/list\/seniors-2023-2024\/\">Voir tous les joueurs<\/a><\/div><\/div><\/div>\n<\/div><\/div><\/div><\/div><\/div>","protected":false},"excerpt":{"rendered":"<p>L&rsquo;\u00e9quipe ADULTE (2023\/2024)<\/p>\n","protected":false},"author":2,"featured_media":0,"parent":0,"menu_order":0,"comment_status":"closed","ping_status":"closed","template":"template-fullwidth.php","meta":{"footnotes":""},"class_list":["post-32","page","type-page","status-publish","hentry"],"yoast_head":"<!-- This site is optimized with the Yoast SEO plugin v23.5 - https:\/\/yoast.com\/wordpress\/plugins\/seo\/ -->\n<title>LES GRIZZLYS S\u00c9NIORS - Grizzlys du Hainaut<\/title>\n<meta name=\"description\" content=\"Retrouvez tous les membres de l&#039;\u00e9quipe des Grizzlys du Hainaut, section s\u00e9niors.\" \/>\n<meta name=\"robots\" content=\"index, follow, max-snippet:-1, max-image-preview:large, max-video-preview:-1\" \/>\n<link rel=\"canonical\" href=\"https:\/\/grizzlysduhainaut.fr\/index.php\/grizzlys-seniors\/\" \/>\n<meta property=\"og:locale\" content=\"fr_FR\" \/>\n<meta property=\"og:type\" content=\"article\" \/>\n<meta property=\"og:title\" content=\"LES GRIZZLYS S\u00c9NIORS - Grizzlys du Hainaut\" \/>\n<meta property=\"og:description\" content=\"Retrouvez tous les membres de l&#039;\u00e9quipe des Grizzlys du Hainaut, section s\u00e9niors.\" \/>\n<meta property=\"og:url\" content=\"https:\/\/grizzlysduhainaut.fr\/index.php\/grizzlys-seniors\/\" \/>\n<meta property=\"og:site_name\" content=\"Grizzlys du Hainaut\" \/>\n<meta property=\"article:publisher\" content=\"https:\/\/www.facebook.com\/Grizzlys.du.hainaut\/\" \/>\n<meta property=\"article:modified_time\" content=\"2024-09-09T08:42:08+00:00\" \/>\n<meta name=\"twitter:card\" content=\"summary_large_image\" \/>\n<meta name=\"twitter:label1\" content=\"Dur\u00e9e de lecture estim\u00e9e\" \/>\n\t<meta name=\"twitter:data1\" content=\"5 minutes\" \/>\n<script type=\"application\/ld+json\" class=\"yoast-schema-graph\">{\"@context\":\"https:\/\/schema.org\",\"@graph\":[{\"@type\":\"WebPage\",\"@id\":\"https:\/\/grizzlysduhainaut.fr\/index.php\/grizzlys-seniors\/\",\"url\":\"https:\/\/grizzlysduhainaut.fr\/index.php\/grizzlys-seniors\/\",\"name\":\"LES GRIZZLYS S\u00c9NIORS - Grizzlys du Hainaut\",\"isPartOf\":{\"@id\":\"https:\/\/grizzlysduhainaut.fr\/#website\"},\"datePublished\":\"2017-05-31T09:57:04+00:00\",\"dateModified\":\"2024-09-09T08:42:08+00:00\",\"description\":\"Retrouvez tous les membres de l'\u00e9quipe des Grizzlys du Hainaut, section s\u00e9niors.\",\"breadcrumb\":{\"@id\":\"https:\/\/grizzlysduhainaut.fr\/index.php\/grizzlys-seniors\/#breadcrumb\"},\"inLanguage\":\"fr-FR\",\"potentialAction\":[{\"@type\":\"ReadAction\",\"target\":[\"https:\/\/grizzlysduhainaut.fr\/index.php\/grizzlys-seniors\/\"]}]},{\"@type\":\"BreadcrumbList\",\"@id\":\"https:\/\/grizzlysduhainaut.fr\/index.php\/grizzlys-seniors\/#breadcrumb\",\"itemListElement\":[{\"@type\":\"ListItem\",\"position\":1,\"name\":\"Accueil\",\"item\":\"https:\/\/grizzlysduhainaut.fr\/\"},{\"@type\":\"ListItem\",\"position\":2,\"name\":\"LES GRIZZLYS S\u00c9NIORS\"}]},{\"@type\":\"WebSite\",\"@id\":\"https:\/\/grizzlysduhainaut.fr\/#website\",\"url\":\"https:\/\/grizzlysduhainaut.fr\/\",\"name\":\"Grizzlys du Hainaut\",\"description\":\"L&#039;\u00e9quipe de Floorball de Qui\u00e9vrechain\",\"potentialAction\":[{\"@type\":\"SearchAction\",\"target\":{\"@type\":\"EntryPoint\",\"urlTemplate\":\"https:\/\/grizzlysduhainaut.fr\/?s={search_term_string}\"},\"query-input\":{\"@type\":\"PropertyValueSpecification\",\"valueRequired\":true,\"valueName\":\"search_term_string\"}}],\"inLanguage\":\"fr-FR\"}]}<\/script>\n<!-- \/ Yoast SEO plugin. -->","yoast_head_json":{"title":"LES GRIZZLYS S\u00c9NIORS - Grizzlys du Hainaut","description":"Retrouvez tous les membres de l'\u00e9quipe des Grizzlys du Hainaut, section s\u00e9niors.","robots":{"index":"index","follow":"follow","max-snippet":"max-snippet:-1","max-image-preview":"max-image-preview:large","max-video-preview":"max-video-preview:-1"},"canonical":"https:\/\/grizzlysduhainaut.fr\/index.php\/grizzlys-seniors\/","og_locale":"fr_FR","og_type":"article","og_title":"LES GRIZZLYS S\u00c9NIORS - Grizzlys du Hainaut","og_description":"Retrouvez tous les membres de l'\u00e9quipe des Grizzlys du Hainaut, section s\u00e9niors.","og_url":"https:\/\/grizzlysduhainaut.fr\/index.php\/grizzlys-seniors\/","og_site_name":"Grizzlys du Hainaut","article_publisher":"https:\/\/www.facebook.com\/Grizzlys.du.hainaut\/","article_modified_time":"2024-09-09T08:42:08+00:00","twitter_card":"summary_large_image","twitter_misc":{"Dur\u00e9e de lecture estim\u00e9e":"5 minutes"},"schema":{"@context":"https:\/\/schema.org","@graph":[{"@type":"WebPage","@id":"https:\/\/grizzlysduhainaut.fr\/index.php\/grizzlys-seniors\/","url":"https:\/\/grizzlysduhainaut.fr\/index.php\/grizzlys-seniors\/","name":"LES GRIZZLYS S\u00c9NIORS - Grizzlys du Hainaut","isPartOf":{"@id":"https:\/\/grizzlysduhainaut.fr\/#website"},"datePublished":"2017-05-31T09:57:04+00:00","dateModified":"2024-09-09T08:42:08+00:00","description":"Retrouvez tous les membres de l'\u00e9quipe des Grizzlys du Hainaut, section s\u00e9niors.","breadcrumb":{"@id":"https:\/\/grizzlysduhainaut.fr\/index.php\/grizzlys-seniors\/#breadcrumb"},"inLanguage":"fr-FR","potentialAction":[{"@type":"ReadAction","target":["https:\/\/grizzlysduhainaut.fr\/index.php\/grizzlys-seniors\/"]}]},{"@type":"BreadcrumbList","@id":"https:\/\/grizzlysduhainaut.fr\/index.php\/grizzlys-seniors\/#breadcrumb","itemListElement":[{"@type":"ListItem","position":1,"name":"Accueil","item":"https:\/\/grizzlysduhainaut.fr\/"},{"@type":"ListItem","position":2,"name":"LES GRIZZLYS S\u00c9NIORS"}]},{"@type":"WebSite","@id":"https:\/\/grizzlysduhainaut.fr\/#website","url":"https:\/\/grizzlysduhainaut.fr\/","name":"Grizzlys du Hainaut","description":"L&#039;\u00e9quipe de Floorball de Qui\u00e9vrechain","potentialAction":[{"@type":"SearchAction","target":{"@type":"EntryPoint","urlTemplate":"https:\/\/grizzlysduhainaut.fr\/?s={search_term_string}"},"query-input":{"@type":"PropertyValueSpecification","valueRequired":true,"valueName":"search_term_string"}}],"inLanguage":"fr-FR"}]}},"_links":{"self":[{"href":"https:\/\/grizzlysduhainaut.fr\/index.php\/wp-json\/wp\/v2\/pages\/32"}],"collection":[{"href":"https:\/\/grizzlysduhainaut.fr\/index.php\/wp-json\/wp\/v2\/pages"}],"about":[{"href":"https:\/\/grizzlysduhainaut.fr\/index.php\/wp-json\/wp\/v2\/types\/page"}],"author":[{"embeddable":true,"href":"https:\/\/grizzlysduhainaut.fr\/index.php\/wp-json\/wp\/v2\/users\/2"}],"replies":[{"embeddable":true,"href":"https:\/\/grizzlysduhainaut.fr\/index.php\/wp-json\/wp\/v2\/comments?post=32"}],"version-history":[{"count":53,"href":"https:\/\/grizzlysduhainaut.fr\/index.php\/wp-json\/wp\/v2\/pages\/32\/revisions"}],"predecessor-version":[{"id":3175,"href":"https:\/\/grizzlysduhainaut.fr\/index.php\/wp-json\/wp\/v2\/pages\/32\/revisions\/3175"}],"wp:attachment":[{"href":"https:\/\/grizzlysduhainaut.fr\/index.php\/wp-json\/wp\/v2\/media?parent=32"}],"curies":[{"name":"wp","href":"https:\/\/api.w.org\/{rel}","templated":true}]}}