{"id":40,"date":"2017-05-31T13:06:58","date_gmt":"2017-05-31T12:06:58","guid":{"rendered":"https:\/\/grizzlyduhainaut.wordpress.com\/?page_id=40"},"modified":"2017-12-01T12:51:53","modified_gmt":"2017-12-01T11:51:53","slug":"presentation-floorball","status":"publish","type":"page","link":"https:\/\/grizzlysduhainaut.fr\/index.php\/presentation-floorball\/","title":{"rendered":"LE FLOORBALL"},"content":{"rendered":"<h2>C&rsquo;est quoi ?<\/h2>\n<p>Impossible de parler de floorball sans op\u00e9rer un petit voyage dans le temps et dans l\u2019espace. Nous voil\u00e0 en <strong>Scandinavie<\/strong>, au d\u00e9but des ann\u00e9es 1980. C\u2019est l\u00e0, sur cette terre de hockey sur glace au nord de l\u2019Europe, que la discipline a \u00e9t\u00e9 imagin\u00e9e par <strong>des hockeyeurs priv\u00e9s de patinoires<\/strong> durant l\u2019\u00e9t\u00e9 mais d\u00e9sireux de continuer \u00e0 s\u2019entra\u00eener.<\/p>\n<p><strong>Deux petits buts<\/strong> plant\u00e9s dans un <strong>gymnase<\/strong>, un rink autour d\u2019un terrain de handball, <strong>une balle creuse en plastique<\/strong>, et le floorball \u00e9tait n\u00e9. De simple substitution au hockey sur glace, il devient peu \u00e0 peu un sport \u00e0 part enti\u00e8re et s\u2019ancre profond\u00e9ment dans la <strong>culture scandinave<\/strong>, avant de gagner progressivement le reste de l\u2019Europe et du monde.<\/p>\n<p>Pour l\u2019instant, dans un relatif anonymat.<\/p>\n<h2>Et en pratique ?<\/h2>\n<p><img loading=\"lazy\" decoding=\"async\" class=\"aligncenter wp-image-24 size-large\" src=\"https:\/\/grizzlysduhainaut.fr\/wp-content\/uploads\/2017\/05\/floorball-1-1024x682.jpg\" alt=\"Floorball - Grizzlys du Hainaut\" width=\"620\" height=\"413\" srcset=\"https:\/\/grizzlysduhainaut.fr\/wp-content\/uploads\/2017\/05\/floorball-1-1024x682.jpg 1024w, https:\/\/grizzlysduhainaut.fr\/wp-content\/uploads\/2017\/05\/floorball-1-300x200.jpg 300w, https:\/\/grizzlysduhainaut.fr\/wp-content\/uploads\/2017\/05\/floorball-1-768x511.jpg 768w, https:\/\/grizzlysduhainaut.fr\/wp-content\/uploads\/2017\/05\/floorball-1.jpg 2048w\" sizes=\"(max-width: 620px) 100vw, 620px\" \/><\/p>\n<p>Le Floorball est <strong>un sport de crosse<\/strong> qui se pratique en salle sur <strong>un terrain de 20m par 40m<\/strong> d\u00e9limit\u00e9 par une bordure de 50 cm de haut appel\u00e9 <strong>\u2018Rink\u2019<\/strong>. Une seule zone (pas de hors-jeu) et la possibilit\u00e9 de jouer derri\u00e8re les buts. Les rencontres se d\u00e9roulent en trois tiers temps de 20 minutes avec des \u00e9quipes compos\u00e9es de 5 joueurs de champs, d\u2019un gardien de but et de lignes de rempla\u00e7ants effectuant des rotations tr\u00e8s fr\u00e9quentes et illimit\u00e9es. Les joueurs \u00e9voluent en tenue de sport classique et disposent d\u2019une crosse en mati\u00e8re composite pour contr\u00f4ler une balle creuse en plastique. Le Floorball est dans une phase tr\u00e8s active de d\u00e9veloppement. Chaque ann\u00e9e, de nouveaux joueurs viennent enrichir ce vivier de sportifs (+ de 1500 licenci\u00e9s et loisir) et de nouveaux clubs se cr\u00e9ent dans les grandes villes de l\u2019hexagone. Le Floorball reste avant tout un sport d\u2019\u00e9quipe o\u00f9 tous les joueurs font preuve de solidarit\u00e9, d\u2019abn\u00e9gation et de respect mutuel pour le bien du collectif. L\u2019adh\u00e9sion \u00e0 ces valeurs facilite l\u2019int\u00e9gration permanente de nouveaux joueurs quelque soit leur niveau.<\/p>\n<h2>quelques images<\/h2>\n<p><iframe loading=\"lazy\" title=\"Pr\u00e9sentation du floorball en France\" width=\"620\" height=\"349\" src=\"https:\/\/www.youtube.com\/embed\/G9P1Rrudac0?feature=oembed\" frameborder=\"0\" allow=\"accelerometer; autoplay; clipboard-write; encrypted-media; gyroscope; picture-in-picture; web-share\" referrerpolicy=\"strict-origin-when-cross-origin\" allowfullscreen><\/iframe><\/p>\n<h3 class=\"spip\"><\/h3>\n","protected":false},"excerpt":{"rendered":"<p>C&rsquo;est quoi ? Impossible de parler de floorball sans op\u00e9rer un petit voyage dans le temps et dans l\u2019espace. Nous voil\u00e0 en Scandinavie, au d\u00e9but des ann\u00e9es 1980. C\u2019est l\u00e0, sur cette terre de hockey sur glace au nord de l\u2019Europe, que la discipline a \u00e9t\u00e9 imagin\u00e9e par des hockeyeurs priv\u00e9s de patinoires durant l\u2019\u00e9t\u00e9 [&hellip;]<\/p>\n","protected":false},"author":2,"featured_media":0,"parent":0,"menu_order":0,"comment_status":"closed","ping_status":"closed","template":"template-fullwidth.php","meta":{"footnotes":""},"class_list":["post-40","page","type-page","status-publish","hentry"],"yoast_head":"<!-- This site is optimized with the Yoast SEO plugin v23.5 - https:\/\/yoast.com\/wordpress\/plugins\/seo\/ -->\n<title>Pr\u00e9sentation du FLOORBALL en France - Histoire et \u00e9tat d&#039;esprit<\/title>\n<meta name=\"description\" content=\"Le Floorball est un sport de crosse d&#039;origine scandinave, peu r\u00e9pandu en France, qui se pratique sur un terrain de 20m sur 40, d\u00e9limit\u00e9 par un \u2018Rink\u2019.\" \/>\n<meta name=\"robots\" content=\"index, follow, max-snippet:-1, max-image-preview:large, max-video-preview:-1\" \/>\n<link rel=\"canonical\" href=\"https:\/\/grizzlysduhainaut.fr\/index.php\/presentation-floorball\/\" \/>\n<meta property=\"og:locale\" content=\"fr_FR\" \/>\n<meta property=\"og:type\" content=\"article\" \/>\n<meta property=\"og:title\" content=\"Pr\u00e9sentation du FLOORBALL en France - Histoire et \u00e9tat d&#039;esprit\" \/>\n<meta property=\"og:description\" content=\"Le Floorball est un sport de crosse d&#039;origine scandinave, peu r\u00e9pandu en France, qui se pratique sur un terrain de 20m sur 40, d\u00e9limit\u00e9 par un \u2018Rink\u2019.\" \/>\n<meta property=\"og:url\" content=\"https:\/\/grizzlysduhainaut.fr\/index.php\/presentation-floorball\/\" \/>\n<meta property=\"og:site_name\" content=\"Grizzlys du Hainaut\" \/>\n<meta property=\"article:publisher\" content=\"https:\/\/www.facebook.com\/Grizzlys.du.hainaut\/\" \/>\n<meta property=\"article:modified_time\" content=\"2017-12-01T11:51:53+00:00\" \/>\n<meta property=\"og:image\" content=\"http:\/\/grizzlysduhainaut.fr\/wp-content\/uploads\/2017\/05\/floorball-1-1024x682.jpg\" \/>\n<meta name=\"twitter:card\" content=\"summary_large_image\" \/>\n<meta name=\"twitter:label1\" content=\"Dur\u00e9e de lecture estim\u00e9e\" \/>\n\t<meta name=\"twitter:data1\" content=\"2 minutes\" \/>\n<script type=\"application\/ld+json\" class=\"yoast-schema-graph\">{\"@context\":\"https:\/\/schema.org\",\"@graph\":[{\"@type\":\"WebPage\",\"@id\":\"https:\/\/grizzlysduhainaut.fr\/index.php\/presentation-floorball\/\",\"url\":\"https:\/\/grizzlysduhainaut.fr\/index.php\/presentation-floorball\/\",\"name\":\"Pr\u00e9sentation du FLOORBALL en France - Histoire et \u00e9tat d'esprit\",\"isPartOf\":{\"@id\":\"https:\/\/grizzlysduhainaut.fr\/#website\"},\"primaryImageOfPage\":{\"@id\":\"https:\/\/grizzlysduhainaut.fr\/index.php\/presentation-floorball\/#primaryimage\"},\"image\":{\"@id\":\"https:\/\/grizzlysduhainaut.fr\/index.php\/presentation-floorball\/#primaryimage\"},\"thumbnailUrl\":\"http:\/\/grizzlysduhainaut.fr\/wp-content\/uploads\/2017\/05\/floorball-1-1024x682.jpg\",\"datePublished\":\"2017-05-31T12:06:58+00:00\",\"dateModified\":\"2017-12-01T11:51:53+00:00\",\"description\":\"Le Floorball est un sport de crosse d'origine scandinave, peu r\u00e9pandu en France, qui se pratique sur un terrain de 20m sur 40, d\u00e9limit\u00e9 par un \u2018Rink\u2019.\",\"breadcrumb\":{\"@id\":\"https:\/\/grizzlysduhainaut.fr\/index.php\/presentation-floorball\/#breadcrumb\"},\"inLanguage\":\"fr-FR\",\"potentialAction\":[{\"@type\":\"ReadAction\",\"target\":[\"https:\/\/grizzlysduhainaut.fr\/index.php\/presentation-floorball\/\"]}]},{\"@type\":\"ImageObject\",\"inLanguage\":\"fr-FR\",\"@id\":\"https:\/\/grizzlysduhainaut.fr\/index.php\/presentation-floorball\/#primaryimage\",\"url\":\"http:\/\/grizzlysduhainaut.fr\/wp-content\/uploads\/2017\/05\/floorball-1-1024x682.jpg\",\"contentUrl\":\"http:\/\/grizzlysduhainaut.fr\/wp-content\/uploads\/2017\/05\/floorball-1-1024x682.jpg\"},{\"@type\":\"BreadcrumbList\",\"@id\":\"https:\/\/grizzlysduhainaut.fr\/index.php\/presentation-floorball\/#breadcrumb\",\"itemListElement\":[{\"@type\":\"ListItem\",\"position\":1,\"name\":\"Accueil\",\"item\":\"https:\/\/grizzlysduhainaut.fr\/\"},{\"@type\":\"ListItem\",\"position\":2,\"name\":\"LE FLOORBALL\"}]},{\"@type\":\"WebSite\",\"@id\":\"https:\/\/grizzlysduhainaut.fr\/#website\",\"url\":\"https:\/\/grizzlysduhainaut.fr\/\",\"name\":\"Grizzlys du Hainaut\",\"description\":\"L&#039;\u00e9quipe de Floorball de Qui\u00e9vrechain\",\"potentialAction\":[{\"@type\":\"SearchAction\",\"target\":{\"@type\":\"EntryPoint\",\"urlTemplate\":\"https:\/\/grizzlysduhainaut.fr\/?s={search_term_string}\"},\"query-input\":{\"@type\":\"PropertyValueSpecification\",\"valueRequired\":true,\"valueName\":\"search_term_string\"}}],\"inLanguage\":\"fr-FR\"}]}<\/script>\n<!-- \/ Yoast SEO plugin. -->","yoast_head_json":{"title":"Pr\u00e9sentation du FLOORBALL en France - Histoire et \u00e9tat d'esprit","description":"Le Floorball est un sport de crosse d'origine scandinave, peu r\u00e9pandu en France, qui se pratique sur un terrain de 20m sur 40, d\u00e9limit\u00e9 par un \u2018Rink\u2019.","robots":{"index":"index","follow":"follow","max-snippet":"max-snippet:-1","max-image-preview":"max-image-preview:large","max-video-preview":"max-video-preview:-1"},"canonical":"https:\/\/grizzlysduhainaut.fr\/index.php\/presentation-floorball\/","og_locale":"fr_FR","og_type":"article","og_title":"Pr\u00e9sentation du FLOORBALL en France - Histoire et \u00e9tat d'esprit","og_description":"Le Floorball est un sport de crosse d'origine scandinave, peu r\u00e9pandu en France, qui se pratique sur un terrain de 20m sur 40, d\u00e9limit\u00e9 par un \u2018Rink\u2019.","og_url":"https:\/\/grizzlysduhainaut.fr\/index.php\/presentation-floorball\/","og_site_name":"Grizzlys du Hainaut","article_publisher":"https:\/\/www.facebook.com\/Grizzlys.du.hainaut\/","article_modified_time":"2017-12-01T11:51:53+00:00","og_image":[{"url":"http:\/\/grizzlysduhainaut.fr\/wp-content\/uploads\/2017\/05\/floorball-1-1024x682.jpg"}],"twitter_card":"summary_large_image","twitter_misc":{"Dur\u00e9e de lecture estim\u00e9e":"2 minutes"},"schema":{"@context":"https:\/\/schema.org","@graph":[{"@type":"WebPage","@id":"https:\/\/grizzlysduhainaut.fr\/index.php\/presentation-floorball\/","url":"https:\/\/grizzlysduhainaut.fr\/index.php\/presentation-floorball\/","name":"Pr\u00e9sentation du FLOORBALL en France - Histoire et \u00e9tat d'esprit","isPartOf":{"@id":"https:\/\/grizzlysduhainaut.fr\/#website"},"primaryImageOfPage":{"@id":"https:\/\/grizzlysduhainaut.fr\/index.php\/presentation-floorball\/#primaryimage"},"image":{"@id":"https:\/\/grizzlysduhainaut.fr\/index.php\/presentation-floorball\/#primaryimage"},"thumbnailUrl":"http:\/\/grizzlysduhainaut.fr\/wp-content\/uploads\/2017\/05\/floorball-1-1024x682.jpg","datePublished":"2017-05-31T12:06:58+00:00","dateModified":"2017-12-01T11:51:53+00:00","description":"Le Floorball est un sport de crosse d'origine scandinave, peu r\u00e9pandu en France, qui se pratique sur un terrain de 20m sur 40, d\u00e9limit\u00e9 par un \u2018Rink\u2019.","breadcrumb":{"@id":"https:\/\/grizzlysduhainaut.fr\/index.php\/presentation-floorball\/#breadcrumb"},"inLanguage":"fr-FR","potentialAction":[{"@type":"ReadAction","target":["https:\/\/grizzlysduhainaut.fr\/index.php\/presentation-floorball\/"]}]},{"@type":"ImageObject","inLanguage":"fr-FR","@id":"https:\/\/grizzlysduhainaut.fr\/index.php\/presentation-floorball\/#primaryimage","url":"http:\/\/grizzlysduhainaut.fr\/wp-content\/uploads\/2017\/05\/floorball-1-1024x682.jpg","contentUrl":"http:\/\/grizzlysduhainaut.fr\/wp-content\/uploads\/2017\/05\/floorball-1-1024x682.jpg"},{"@type":"BreadcrumbList","@id":"https:\/\/grizzlysduhainaut.fr\/index.php\/presentation-floorball\/#breadcrumb","itemListElement":[{"@type":"ListItem","position":1,"name":"Accueil","item":"https:\/\/grizzlysduhainaut.fr\/"},{"@type":"ListItem","position":2,"name":"LE FLOORBALL"}]},{"@type":"WebSite","@id":"https:\/\/grizzlysduhainaut.fr\/#website","url":"https:\/\/grizzlysduhainaut.fr\/","name":"Grizzlys du Hainaut","description":"L&#039;\u00e9quipe de Floorball de Qui\u00e9vrechain","potentialAction":[{"@type":"SearchAction","target":{"@type":"EntryPoint","urlTemplate":"https:\/\/grizzlysduhainaut.fr\/?s={search_term_string}"},"query-input":{"@type":"PropertyValueSpecification","valueRequired":true,"valueName":"search_term_string"}}],"inLanguage":"fr-FR"}]}},"_links":{"self":[{"href":"https:\/\/grizzlysduhainaut.fr\/index.php\/wp-json\/wp\/v2\/pages\/40"}],"collection":[{"href":"https:\/\/grizzlysduhainaut.fr\/index.php\/wp-json\/wp\/v2\/pages"}],"about":[{"href":"https:\/\/grizzlysduhainaut.fr\/index.php\/wp-json\/wp\/v2\/types\/page"}],"author":[{"embeddable":true,"href":"https:\/\/grizzlysduhainaut.fr\/index.php\/wp-json\/wp\/v2\/users\/2"}],"replies":[{"embeddable":true,"href":"https:\/\/grizzlysduhainaut.fr\/index.php\/wp-json\/wp\/v2\/comments?post=40"}],"version-history":[{"count":5,"href":"https:\/\/grizzlysduhainaut.fr\/index.php\/wp-json\/wp\/v2\/pages\/40\/revisions"}],"predecessor-version":[{"id":673,"href":"https:\/\/grizzlysduhainaut.fr\/index.php\/wp-json\/wp\/v2\/pages\/40\/revisions\/673"}],"wp:attachment":[{"href":"https:\/\/grizzlysduhainaut.fr\/index.php\/wp-json\/wp\/v2\/media?parent=40"}],"curies":[{"name":"wp","href":"https:\/\/api.w.org\/{rel}","templated":true}]}}