{"id":59,"date":"2017-05-31T13:15:32","date_gmt":"2017-05-31T12:15:32","guid":{"rendered":"https:\/\/grizzlyduhainaut.wordpress.com\/?page_id=59"},"modified":"2024-03-22T15:51:23","modified_gmt":"2024-03-22T14:51:23","slug":"informations-pratiques","status":"publish","type":"page","link":"https:\/\/grizzlysduhainaut.fr\/index.php\/informations-pratiques\/","title":{"rendered":"INFOS PRATIQUES"},"content":{"rendered":"<div id=\"pl-59\"  class=\"panel-layout\" ><div id=\"pg-59-0\"  class=\"panel-grid panel-no-style\" ><div id=\"pgc-59-0-0\"  class=\"panel-grid-cell\" ><div id=\"panel-59-0-0-0\" class=\"so-panel widget widget_sow-image panel-first-child\" data-index=\"0\" ><div\n\t\t\t\n\t\t\tclass=\"so-widget-sow-image so-widget-sow-image-default-8b5b6f678277-59\"\n\t\t\t\n\t\t>\n\n<div class=\"sow-image-container\">\n\t\t<img loading=\"lazy\" decoding=\"async\" src=\"https:\/\/grizzlysduhainaut.fr\/wp-content\/uploads\/2017\/05\/OURS-CONTACT-250px.jpg\" width=\"430\" height=\"250\" srcset=\"https:\/\/grizzlysduhainaut.fr\/wp-content\/uploads\/2017\/05\/OURS-CONTACT-250px.jpg 430w, https:\/\/grizzlysduhainaut.fr\/wp-content\/uploads\/2017\/05\/OURS-CONTACT-250px-300x174.jpg 300w, https:\/\/grizzlysduhainaut.fr\/wp-content\/uploads\/2017\/05\/OURS-CONTACT-250px-128x74.jpg 128w, https:\/\/grizzlysduhainaut.fr\/wp-content\/uploads\/2017\/05\/OURS-CONTACT-250px-32x19.jpg 32w\" sizes=\"(max-width: 430px) 100vw, 430px\" title=\"OURS CONTACT 250px\" alt=\"\" \t\tclass=\"so-widget-image\"\/>\n\t<\/div>\n\n<\/div><\/div><div id=\"panel-59-0-0-1\" class=\"so-panel widget widget_sow-editor panel-last-child\" data-index=\"1\" ><div\n\t\t\t\n\t\t\tclass=\"so-widget-sow-editor so-widget-sow-editor-base\"\n\t\t\t\n\t\t>\n<div class=\"siteorigin-widget-tinymce textwidget\">\n\t<h4 class=\"font_7\"><span class=\"color_9\">\u00a0POUR tout renseignement :<\/span><\/h4>\n<ul class=\"font_7\">\n<li>\n<p class=\"font_7\"><span class=\"color_9\">Rejoignez notre page facebook :\u00a0<a href=\"https:\/\/www.facebook.com\/Grizzlys.du.hainaut\/?ref=bookmarks\">Grizzlys du Hainaut\u00a0<\/a><\/span><\/p>\n<\/li>\n<li>\n<p class=\"font_7\">Via <a href=\"http:\/\/grizzlysduhainaut.fr\/index.php\/contact\/\">notre formulaire de contact<\/a><\/p>\n<\/li>\n<li>\n<p class=\"font_7\">Directement par mail : <a href=\"mailto:grizzlyduhainaut@gmail.com\">grizzlyshainaut@gmail.com\u00a0<\/a><\/p>\n<\/li>\n<li>Par t\u00e9l\u00e9phone : 07 67 71 63 35 ( Romain Saige - Pr\u00e9sident \/ Section jeune) ou 07 82 43 21 66 (Corentin De Noyette - Section adulte)<\/li>\n<\/ul>\n<h4><\/h4>\n<\/div>\n<\/div><\/div><\/div><div id=\"pgc-59-0-1\"  class=\"panel-grid-cell\" ><div id=\"panel-59-0-1-0\" class=\"so-panel widget widget_sow-google-map panel-first-child\" data-index=\"2\" ><div\n\t\t\t\n\t\t\tclass=\"so-widget-sow-google-map so-widget-sow-google-map-default-4e6ee64bd1b3-59\"\n\t\t\t\n\t\t>\n<div class=\"sow-google-map-canvas\"\n\tstyle=\"\"\n\tid=\"map-canvas-fce6e695e45af4982823e0b5d5ef7d17\"\n\tdata-options=\"{&quot;address&quot;:&quot;Salle de la Corderie\\nRue Jean Mermoz\\n59920 Qui\\u00e9vrechain\\n&quot;,&quot;zoom&quot;:15,&quot;mobileZoom&quot;:15,&quot;gestureHandling&quot;:&quot;greedy&quot;,&quot;disableUi&quot;:false,&quot;markerIcon&quot;:&quot;&quot;,&quot;markersDraggable&quot;:false,&quot;markerAtCenter&quot;:true,&quot;markerInfoDisplay&quot;:&quot;click&quot;,&quot;markerInfoMultiple&quot;:true,&quot;markerPositions&quot;:&quot;&quot;,&quot;mapName&quot;:&quot;&quot;,&quot;mapStyles&quot;:&quot;&quot;,&quot;directions&quot;:&quot;&quot;,&quot;apiKey&quot;:&quot;AIzaSyDpF6beEJ6IFf_yu0NuIi3xNhHmMSvM8RU&quot;,&quot;breakpoint&quot;:780}\"\n\tdata-fallback-image=\"{&quot;img&quot;:&quot;&quot;}\"><\/div>\n<\/div><\/div><div id=\"panel-59-0-1-1\" class=\"so-panel widget widget_text panel-last-child\" data-index=\"3\" ><h3 class=\"widget-title\">O\u00f9 nous trouver ?<\/h3>\t\t\t<div class=\"textwidget\"><br>Salle de la Corderie <br>\n<br>Rue Jean Mermoz<br>\n<br>59920 Qui\u00e9vrechain<br>\n<\/div>\n\t\t<\/div><\/div><\/div><\/div>","protected":false},"excerpt":{"rendered":"<p>\u00a0POUR tout renseignement : Rejoignez notre page facebook :\u00a0Grizzlys du Hainaut\u00a0 Via notre formulaire de contact Directement par mail : grizzlyshainaut@gmail.com\u00a0 Par t\u00e9l\u00e9phone : 07 67 71 63 35 ( Romain Saige &#8211; Pr\u00e9sident \/ Section jeune) ou 07 82 43 21 66 (Corentin De Noyette &#8211; Section adulte) Salle de la Corderie Rue Jean [&hellip;]<\/p>\n","protected":false},"author":2,"featured_media":0,"parent":0,"menu_order":0,"comment_status":"closed","ping_status":"closed","template":"template-fullwidth.php","meta":{"footnotes":""},"class_list":["post-59","page","type-page","status-publish","hentry"],"yoast_head":"<!-- This site is optimized with the Yoast SEO plugin v23.5 - https:\/\/yoast.com\/wordpress\/plugins\/seo\/ -->\n<title>INFOS PRATIQUES - Grizzlys du Hainaut<\/title>\n<meta name=\"robots\" content=\"index, follow, max-snippet:-1, max-image-preview:large, max-video-preview:-1\" \/>\n<link rel=\"canonical\" href=\"https:\/\/grizzlysduhainaut.fr\/index.php\/informations-pratiques\/\" \/>\n<meta property=\"og:locale\" content=\"fr_FR\" \/>\n<meta property=\"og:type\" content=\"article\" \/>\n<meta property=\"og:title\" content=\"INFOS PRATIQUES - Grizzlys du Hainaut\" \/>\n<meta property=\"og:description\" content=\"\u00a0POUR tout renseignement : Rejoignez notre page facebook :\u00a0Grizzlys du Hainaut\u00a0 Via notre formulaire de contact Directement par mail : grizzlyshainaut@gmail.com\u00a0 Par t\u00e9l\u00e9phone : 07 67 71 63 35 ( Romain Saige - Pr\u00e9sident \/ Section jeune) ou 07 82 43 21 66 (Corentin De Noyette - Section adulte) Salle de la Corderie Rue Jean [&hellip;]\" \/>\n<meta property=\"og:url\" content=\"https:\/\/grizzlysduhainaut.fr\/index.php\/informations-pratiques\/\" \/>\n<meta property=\"og:site_name\" content=\"Grizzlys du Hainaut\" \/>\n<meta property=\"article:publisher\" content=\"https:\/\/www.facebook.com\/Grizzlys.du.hainaut\/\" \/>\n<meta property=\"article:modified_time\" content=\"2024-03-22T14:51:23+00:00\" \/>\n<meta name=\"twitter:card\" content=\"summary_large_image\" \/>\n<meta name=\"twitter:label1\" content=\"Dur\u00e9e de lecture estim\u00e9e\" \/>\n\t<meta name=\"twitter:data1\" content=\"1 minute\" \/>\n<script type=\"application\/ld+json\" class=\"yoast-schema-graph\">{\"@context\":\"https:\/\/schema.org\",\"@graph\":[{\"@type\":\"WebPage\",\"@id\":\"https:\/\/grizzlysduhainaut.fr\/index.php\/informations-pratiques\/\",\"url\":\"https:\/\/grizzlysduhainaut.fr\/index.php\/informations-pratiques\/\",\"name\":\"INFOS PRATIQUES - Grizzlys du Hainaut\",\"isPartOf\":{\"@id\":\"https:\/\/grizzlysduhainaut.fr\/#website\"},\"datePublished\":\"2017-05-31T12:15:32+00:00\",\"dateModified\":\"2024-03-22T14:51:23+00:00\",\"breadcrumb\":{\"@id\":\"https:\/\/grizzlysduhainaut.fr\/index.php\/informations-pratiques\/#breadcrumb\"},\"inLanguage\":\"fr-FR\",\"potentialAction\":[{\"@type\":\"ReadAction\",\"target\":[\"https:\/\/grizzlysduhainaut.fr\/index.php\/informations-pratiques\/\"]}]},{\"@type\":\"BreadcrumbList\",\"@id\":\"https:\/\/grizzlysduhainaut.fr\/index.php\/informations-pratiques\/#breadcrumb\",\"itemListElement\":[{\"@type\":\"ListItem\",\"position\":1,\"name\":\"Accueil\",\"item\":\"https:\/\/grizzlysduhainaut.fr\/\"},{\"@type\":\"ListItem\",\"position\":2,\"name\":\"INFOS PRATIQUES\"}]},{\"@type\":\"WebSite\",\"@id\":\"https:\/\/grizzlysduhainaut.fr\/#website\",\"url\":\"https:\/\/grizzlysduhainaut.fr\/\",\"name\":\"Grizzlys du Hainaut\",\"description\":\"L&#039;\u00e9quipe de Floorball de Qui\u00e9vrechain\",\"potentialAction\":[{\"@type\":\"SearchAction\",\"target\":{\"@type\":\"EntryPoint\",\"urlTemplate\":\"https:\/\/grizzlysduhainaut.fr\/?s={search_term_string}\"},\"query-input\":{\"@type\":\"PropertyValueSpecification\",\"valueRequired\":true,\"valueName\":\"search_term_string\"}}],\"inLanguage\":\"fr-FR\"}]}<\/script>\n<!-- \/ Yoast SEO plugin. -->","yoast_head_json":{"title":"INFOS PRATIQUES - Grizzlys du Hainaut","robots":{"index":"index","follow":"follow","max-snippet":"max-snippet:-1","max-image-preview":"max-image-preview:large","max-video-preview":"max-video-preview:-1"},"canonical":"https:\/\/grizzlysduhainaut.fr\/index.php\/informations-pratiques\/","og_locale":"fr_FR","og_type":"article","og_title":"INFOS PRATIQUES - Grizzlys du Hainaut","og_description":"\u00a0POUR tout renseignement : Rejoignez notre page facebook :\u00a0Grizzlys du Hainaut\u00a0 Via notre formulaire de contact Directement par mail : grizzlyshainaut@gmail.com\u00a0 Par t\u00e9l\u00e9phone : 07 67 71 63 35 ( Romain Saige - Pr\u00e9sident \/ Section jeune) ou 07 82 43 21 66 (Corentin De Noyette - Section adulte) Salle de la Corderie Rue Jean [&hellip;]","og_url":"https:\/\/grizzlysduhainaut.fr\/index.php\/informations-pratiques\/","og_site_name":"Grizzlys du Hainaut","article_publisher":"https:\/\/www.facebook.com\/Grizzlys.du.hainaut\/","article_modified_time":"2024-03-22T14:51:23+00:00","twitter_card":"summary_large_image","twitter_misc":{"Dur\u00e9e de lecture estim\u00e9e":"1 minute"},"schema":{"@context":"https:\/\/schema.org","@graph":[{"@type":"WebPage","@id":"https:\/\/grizzlysduhainaut.fr\/index.php\/informations-pratiques\/","url":"https:\/\/grizzlysduhainaut.fr\/index.php\/informations-pratiques\/","name":"INFOS PRATIQUES - Grizzlys du Hainaut","isPartOf":{"@id":"https:\/\/grizzlysduhainaut.fr\/#website"},"datePublished":"2017-05-31T12:15:32+00:00","dateModified":"2024-03-22T14:51:23+00:00","breadcrumb":{"@id":"https:\/\/grizzlysduhainaut.fr\/index.php\/informations-pratiques\/#breadcrumb"},"inLanguage":"fr-FR","potentialAction":[{"@type":"ReadAction","target":["https:\/\/grizzlysduhainaut.fr\/index.php\/informations-pratiques\/"]}]},{"@type":"BreadcrumbList","@id":"https:\/\/grizzlysduhainaut.fr\/index.php\/informations-pratiques\/#breadcrumb","itemListElement":[{"@type":"ListItem","position":1,"name":"Accueil","item":"https:\/\/grizzlysduhainaut.fr\/"},{"@type":"ListItem","position":2,"name":"INFOS PRATIQUES"}]},{"@type":"WebSite","@id":"https:\/\/grizzlysduhainaut.fr\/#website","url":"https:\/\/grizzlysduhainaut.fr\/","name":"Grizzlys du Hainaut","description":"L&#039;\u00e9quipe de Floorball de Qui\u00e9vrechain","potentialAction":[{"@type":"SearchAction","target":{"@type":"EntryPoint","urlTemplate":"https:\/\/grizzlysduhainaut.fr\/?s={search_term_string}"},"query-input":{"@type":"PropertyValueSpecification","valueRequired":true,"valueName":"search_term_string"}}],"inLanguage":"fr-FR"}]}},"_links":{"self":[{"href":"https:\/\/grizzlysduhainaut.fr\/index.php\/wp-json\/wp\/v2\/pages\/59"}],"collection":[{"href":"https:\/\/grizzlysduhainaut.fr\/index.php\/wp-json\/wp\/v2\/pages"}],"about":[{"href":"https:\/\/grizzlysduhainaut.fr\/index.php\/wp-json\/wp\/v2\/types\/page"}],"author":[{"embeddable":true,"href":"https:\/\/grizzlysduhainaut.fr\/index.php\/wp-json\/wp\/v2\/users\/2"}],"replies":[{"embeddable":true,"href":"https:\/\/grizzlysduhainaut.fr\/index.php\/wp-json\/wp\/v2\/comments?post=59"}],"version-history":[{"count":48,"href":"https:\/\/grizzlysduhainaut.fr\/index.php\/wp-json\/wp\/v2\/pages\/59\/revisions"}],"predecessor-version":[{"id":3019,"href":"https:\/\/grizzlysduhainaut.fr\/index.php\/wp-json\/wp\/v2\/pages\/59\/revisions\/3019"}],"wp:attachment":[{"href":"https:\/\/grizzlysduhainaut.fr\/index.php\/wp-json\/wp\/v2\/media?parent=59"}],"curies":[{"name":"wp","href":"https:\/\/api.w.org\/{rel}","templated":true}]}}