{"id":75,"date":"2017-05-31T13:33:03","date_gmt":"2017-05-31T12:33:03","guid":{"rendered":"https:\/\/grizzlyduhainaut.wordpress.com\/?page_id=75"},"modified":"2020-08-10T17:05:16","modified_gmt":"2020-08-10T16:05:16","slug":"les-entrainements","status":"publish","type":"page","link":"https:\/\/grizzlysduhainaut.fr\/index.php\/les-entrainements\/","title":{"rendered":"LES ENTRAINEMENTS"},"content":{"rendered":"<h3 class=\"font_7\"><span class=\"color_9\">Les entra\u00eenements ont lieu :<\/span><\/h3>\n<h5 class=\"font_7\"><span class=\"color_9\" style=\"color: #ffcc00\">Adultes (<em>\u00e0 partir de 16ans<\/em>):<\/span><\/h5>\n<ul>\n<li class=\"font_7\"><span class=\"color_9\">Le lundi de 19h \u00e0 21h30<\/span><\/li>\n<li class=\"font_7\"><span class=\"color_9\">Le mercredi de 19h30 \u00e0 21h30\u00a0\u00a0<\/span><\/li>\n<\/ul>\n<h5 class=\"font_7\"><span class=\"color_9\" style=\"color: #ffcc00\">Jeunes <em>(9\/15ans)<\/em>:<\/span><\/h5>\n<ul>\n<li class=\"font_7\"><span class=\"color_9\">Le mercredi de 18h \u00e0 19h30<\/span><\/li>\n<\/ul>\n<h4 class=\"font_7\"><span class=\"color_9\">L&rsquo;adresse :<\/span><\/h4>\n<p><span class=\"color_9\">Salle de la Corderie &#8211;\u00a0<\/span><span class=\"color_9\">117, rue Jean Mermoz (pr\u00e8s de la piscine) &#8211;\u00a0<\/span><span class=\"color_9\">59920 QUIEVRECHAIN<\/span><\/p>\n<p class=\"font_7\"><span class=\"color_9\">Pour se rendre \u00e0 Qui\u00e9vrechain depuis Lille, prendre l&rsquo;A23 direction Valenciennes.\u00a0<\/span><span class=\"color_9\">Une fois que vous passez Valenciennes, prendre l&rsquo;A2 direction Bruxelles et quitter l&rsquo;autoroute \u00e0 la sortie 25 (Qui\u00e9vrechain).<\/span><\/p>\n","protected":false},"excerpt":{"rendered":"<p>Les entra\u00eenements ont lieu : Adultes (\u00e0 partir de 16ans): Le lundi de 19h \u00e0 21h30 Le mercredi de 19h30 \u00e0 21h30\u00a0\u00a0 Jeunes (9\/15ans): Le mercredi de 18h \u00e0 19h30 L&rsquo;adresse : Salle de la Corderie &#8211;\u00a0117, rue Jean Mermoz (pr\u00e8s de la piscine) &#8211;\u00a059920 QUIEVRECHAIN Pour se rendre \u00e0 Qui\u00e9vrechain depuis Lille, prendre l&rsquo;A23 [&hellip;]<\/p>\n","protected":false},"author":2,"featured_media":0,"parent":0,"menu_order":0,"comment_status":"closed","ping_status":"closed","template":"template-fullwidth.php","meta":{"footnotes":""},"class_list":["post-75","page","type-page","status-publish","hentry"],"yoast_head":"<!-- This site is optimized with the Yoast SEO plugin v23.5 - https:\/\/yoast.com\/wordpress\/plugins\/seo\/ -->\n<title>Les entra\u00eenements, c&#039;est o\u00f9 ? c&#039;est quand ? - Grizzlys du Hainaut<\/title>\n<meta name=\"description\" content=\"Les entra\u00eenements adultes ont lieu tous les lundis de 20 \u00e0 22h et tous les mercredis de 19h30 \u00e0 22h. Pour les jeunes, tous les mercredis de 18h \u00e0 19h30.\" \/>\n<meta name=\"robots\" content=\"index, follow, max-snippet:-1, max-image-preview:large, max-video-preview:-1\" \/>\n<link rel=\"canonical\" href=\"https:\/\/grizzlysduhainaut.fr\/index.php\/les-entrainements\/\" \/>\n<meta property=\"og:locale\" content=\"fr_FR\" \/>\n<meta property=\"og:type\" content=\"article\" \/>\n<meta property=\"og:title\" content=\"Les entra\u00eenements, c&#039;est o\u00f9 ? c&#039;est quand ? - Grizzlys du Hainaut\" \/>\n<meta property=\"og:description\" content=\"Les entra\u00eenements adultes ont lieu tous les lundis de 20 \u00e0 22h et tous les mercredis de 19h30 \u00e0 22h. Pour les jeunes, tous les mercredis de 18h \u00e0 19h30.\" \/>\n<meta property=\"og:url\" content=\"https:\/\/grizzlysduhainaut.fr\/index.php\/les-entrainements\/\" \/>\n<meta property=\"og:site_name\" content=\"Grizzlys du Hainaut\" \/>\n<meta property=\"article:publisher\" content=\"https:\/\/www.facebook.com\/Grizzlys.du.hainaut\/\" \/>\n<meta property=\"article:modified_time\" content=\"2020-08-10T16:05:16+00:00\" \/>\n<meta name=\"twitter:card\" content=\"summary_large_image\" \/>\n<script type=\"application\/ld+json\" class=\"yoast-schema-graph\">{\"@context\":\"https:\/\/schema.org\",\"@graph\":[{\"@type\":\"WebPage\",\"@id\":\"https:\/\/grizzlysduhainaut.fr\/index.php\/les-entrainements\/\",\"url\":\"https:\/\/grizzlysduhainaut.fr\/index.php\/les-entrainements\/\",\"name\":\"Les entra\u00eenements, c'est o\u00f9 ? c'est quand ? - Grizzlys du Hainaut\",\"isPartOf\":{\"@id\":\"https:\/\/grizzlysduhainaut.fr\/#website\"},\"datePublished\":\"2017-05-31T12:33:03+00:00\",\"dateModified\":\"2020-08-10T16:05:16+00:00\",\"description\":\"Les entra\u00eenements adultes ont lieu tous les lundis de 20 \u00e0 22h et tous les mercredis de 19h30 \u00e0 22h. Pour les jeunes, tous les mercredis de 18h \u00e0 19h30.\",\"breadcrumb\":{\"@id\":\"https:\/\/grizzlysduhainaut.fr\/index.php\/les-entrainements\/#breadcrumb\"},\"inLanguage\":\"fr-FR\",\"potentialAction\":[{\"@type\":\"ReadAction\",\"target\":[\"https:\/\/grizzlysduhainaut.fr\/index.php\/les-entrainements\/\"]}]},{\"@type\":\"BreadcrumbList\",\"@id\":\"https:\/\/grizzlysduhainaut.fr\/index.php\/les-entrainements\/#breadcrumb\",\"itemListElement\":[{\"@type\":\"ListItem\",\"position\":1,\"name\":\"Accueil\",\"item\":\"https:\/\/grizzlysduhainaut.fr\/\"},{\"@type\":\"ListItem\",\"position\":2,\"name\":\"LES ENTRAINEMENTS\"}]},{\"@type\":\"WebSite\",\"@id\":\"https:\/\/grizzlysduhainaut.fr\/#website\",\"url\":\"https:\/\/grizzlysduhainaut.fr\/\",\"name\":\"Grizzlys du Hainaut\",\"description\":\"L&#039;\u00e9quipe de Floorball de Qui\u00e9vrechain\",\"potentialAction\":[{\"@type\":\"SearchAction\",\"target\":{\"@type\":\"EntryPoint\",\"urlTemplate\":\"https:\/\/grizzlysduhainaut.fr\/?s={search_term_string}\"},\"query-input\":{\"@type\":\"PropertyValueSpecification\",\"valueRequired\":true,\"valueName\":\"search_term_string\"}}],\"inLanguage\":\"fr-FR\"}]}<\/script>\n<!-- \/ Yoast SEO plugin. -->","yoast_head_json":{"title":"Les entra\u00eenements, c'est o\u00f9 ? c'est quand ? - Grizzlys du Hainaut","description":"Les entra\u00eenements adultes ont lieu tous les lundis de 20 \u00e0 22h et tous les mercredis de 19h30 \u00e0 22h. Pour les jeunes, tous les mercredis de 18h \u00e0 19h30.","robots":{"index":"index","follow":"follow","max-snippet":"max-snippet:-1","max-image-preview":"max-image-preview:large","max-video-preview":"max-video-preview:-1"},"canonical":"https:\/\/grizzlysduhainaut.fr\/index.php\/les-entrainements\/","og_locale":"fr_FR","og_type":"article","og_title":"Les entra\u00eenements, c'est o\u00f9 ? c'est quand ? - Grizzlys du Hainaut","og_description":"Les entra\u00eenements adultes ont lieu tous les lundis de 20 \u00e0 22h et tous les mercredis de 19h30 \u00e0 22h. Pour les jeunes, tous les mercredis de 18h \u00e0 19h30.","og_url":"https:\/\/grizzlysduhainaut.fr\/index.php\/les-entrainements\/","og_site_name":"Grizzlys du Hainaut","article_publisher":"https:\/\/www.facebook.com\/Grizzlys.du.hainaut\/","article_modified_time":"2020-08-10T16:05:16+00:00","twitter_card":"summary_large_image","schema":{"@context":"https:\/\/schema.org","@graph":[{"@type":"WebPage","@id":"https:\/\/grizzlysduhainaut.fr\/index.php\/les-entrainements\/","url":"https:\/\/grizzlysduhainaut.fr\/index.php\/les-entrainements\/","name":"Les entra\u00eenements, c'est o\u00f9 ? c'est quand ? - Grizzlys du Hainaut","isPartOf":{"@id":"https:\/\/grizzlysduhainaut.fr\/#website"},"datePublished":"2017-05-31T12:33:03+00:00","dateModified":"2020-08-10T16:05:16+00:00","description":"Les entra\u00eenements adultes ont lieu tous les lundis de 20 \u00e0 22h et tous les mercredis de 19h30 \u00e0 22h. Pour les jeunes, tous les mercredis de 18h \u00e0 19h30.","breadcrumb":{"@id":"https:\/\/grizzlysduhainaut.fr\/index.php\/les-entrainements\/#breadcrumb"},"inLanguage":"fr-FR","potentialAction":[{"@type":"ReadAction","target":["https:\/\/grizzlysduhainaut.fr\/index.php\/les-entrainements\/"]}]},{"@type":"BreadcrumbList","@id":"https:\/\/grizzlysduhainaut.fr\/index.php\/les-entrainements\/#breadcrumb","itemListElement":[{"@type":"ListItem","position":1,"name":"Accueil","item":"https:\/\/grizzlysduhainaut.fr\/"},{"@type":"ListItem","position":2,"name":"LES ENTRAINEMENTS"}]},{"@type":"WebSite","@id":"https:\/\/grizzlysduhainaut.fr\/#website","url":"https:\/\/grizzlysduhainaut.fr\/","name":"Grizzlys du Hainaut","description":"L&#039;\u00e9quipe de Floorball de Qui\u00e9vrechain","potentialAction":[{"@type":"SearchAction","target":{"@type":"EntryPoint","urlTemplate":"https:\/\/grizzlysduhainaut.fr\/?s={search_term_string}"},"query-input":{"@type":"PropertyValueSpecification","valueRequired":true,"valueName":"search_term_string"}}],"inLanguage":"fr-FR"}]}},"_links":{"self":[{"href":"https:\/\/grizzlysduhainaut.fr\/index.php\/wp-json\/wp\/v2\/pages\/75"}],"collection":[{"href":"https:\/\/grizzlysduhainaut.fr\/index.php\/wp-json\/wp\/v2\/pages"}],"about":[{"href":"https:\/\/grizzlysduhainaut.fr\/index.php\/wp-json\/wp\/v2\/types\/page"}],"author":[{"embeddable":true,"href":"https:\/\/grizzlysduhainaut.fr\/index.php\/wp-json\/wp\/v2\/users\/2"}],"replies":[{"embeddable":true,"href":"https:\/\/grizzlysduhainaut.fr\/index.php\/wp-json\/wp\/v2\/comments?post=75"}],"version-history":[{"count":4,"href":"https:\/\/grizzlysduhainaut.fr\/index.php\/wp-json\/wp\/v2\/pages\/75\/revisions"}],"predecessor-version":[{"id":2496,"href":"https:\/\/grizzlysduhainaut.fr\/index.php\/wp-json\/wp\/v2\/pages\/75\/revisions\/2496"}],"wp:attachment":[{"href":"https:\/\/grizzlysduhainaut.fr\/index.php\/wp-json\/wp\/v2\/media?parent=75"}],"curies":[{"name":"wp","href":"https:\/\/api.w.org\/{rel}","templated":true}]}}